{"id":132633,"date":"2026-01-25T21:06:58","date_gmt":"2026-01-25T20:06:58","guid":{"rendered":"https:\/\/www.orto-bar.com\/?post_type=product&#038;p=132633"},"modified":"2026-05-04T04:27:31","modified_gmt":"2026-05-04T02:27:31","slug":"kreerade-vu","status":"publish","type":"product","link":"https:\/\/www.orto-bar.com\/en\/dogodki\/arhiv\/kreerade-vu\/","title":{"rendered":"Kreera,De Vu"},"content":{"rendered":"<p>Kreera je indie\/alternativna rock skupina, ki je bila ustanovljena leta 2022. Skupino sestavljajo Tia Alfirev (vokali), Bla\u017e \u017dlogar (kitara), Matja\u017e Pogorelec (bas kitara), Leon Pe\u010dari\u010d (bobni) in Anita Eva Pogorelec (klaviature). Zasedba je leta 2023 izdala prvi singel z naslovom \u0160amar, leta 2024 pa EP z naslovom Kreativna Era, ki ga sestavljajo skladbe No\u010d in dan, Sin hudi\u010da in Di\u0161i po pravljici. Med drugim so se predstavili na \u0160kisovi tr\u017enici, v Kino \u0160i\u0161ka, na Majskih igrah na Glasbenemu atlasu in si delili oder s skupinami Tabu, Mrfy, Siddharta, Dan D, Magnificom, Koala Voice, Vazzom, Jet Black Diamonds\u2026 Med svoje dose\u017eke uvr\u0161\u010dajo tudi zmage na raznih glasbenih nate\u010dajih kot je Cityband 2025, \u0160ourock in CMK Studio live Vol. 4. Trenutno Kreera dela na ustvarjanju prvega albuma, katerega izid na\u010drtujejo v pomladi leta 2026.<\/p>\n<p>Povezave do spletnih profilov:<\/p>\n<p>Instagram: <a href=\"https:\/\/www.instagram.com\/kreera_band\/\">https:\/\/www.instagram.com\/kreera_band\/<\/a><\/p>\n<p>Facebook:\u00a0<a href=\"https:\/\/www.facebook.com\/kreeraband\">https:\/\/www.facebook.com\/kreeraband<\/a><\/p>\n<p>Youtube: <a href=\"https:\/\/youtube.com\/@kreeraband?si=zZBdM2wdFKVveTZ2\">https:\/\/youtube.com\/@kreeraband?si=zZBdM2wdFKVveTZ2<\/a><br \/>\nSpotify: <a href=\"https:\/\/open.spotify.com\/artist\/4YHCcECbnb38sCeQWVjyH4?si=RFRUbXPAQVG67NRGMsPkiQ\">https:\/\/open.spotify.com\/artist\/4YHCcECbnb38sCeQWVjyH4?si=RFRUbXPAQVG67NRGMsPkiQ<\/a><\/p>\n<p>De Vu smo pet\u010dlanska indie skupina, katere korenine se razprostirajo ob \u201cdolenjki\u201d od Grosuplja do Novega mesta.<br \/>\nNa\u0161 zvok izhaja iz sanjavega, atmosferi\u010dnega indie rocka, a raznolikost glasbenih okusov posameznih \u010dlanov bend nenehno potiska v raziskovanje in eksperimentiranje onkraj \u017eanrskih okvirov. Kot bend smo se oblikovali v Ljubljani, kjer poteka tudi ve\u010dina na\u0161ega ustvarjanja.<br \/>\nKljub relativno kratkemu obdobju delovanja smo nastopili na \u0161tevilnih koncertih in odrih, med drugim na \u0160kisovi tr\u017enici, Predmajskem \u0161pilu, Lakefestu, v Zorici in Kazzina Jazz Clubu, ter v akusti\u010dni obliki v Lokal Patriotu. Julija 2025 smo izdali svojo prvo skladbo S tabo bi use, ki je naletela na topel odziv poslu\u0161alcev in glasbenih urednikov.<br \/>\nV leto 2026 vstopamo z jasno vizijo, izrazito ambicijo in \u017eeljo po nadaljnji rasti tako na studijskem kot koncertnem odru.<\/p>\n<p>Youtube: <a href=\"https:\/\/youtube.com\/@devuband?si=osXK7OFV2K9RMm-Y\">https:\/\/youtube.com\/@devuband?si=osXK7OFV2K9RMm-Y<\/a><br \/>\nSpotify: <a href=\"https:\/\/open.spotify.com\/artist\/5jhmkjaP2TBI79e7iN0z7d?si=pIj_ScIXSxiF2Gpsnu0C0w\">https:\/\/open.spotify.com\/artist\/5jhmkjaP2TBI79e7iN0z7d?si=pIj_ScIXSxiF2Gpsnu0C0w<\/a><br \/>\nInstagram: <a href=\"https:\/\/www.instagram.com\/devu_band?igsh=MTAybzFma3VscjB2MA==\">https:\/\/www.instagram.com\/devu_band?igsh=MTAybzFma3VscjB2MA==<\/a><\/p>","protected":false},"excerpt":{"rendered":"<p>Kreera je indie\/alternativna rock skupina, ki je bila ustanovljena leta 2022. Skupino sestavljajo Tia Alfirev (vokali), Bla\u017e \u017dlogar (kitara), Matja\u017e Pogorelec (bas kitara), Leon Pe\u010dari\u010d (bobni) in Anita Eva Pogorelec (klaviature). Zasedba je leta 2023 izdala prvi singel z naslovom \u0160amar, leta 2024 pa EP z naslovom Kreativna Era, ki ga sestavljajo skladbe No\u010d in [&hellip;]<\/p>","protected":false},"author":11,"featured_media":132635,"template":"","meta":{"_seopress_robots_primary_cat":"none","_seopress_titles_title":"","_seopress_titles_desc":"","_seopress_robots_index":""},"product_brand":[],"product_cat":[230],"product_tag":[222],"class_list":{"0":"post-132633","1":"product","2":"type-product","3":"status-publish","4":"has-post-thumbnail","6":"product_cat-arhiv","7":"product_tag-predprodaja","9":"entry","10":"has-media","12":"first","13":"instock","14":"virtual","15":"taxable","16":"product-type-simple","17":"has-product-nav","18":"col","19":"span_1_of_4","20":"owp-content-center","21":"item-entry","22":"owp-thumbs-layout-horizontal","23":"owp-btn-normal","24":"owp-tabs-layout-section","25":"has-no-thumbnails"},"publishpress_future_action":{"enabled":false,"date":"2026-05-11 14:27:52","action":"change-status","newStatus":"draft","terms":[],"taxonomy":"product_cat","extraData":[]},"publishpress_future_workflow_manual_trigger":{"enabledWorkflows":[]},"_links":{"self":[{"href":"https:\/\/www.orto-bar.com\/en\/wp-json\/wp\/v2\/product\/132633","targetHints":{"allow":["GET"]}}],"collection":[{"href":"https:\/\/www.orto-bar.com\/en\/wp-json\/wp\/v2\/product"}],"about":[{"href":"https:\/\/www.orto-bar.com\/en\/wp-json\/wp\/v2\/types\/product"}],"author":[{"embeddable":true,"href":"https:\/\/www.orto-bar.com\/en\/wp-json\/wp\/v2\/users\/11"}],"version-history":[{"count":1,"href":"https:\/\/www.orto-bar.com\/en\/wp-json\/wp\/v2\/product\/132633\/revisions"}],"predecessor-version":[{"id":141032,"href":"https:\/\/www.orto-bar.com\/en\/wp-json\/wp\/v2\/product\/132633\/revisions\/141032"}],"wp:featuredmedia":[{"embeddable":true,"href":"https:\/\/www.orto-bar.com\/en\/wp-json\/wp\/v2\/media\/132635"}],"wp:attachment":[{"href":"https:\/\/www.orto-bar.com\/en\/wp-json\/wp\/v2\/media?parent=132633"}],"wp:term":[{"taxonomy":"product_brand","embeddable":true,"href":"https:\/\/www.orto-bar.com\/en\/wp-json\/wp\/v2\/product_brand?post=132633"},{"taxonomy":"product_cat","embeddable":true,"href":"https:\/\/www.orto-bar.com\/en\/wp-json\/wp\/v2\/product_cat?post=132633"},{"taxonomy":"product_tag","embeddable":true,"href":"https:\/\/www.orto-bar.com\/en\/wp-json\/wp\/v2\/product_tag?post=132633"}],"curies":[{"name":"wp","href":"https:\/\/api.w.org\/{rel}","templated":true}]}}