{"id":132729,"date":"2026-01-26T14:05:18","date_gmt":"2026-01-26T13:05:18","guid":{"rendered":"https:\/\/www.orto-bar.com\/?post_type=product&#038;p=132729"},"modified":"2026-03-27T14:15:00","modified_gmt":"2026-03-27T13:15:00","slug":"orto-fest-2026-haiku-garden","status":"publish","type":"product","link":"https:\/\/www.orto-bar.com\/en\/dogodki\/koncerti\/orto-fest-2026-haiku-garden\/","title":{"rendered":"Orto Fest 2026 &#8211; Haiku Garden"},"content":{"rendered":"<p>Skoraj to\u010dno eno leto po predstavitvenem koncertu najnovej\u0161ega albuma Gradient in CELIH DESET LET po prvem izidu (!) EP-ja Waver bodo Haikuji odigral spe\u0161l koncert na Orto festu.<\/p>\n<p>&nbsp;<\/p>\n<p>Doma\u010di prvaki shoegazinga Haiku Garden se aprila vra\u010dajo na oder Orto Bara, kar bo za njih hkrati prvi ljubljanski \u0161pil v letu 2026. Na oder Orta bodo uleteli dobro ogreti, saj bo Ljubljana pravzaprav ena od postojank njihove spomladanske turneje; marca se jim obeta nekaj datumov v Nem\u010diji, na \u010ce\u0161kem in Hrva\u0161kem, maja pa \u0161e en hiter skok\u00a0v Var\u0161avo.<\/p>\n<p>&nbsp;<\/p>\n<p>Kaj pri\u010dakovati na koncertu??<\/p>\n<p>&#8211; trenutno so sredi snemanja novega albuma, zato bodo premierno zaigrali tudi kako so\u010dno noviteto<\/p>\n<p>&#8211; veliko materiala z Gradienta seveda<\/p>\n<p>++ ker je ravno 10 let, mogo\u010de \u0161e kak dodaten biser\u010dek z Waverja<\/p>\n<p>&nbsp;<\/p>\n<p>Poslu\u0161aj &amp; poglej live session \u27a4\u00a0<a href=\"https:\/\/www.youtube.com\/watch?v=0bs27lv0Ql4\">https:\/\/www.youtube.com\/watch?v=0bs27lv0Ql4<\/a><\/p>\n<p>&nbsp;<\/p>\n<p>Pridi na prvi in do nadaljnjega EDINI ljubljanski \u0161pil Haikujev v leto\u0161njem letu.<\/p>\n<p>&#8212;&#8211;<\/p>\n<p><em>Haiku Garden <\/em>so znanci doma\u010dih in tujih odrov in neodvisne zalo\u017ebe KAPA Records \u017ee vse od prvega EP-ja Waver (2016) ter debitantske plo\u0161\u010de Where If Not Now (2018). Tej je sledil album Iz\u0161tekani pri ZKP RTV Slo (2020) ter zatem album Loose Contacts \/ Tense Present (2022). Z najnovej\u0161im albumom Gradient (2025), pa je njihova glasba prvi\u010d zazvenela v sloven\u0161\u010dini. Svojim prvotnim vplivom so tekom let dodali \u0161e sve\u017eino psihedeli\u010dnega popa, post-panka, gara\u017enega rocka in krautrocka, nepogre\u0161ljiv pa je njihov zvok mastnih, fuzzy kitar ter nareverbanih vokalov. S svojo disciplino in strastjo po nastopanju v \u017eivo so tekom desetletnega obstoja prekri\u017earili in preigrali Slovenijo kot tudi Evropo \u017ee po dolgem in po\u0161rek, z nastopi vse od \u0160panije, Velike Britanije, Litve in \u0161e veliko drugih.<\/p>\n<p>&nbsp;<\/p>\n<p>Poslu\u0161aj\u00a0\u27a4\u00a0<a href=\"https:\/\/www.youtube.com\/watch?v=DEqPG7rCx64\">https:\/\/www.youtube.com\/watch?v=DEqPG7rCx64<\/a><\/p>\n<p>&nbsp;<\/p>","protected":false},"excerpt":{"rendered":"<p>Skoraj to\u010dno eno leto po predstavitvenem koncertu najnovej\u0161ega albuma Gradient in CELIH DESET LET po prvem izidu (!) EP-ja Waver bodo Haikuji odigral spe\u0161l koncert na Orto festu. &nbsp; Doma\u010di prvaki shoegazinga Haiku Garden se aprila vra\u010dajo na oder Orto Bara, kar bo za njih hkrati prvi ljubljanski \u0161pil v letu 2026. Na oder Orta [&hellip;]<\/p>","protected":false},"author":11,"featured_media":132735,"template":"","meta":{"_seopress_robots_primary_cat":"none","_seopress_titles_title":"","_seopress_titles_desc":"","_seopress_robots_index":""},"product_brand":[],"product_cat":[226,233],"product_tag":[222],"class_list":{"0":"post-132729","1":"product","2":"type-product","3":"status-publish","4":"has-post-thumbnail","6":"product_cat-koncerti","7":"product_cat-orto-fest","8":"product_tag-predprodaja","10":"entry","11":"has-media","13":"first","14":"instock","15":"virtual","16":"taxable","17":"product-type-simple","18":"has-product-nav","19":"col","20":"span_1_of_4","21":"owp-content-center","22":"item-entry","23":"owp-thumbs-layout-horizontal","24":"owp-btn-normal","25":"owp-tabs-layout-section","26":"has-no-thumbnails"},"publishpress_future_action":{"enabled":true,"date":"2026-04-24 01:05:00","action":"category","newStatus":"draft","terms":[230],"taxonomy":"product_cat","extraData":[]},"publishpress_future_workflow_manual_trigger":{"enabledWorkflows":[]},"_links":{"self":[{"href":"https:\/\/www.orto-bar.com\/en\/wp-json\/wp\/v2\/product\/132729","targetHints":{"allow":["GET"]}}],"collection":[{"href":"https:\/\/www.orto-bar.com\/en\/wp-json\/wp\/v2\/product"}],"about":[{"href":"https:\/\/www.orto-bar.com\/en\/wp-json\/wp\/v2\/types\/product"}],"author":[{"embeddable":true,"href":"https:\/\/www.orto-bar.com\/en\/wp-json\/wp\/v2\/users\/11"}],"version-history":[{"count":1,"href":"https:\/\/www.orto-bar.com\/en\/wp-json\/wp\/v2\/product\/132729\/revisions"}],"predecessor-version":[{"id":144939,"href":"https:\/\/www.orto-bar.com\/en\/wp-json\/wp\/v2\/product\/132729\/revisions\/144939"}],"wp:featuredmedia":[{"embeddable":true,"href":"https:\/\/www.orto-bar.com\/en\/wp-json\/wp\/v2\/media\/132735"}],"wp:attachment":[{"href":"https:\/\/www.orto-bar.com\/en\/wp-json\/wp\/v2\/media?parent=132729"}],"wp:term":[{"taxonomy":"product_brand","embeddable":true,"href":"https:\/\/www.orto-bar.com\/en\/wp-json\/wp\/v2\/product_brand?post=132729"},{"taxonomy":"product_cat","embeddable":true,"href":"https:\/\/www.orto-bar.com\/en\/wp-json\/wp\/v2\/product_cat?post=132729"},{"taxonomy":"product_tag","embeddable":true,"href":"https:\/\/www.orto-bar.com\/en\/wp-json\/wp\/v2\/product_tag?post=132729"}],"curies":[{"name":"wp","href":"https:\/\/api.w.org\/{rel}","templated":true}]}}