{"id":132746,"date":"2026-01-26T14:19:03","date_gmt":"2026-01-26T13:19:03","guid":{"rendered":"https:\/\/www.orto-bar.com\/?post_type=product&#038;p=132746"},"modified":"2026-04-16T19:13:28","modified_gmt":"2026-04-16T17:13:28","slug":"orto-fest-2026-gusti","status":"publish","type":"product","link":"https:\/\/www.orto-bar.com\/en\/dogodki\/koncerti\/orto-fest-2026-gusti\/","title":{"rendered":"Orto Fest 2026 &#8211; Gu\u0161ti"},"content":{"rendered":"<p><span style=\"font-weight: 400;\">Gu\u0161ti v Orto prihaja z bendom, ki ve, kaj dela. Prekaljeni glasbeniki iz vrsti Bad Notion in Profesorjih Bluesa. Razturajo. Gu\u0161ti pa poje svoje. Napisal je Led s severa. Napisal je Nisem ve\u010d s tabo. Napisal je komad iz Na\u0161e male klinike.<\/span><\/p>\n<p><span style=\"font-weight: 400;\">Neko\u010d bolj znan kot mo\u0161ka polovica dueta Gu\u0161ti in Polona, danes stalno dela novo muziko in ne popu\u0161\u010da. Na odru Orto Bara bo odigral tudi \u010disto nov material.<\/span><\/p>\n<p><span style=\"font-weight: 400;\">Pridi. Spij pivo. Fajn se imej.<\/span><\/p>","protected":false},"excerpt":{"rendered":"<p>Gu\u0161ti v Orto prihaja z bendom, ki ve, kaj dela. Prekaljeni glasbeniki iz vrsti Bad Notion in Profesorjih Bluesa. Razturajo. Gu\u0161ti pa poje svoje. Napisal je Led s severa. Napisal je Nisem ve\u010d s tabo. Napisal je komad iz Na\u0161e male klinike. Neko\u010d bolj znan kot mo\u0161ka polovica dueta Gu\u0161ti in Polona, danes stalno dela [&hellip;]<\/p>","protected":false},"author":11,"featured_media":132747,"template":"","meta":{"_seopress_robots_primary_cat":"none","_seopress_titles_title":"","_seopress_titles_desc":"","_seopress_robots_index":""},"product_brand":[],"product_cat":[226,233],"product_tag":[222],"class_list":{"0":"post-132746","1":"product","2":"type-product","3":"status-publish","4":"has-post-thumbnail","6":"product_cat-koncerti","7":"product_cat-orto-fest","8":"product_tag-predprodaja","10":"entry","11":"has-media","13":"first","14":"instock","15":"virtual","16":"taxable","17":"purchasable","18":"product-type-simple","19":"has-product-nav","20":"col","21":"span_1_of_4","22":"owp-content-center","23":"item-entry","24":"owp-thumbs-layout-horizontal","25":"owp-btn-normal","26":"owp-tabs-layout-section","27":"has-no-thumbnails"},"publishpress_future_action":{"enabled":true,"date":"2026-04-17 01:20:00","action":"category","newStatus":"draft","terms":[230,194],"taxonomy":"product_cat","extraData":[]},"publishpress_future_workflow_manual_trigger":{"enabledWorkflows":[]},"_links":{"self":[{"href":"https:\/\/www.orto-bar.com\/en\/wp-json\/wp\/v2\/product\/132746","targetHints":{"allow":["GET"]}}],"collection":[{"href":"https:\/\/www.orto-bar.com\/en\/wp-json\/wp\/v2\/product"}],"about":[{"href":"https:\/\/www.orto-bar.com\/en\/wp-json\/wp\/v2\/types\/product"}],"author":[{"embeddable":true,"href":"https:\/\/www.orto-bar.com\/en\/wp-json\/wp\/v2\/users\/11"}],"version-history":[{"count":1,"href":"https:\/\/www.orto-bar.com\/en\/wp-json\/wp\/v2\/product\/132746\/revisions"}],"predecessor-version":[{"id":142022,"href":"https:\/\/www.orto-bar.com\/en\/wp-json\/wp\/v2\/product\/132746\/revisions\/142022"}],"wp:featuredmedia":[{"embeddable":true,"href":"https:\/\/www.orto-bar.com\/en\/wp-json\/wp\/v2\/media\/132747"}],"wp:attachment":[{"href":"https:\/\/www.orto-bar.com\/en\/wp-json\/wp\/v2\/media?parent=132746"}],"wp:term":[{"taxonomy":"product_brand","embeddable":true,"href":"https:\/\/www.orto-bar.com\/en\/wp-json\/wp\/v2\/product_brand?post=132746"},{"taxonomy":"product_cat","embeddable":true,"href":"https:\/\/www.orto-bar.com\/en\/wp-json\/wp\/v2\/product_cat?post=132746"},{"taxonomy":"product_tag","embeddable":true,"href":"https:\/\/www.orto-bar.com\/en\/wp-json\/wp\/v2\/product_tag?post=132746"}],"curies":[{"name":"wp","href":"https:\/\/api.w.org\/{rel}","templated":true}]}}