{"id":133128,"date":"2026-01-28T10:25:08","date_gmt":"2026-01-28T09:25:08","guid":{"rendered":"https:\/\/www.orto-bar.com\/?post_type=product&#038;p=133128"},"modified":"2026-03-29T17:39:47","modified_gmt":"2026-03-29T15:39:47","slug":"orto-fest-2026-challe-salle","status":"publish","type":"product","link":"https:\/\/www.orto-bar.com\/en\/dogodki\/arhiv\/orto-fest-2026-challe-salle\/","title":{"rendered":"Orto Fest 2026 &#8211; Challe Salle"},"content":{"rendered":"<p>Challe Salle po izidu novega albuma <strong>LEVEL PRO<\/strong> prvi\u010d prihaja na <strong>Orto Fest<\/strong>\u00a0z ekskluzivnim klubskim koncertom, kjer bo v ospredju mo\u010dna energija, glasba brez filtrov in neposreden stik z ob\u010dinstvom.<\/p>\n<p>Challe Salle \u017ee ve\u010d kot 15 let zaznamuje slovensko glasbeno sceno z edinstveno me\u0161anico rapa, popa in sodobnih urbanih zvokov. S svojo avtenti\u010dnostjo, nalezljivimi refreni in iskrenimi besedili je postal glas generacij, ki cenijo tako zabavo kot prava sporo\u010dila. Uspe\u0161nice <strong>Lagano, Poln kufer, Gud vajb, Legenda, To je to, Ona je kur*a, Kensl, TATA<\/strong> in \u0161tevilne druge so ga uveljavile kot eno najbolj prepoznavnih imen slovenske glasbene scene.<\/p>\n<p>Na koncertu v Orto Baru boste obiskovalci prvi\u010d v \u017eivo sli\u0161ali sve\u017ee skladbe z novega albuma <strong>LEVEL PRO<\/strong>, hkrati pa bo Challe posegel tudi po svojih OG komadih, ki so zaznamovali za\u010detek njegove kariere in \u0161e danes navdu\u0161ujejo publiko. To ne bo retrospektiva in obi\u010dajen koncert. Gre za poseben ve\u010der, kjer se bosta stara \u0161ola in nova era sre\u010dali na istem odru.<\/p>\n<p>\ud83d\udcc5 <strong>Sreda, 1. 4. 2026 ob 20.00<\/strong><br \/>\n\ud83d\udccd <strong>Orto Bar \u2013 Ljubljana (Grablovi\u010deva ulica 1, 1000 Ljubljana) <\/strong><\/p>\n<p><strong>\ud83c\udf9f\ufe0f NAJCENEJ\u0160E VSTOPNICE \u017ee na voljo v predprodaji. Na dan dogodka: 25\u20ac\u00a0<\/strong><\/p>\n<p>\u2139\ufe0f <strong>Dodatne informacije:<\/strong><br \/>\n\u2022 Odprtje vrat ob 19.00<br \/>\n\u2022 Dogodek je primeren tudi za mladoletne obiskovalce v spremstvu star\u0161ev ali skrbnikov<br \/>\n\u2022 Za mladoletne je priporo\u010dena uporaba za\u0161\u010dite sluha<\/p>","protected":false},"excerpt":{"rendered":"<p>Challe Salle po izidu novega albuma LEVEL PRO prvi\u010d prihaja na Orto Fest\u00a0z ekskluzivnim klubskim koncertom, kjer bo v ospredju mo\u010dna energija, glasba brez filtrov in neposreden stik z ob\u010dinstvom. Challe Salle \u017ee ve\u010d kot 15 let zaznamuje slovensko glasbeno sceno z edinstveno me\u0161anico rapa, popa in sodobnih urbanih zvokov. S svojo avtenti\u010dnostjo, nalezljivimi refreni [&hellip;]<\/p>","protected":false},"author":11,"featured_media":133129,"template":"","meta":{"_seopress_robots_primary_cat":"none","_seopress_titles_title":"","_seopress_titles_desc":"","_seopress_robots_index":""},"product_brand":[],"product_cat":[230],"product_tag":[222],"class_list":{"0":"post-133128","1":"product","2":"type-product","3":"status-publish","4":"has-post-thumbnail","6":"product_cat-arhiv","7":"product_tag-predprodaja","9":"entry","10":"has-media","12":"first","13":"instock","14":"virtual","15":"taxable","16":"product-type-simple","17":"has-product-nav","18":"col","19":"span_1_of_4","20":"owp-content-center","21":"item-entry","22":"owp-thumbs-layout-horizontal","23":"owp-btn-normal","24":"owp-tabs-layout-section","25":"has-no-thumbnails"},"publishpress_future_action":{"enabled":false,"date":"2026-05-11 16:37:23","action":"change-status","newStatus":"draft","terms":[],"taxonomy":"product_cat","extraData":[]},"publishpress_future_workflow_manual_trigger":{"enabledWorkflows":[]},"_links":{"self":[{"href":"https:\/\/www.orto-bar.com\/en\/wp-json\/wp\/v2\/product\/133128","targetHints":{"allow":["GET"]}}],"collection":[{"href":"https:\/\/www.orto-bar.com\/en\/wp-json\/wp\/v2\/product"}],"about":[{"href":"https:\/\/www.orto-bar.com\/en\/wp-json\/wp\/v2\/types\/product"}],"author":[{"embeddable":true,"href":"https:\/\/www.orto-bar.com\/en\/wp-json\/wp\/v2\/users\/11"}],"version-history":[{"count":2,"href":"https:\/\/www.orto-bar.com\/en\/wp-json\/wp\/v2\/product\/133128\/revisions"}],"predecessor-version":[{"id":145265,"href":"https:\/\/www.orto-bar.com\/en\/wp-json\/wp\/v2\/product\/133128\/revisions\/145265"}],"wp:featuredmedia":[{"embeddable":true,"href":"https:\/\/www.orto-bar.com\/en\/wp-json\/wp\/v2\/media\/133129"}],"wp:attachment":[{"href":"https:\/\/www.orto-bar.com\/en\/wp-json\/wp\/v2\/media?parent=133128"}],"wp:term":[{"taxonomy":"product_brand","embeddable":true,"href":"https:\/\/www.orto-bar.com\/en\/wp-json\/wp\/v2\/product_brand?post=133128"},{"taxonomy":"product_cat","embeddable":true,"href":"https:\/\/www.orto-bar.com\/en\/wp-json\/wp\/v2\/product_cat?post=133128"},{"taxonomy":"product_tag","embeddable":true,"href":"https:\/\/www.orto-bar.com\/en\/wp-json\/wp\/v2\/product_tag?post=133128"}],"curies":[{"name":"wp","href":"https:\/\/api.w.org\/{rel}","templated":true}]}}