{"id":133434,"date":"2026-01-29T13:57:54","date_gmt":"2026-01-29T12:57:54","guid":{"rendered":"https:\/\/www.orto-bar.com\/?post_type=product&#038;p=133434"},"modified":"2026-05-03T04:26:40","modified_gmt":"2026-05-03T02:26:40","slug":"orto-fest-2026-slon-in-sadez","status":"publish","type":"product","link":"https:\/\/www.orto-bar.com\/en\/dogodki\/arhiv\/orto-fest-2026-slon-in-sadez\/","title":{"rendered":"Orto Fest 2026 &#8211; Slon in Sade\u017e"},"content":{"rendered":"<p>Umetni\u0161ko pogro\u0161ni kolektiv Slon in Sade\u017e vabi na letno merico hrupa, \u0161tosov in nepotrebne komunikacije z ob\u010dinstvom v sklopu festivala ORTOFEST.<\/p>\n<p>Rokenrol kvintet srednjih let obljublja divje sola\u017ee, udoma\u010denega bobnarja, \u017eivo glasbo v \u017eivo, nastop, ki trga gate in basista, ki trga strune, mini-frontmena, utripajo\u010de lu\u010di, ve\u010der poln zabave in prazen smisla ter humor in pivo na meji dobrega okusa.<\/p>\n<p>&nbsp;<\/p>\n<p>Prireditev se bo odvila v Veliki diamantni dvorani kluba Orto bar, v sredo, 15. aprila.<\/p>\n<p>&nbsp;<\/p>\n<p>Kot lastna predskupina bo nastopila skupina Slon in Sade\u017e.<\/p>\n<p>&nbsp;<\/p>","protected":false},"excerpt":{"rendered":"<p>Umetni\u0161ko pogro\u0161ni kolektiv Slon in Sade\u017e vabi na letno merico hrupa, \u0161tosov in nepotrebne komunikacije z ob\u010dinstvom v sklopu festivala ORTOFEST. Rokenrol kvintet srednjih let obljublja divje sola\u017ee, udoma\u010denega bobnarja, \u017eivo glasbo v \u017eivo, nastop, ki trga gate in basista, ki trga strune, mini-frontmena, utripajo\u010de lu\u010di, ve\u010der poln zabave in prazen smisla ter humor in [&hellip;]<\/p>","protected":false},"author":11,"featured_media":133435,"template":"","meta":{"_seopress_robots_primary_cat":"none","_seopress_titles_title":"","_seopress_titles_desc":"","_seopress_robots_index":""},"product_brand":[],"product_cat":[230],"product_tag":[222],"class_list":{"0":"post-133434","1":"product","2":"type-product","3":"status-publish","4":"has-post-thumbnail","6":"product_cat-arhiv","7":"product_tag-predprodaja","9":"entry","10":"has-media","12":"first","13":"outofstock","14":"virtual","15":"taxable","16":"product-type-simple","17":"has-product-nav","18":"col","19":"span_1_of_4","20":"owp-content-center","21":"item-entry","22":"owp-thumbs-layout-horizontal","23":"owp-btn-normal","24":"owp-tabs-layout-section","25":"has-no-thumbnails"},"publishpress_future_action":{"enabled":false,"date":"2026-05-10 14:57:36","action":"change-status","newStatus":"draft","terms":[],"taxonomy":"product_cat","extraData":[]},"publishpress_future_workflow_manual_trigger":{"enabledWorkflows":[]},"_links":{"self":[{"href":"https:\/\/www.orto-bar.com\/en\/wp-json\/wp\/v2\/product\/133434","targetHints":{"allow":["GET"]}}],"collection":[{"href":"https:\/\/www.orto-bar.com\/en\/wp-json\/wp\/v2\/product"}],"about":[{"href":"https:\/\/www.orto-bar.com\/en\/wp-json\/wp\/v2\/types\/product"}],"author":[{"embeddable":true,"href":"https:\/\/www.orto-bar.com\/en\/wp-json\/wp\/v2\/users\/11"}],"version-history":[{"count":1,"href":"https:\/\/www.orto-bar.com\/en\/wp-json\/wp\/v2\/product\/133434\/revisions"}],"predecessor-version":[{"id":143393,"href":"https:\/\/www.orto-bar.com\/en\/wp-json\/wp\/v2\/product\/133434\/revisions\/143393"}],"wp:featuredmedia":[{"embeddable":true,"href":"https:\/\/www.orto-bar.com\/en\/wp-json\/wp\/v2\/media\/133435"}],"wp:attachment":[{"href":"https:\/\/www.orto-bar.com\/en\/wp-json\/wp\/v2\/media?parent=133434"}],"wp:term":[{"taxonomy":"product_brand","embeddable":true,"href":"https:\/\/www.orto-bar.com\/en\/wp-json\/wp\/v2\/product_brand?post=133434"},{"taxonomy":"product_cat","embeddable":true,"href":"https:\/\/www.orto-bar.com\/en\/wp-json\/wp\/v2\/product_cat?post=133434"},{"taxonomy":"product_tag","embeddable":true,"href":"https:\/\/www.orto-bar.com\/en\/wp-json\/wp\/v2\/product_tag?post=133434"}],"curies":[{"name":"wp","href":"https:\/\/api.w.org\/{rel}","templated":true}]}}