{"id":133444,"date":"2026-01-29T15:13:49","date_gmt":"2026-01-29T14:13:49","guid":{"rendered":"https:\/\/www.orto-bar.com\/?post_type=product&#038;p=133444"},"modified":"2026-05-04T04:27:31","modified_gmt":"2026-05-04T02:27:31","slug":"interno-strah-in-zelje","status":"publish","type":"product","link":"https:\/\/www.orto-bar.com\/en\/dogodki\/arhiv\/interno-strah-in-zelje\/","title":{"rendered":"INTERN\u00d8, Strah in Zelje"},"content":{"rendered":"<p>INTERN\u00d8 zasedba deluje od leta 2018 kot projekt glasbenih entuziastov s preve\u010d prostega \u010dasa. Leta 2022 so se ustalili kot udarni trio \u2013 Borko na kitari in vokalu, Toma\u017e na basu in drugem vokalu ter Maks na bobnih in tretjem vokalu. \u010clani imajo korenine v razli\u010dnih glasbenih \u017eanrih, ki so sooblikovali njihov zvok, vendar je bila odlo\u010ditev za pank-rock soglasna \u017ee od samega nastanka.<\/p>\n<p>Strah in Zelje je alternativni rock bend iz Ljubljane, katerega glasbeni izraz zdru\u017euje energijo sodobnega rocka in raznolikost alternativnih vplivov \u2013 od melodi\u010dnih pasa\u017e do surovih rifov in intenzivne odrske prezence. \u010clani skupine so izku\u0161eni glasbeniki, kaljeni na slovenskih odrih in tudi \u0161ir\u0161e, zato njihov nastop vedno temelji na dobrem zvoku, energiji in povezavi z ob\u010dinstvom.<\/p>","protected":false},"excerpt":{"rendered":"<p>INTERN\u00d8 zasedba deluje od leta 2018 kot projekt glasbenih entuziastov s preve\u010d prostega \u010dasa. Leta 2022 so se ustalili kot udarni trio \u2013 Borko na kitari in vokalu, Toma\u017e na basu in drugem vokalu ter Maks na bobnih in tretjem vokalu. \u010clani imajo korenine v razli\u010dnih glasbenih \u017eanrih, ki so sooblikovali njihov zvok, vendar je [&hellip;]<\/p>","protected":false},"author":11,"featured_media":133481,"template":"","meta":{"_seopress_robots_primary_cat":"none","_seopress_titles_title":"","_seopress_titles_desc":"","_seopress_robots_index":""},"product_brand":[],"product_cat":[230],"product_tag":[222],"class_list":{"0":"post-133444","1":"product","2":"type-product","3":"status-publish","4":"has-post-thumbnail","6":"product_cat-arhiv","7":"product_tag-predprodaja","9":"entry","10":"has-media","12":"first","13":"instock","14":"virtual","15":"taxable","16":"product-type-simple","17":"has-product-nav","18":"col","19":"span_1_of_4","20":"owp-content-center","21":"item-entry","22":"owp-thumbs-layout-horizontal","23":"owp-btn-normal","24":"owp-tabs-layout-section","25":"has-no-thumbnails"},"publishpress_future_action":{"enabled":false,"date":"2026-05-11 13:30:26","action":"change-status","newStatus":"draft","terms":[],"taxonomy":"product_cat","extraData":[]},"publishpress_future_workflow_manual_trigger":{"enabledWorkflows":[]},"_links":{"self":[{"href":"https:\/\/www.orto-bar.com\/en\/wp-json\/wp\/v2\/product\/133444","targetHints":{"allow":["GET"]}}],"collection":[{"href":"https:\/\/www.orto-bar.com\/en\/wp-json\/wp\/v2\/product"}],"about":[{"href":"https:\/\/www.orto-bar.com\/en\/wp-json\/wp\/v2\/types\/product"}],"author":[{"embeddable":true,"href":"https:\/\/www.orto-bar.com\/en\/wp-json\/wp\/v2\/users\/11"}],"version-history":[{"count":0,"href":"https:\/\/www.orto-bar.com\/en\/wp-json\/wp\/v2\/product\/133444\/revisions"}],"wp:featuredmedia":[{"embeddable":true,"href":"https:\/\/www.orto-bar.com\/en\/wp-json\/wp\/v2\/media\/133481"}],"wp:attachment":[{"href":"https:\/\/www.orto-bar.com\/en\/wp-json\/wp\/v2\/media?parent=133444"}],"wp:term":[{"taxonomy":"product_brand","embeddable":true,"href":"https:\/\/www.orto-bar.com\/en\/wp-json\/wp\/v2\/product_brand?post=133444"},{"taxonomy":"product_cat","embeddable":true,"href":"https:\/\/www.orto-bar.com\/en\/wp-json\/wp\/v2\/product_cat?post=133444"},{"taxonomy":"product_tag","embeddable":true,"href":"https:\/\/www.orto-bar.com\/en\/wp-json\/wp\/v2\/product_tag?post=133444"}],"curies":[{"name":"wp","href":"https:\/\/api.w.org\/{rel}","templated":true}]}}