{"id":133638,"date":"2026-01-30T11:14:24","date_gmt":"2026-01-30T10:14:24","guid":{"rendered":"https:\/\/www.orto-bar.com\/?post_type=product&#038;p=133638"},"modified":"2026-05-06T04:29:08","modified_gmt":"2026-05-06T02:29:08","slug":"orto-fest-2026-eightbomb","status":"publish","type":"product","link":"https:\/\/www.orto-bar.com\/en\/dogodki\/arhiv\/orto-fest-2026-eightbomb\/","title":{"rendered":"Orto Fest 2026 &#8211; EightBomb"},"content":{"rendered":"<p>&nbsp;<\/p>\n<p>EightBomb se vra\u010da na oder Orto bara, tokrat v okviru Orto festa.<\/p>\n<p>&nbsp;<\/p>\n<p>Nazadnje smo fante iz zasedbe EIGHTBOMB lahko v Ortu sli\u0161ali in videli na lanskem Orto Festu. Ker je njihova odrska energija tako nalezljiva, smo se odlo\u010dili, da bombasti\u010dno rock&#8217;n&#8217;roll \u017eurko letos ponovimo.<\/p>\n<p>&nbsp;<\/p>\n<p>Diskografija \u201coriginalnega in ne tradicionalnega Rock\u2019n\u2019rolla, kot EightBomb do\u017eivlja svojo glasbo, obsega 5 studijskih albumov ter en \u201clive\u201d album. Njihove melodi\u010dne in aran\u017eersko bogate skladbe pa so bile izdane tudi na ve\u010d kompilacijah rockabilly \/ psychobilly \/ punk \u017eanrov.<\/p>\n<p>&nbsp;<\/p>\n<p>Stari ma\u010dki slovenske rocknroll in rockabilly scene so znani po podivjanih koncertih, za\u010dinjenih z mladostno energijo rocknrolla petdesetih in neobilly-ja 80-ih let, od koder tudi \u010drpajo navdih za svojo glasbo.<\/p>\n<p>&nbsp;<\/p>\n<p>Vabljeni v petek, 24.4.2025 v Orto bar na rock&#8217;n&#8217;roll \u017eurko z EIGHTBOMB.<\/p>\n<p>&nbsp;<\/p>\n<p>You tube: EightBomb &#8211; Wicked Game <a href=\"https:\/\/www.youtube.com\/watch?v=bVIdj4l5iO8\">https:\/\/www.youtube.com\/watch?v=bVIdj4l5iO8<\/a><\/p>\n<p>&nbsp;<\/p>\n<p>FB stran : <a href=\"https:\/\/www.facebook.com\/8Bomb\/\">https:\/\/www.facebook.com\/8Bomb\/<\/a><\/p>","protected":false},"excerpt":{"rendered":"<p>&nbsp; EightBomb se vra\u010da na oder Orto bara, tokrat v okviru Orto festa. &nbsp; Nazadnje smo fante iz zasedbe EIGHTBOMB lahko v Ortu sli\u0161ali in videli na lanskem Orto Festu. Ker je njihova odrska energija tako nalezljiva, smo se odlo\u010dili, da bombasti\u010dno rock&#8217;n&#8217;roll \u017eurko letos ponovimo. &nbsp; Diskografija \u201coriginalnega in ne tradicionalnega Rock\u2019n\u2019rolla, kot EightBomb [&hellip;]<\/p>","protected":false},"author":11,"featured_media":133639,"template":"","meta":{"_seopress_robots_primary_cat":"none","_seopress_titles_title":"","_seopress_titles_desc":"","_seopress_robots_index":""},"product_brand":[],"product_cat":[230],"product_tag":[222],"class_list":{"0":"post-133638","1":"product","2":"type-product","3":"status-publish","4":"has-post-thumbnail","6":"product_cat-arhiv","7":"product_tag-predprodaja","9":"entry","10":"has-media","12":"first","13":"instock","14":"virtual","15":"taxable","16":"product-type-simple","17":"has-product-nav","18":"col","19":"span_1_of_4","20":"owp-content-center","21":"item-entry","22":"owp-thumbs-layout-horizontal","23":"owp-btn-normal","24":"owp-tabs-layout-section","25":"has-no-thumbnails"},"publishpress_future_action":{"enabled":false,"date":"2026-05-13 14:55:00","action":"change-status","newStatus":"draft","terms":[],"taxonomy":"product_cat","extraData":[]},"publishpress_future_workflow_manual_trigger":{"enabledWorkflows":[]},"_links":{"self":[{"href":"https:\/\/www.orto-bar.com\/en\/wp-json\/wp\/v2\/product\/133638","targetHints":{"allow":["GET"]}}],"collection":[{"href":"https:\/\/www.orto-bar.com\/en\/wp-json\/wp\/v2\/product"}],"about":[{"href":"https:\/\/www.orto-bar.com\/en\/wp-json\/wp\/v2\/types\/product"}],"author":[{"embeddable":true,"href":"https:\/\/www.orto-bar.com\/en\/wp-json\/wp\/v2\/users\/11"}],"version-history":[{"count":0,"href":"https:\/\/www.orto-bar.com\/en\/wp-json\/wp\/v2\/product\/133638\/revisions"}],"wp:featuredmedia":[{"embeddable":true,"href":"https:\/\/www.orto-bar.com\/en\/wp-json\/wp\/v2\/media\/133639"}],"wp:attachment":[{"href":"https:\/\/www.orto-bar.com\/en\/wp-json\/wp\/v2\/media?parent=133638"}],"wp:term":[{"taxonomy":"product_brand","embeddable":true,"href":"https:\/\/www.orto-bar.com\/en\/wp-json\/wp\/v2\/product_brand?post=133638"},{"taxonomy":"product_cat","embeddable":true,"href":"https:\/\/www.orto-bar.com\/en\/wp-json\/wp\/v2\/product_cat?post=133638"},{"taxonomy":"product_tag","embeddable":true,"href":"https:\/\/www.orto-bar.com\/en\/wp-json\/wp\/v2\/product_tag?post=133638"}],"curies":[{"name":"wp","href":"https:\/\/api.w.org\/{rel}","templated":true}]}}