{"id":133648,"date":"2026-01-30T11:27:05","date_gmt":"2026-01-30T10:27:05","guid":{"rendered":"https:\/\/www.orto-bar.com\/?post_type=product&#038;p=133648"},"modified":"2026-05-04T04:27:31","modified_gmt":"2026-05-04T02:27:31","slug":"orto-fest-2026-happy-ol-mcweasel","status":"publish","type":"product","link":"https:\/\/www.orto-bar.com\/en\/dogodki\/arhiv\/orto-fest-2026-happy-ol-mcweasel\/","title":{"rendered":"Orto Fest 2026 &#8211; Happy Ol\u2019 McWeasel"},"content":{"rendered":"<p>&nbsp;<\/p>\n<p>Happy Ol&#8217; McWeasel je folk punk rock band, ki s svojim nepozabnim, neprekosljivim \u0161us repertoarjem navdu\u0161uje \u017ee ve\u010d kot 16 let. Iz njihovih slovensko &#8211; irskih korenin je zrastel polnokrvni folk punk rock sestav z izvrstnim koncertnim renomejem in unikatno avtorsko glasbo. Do danes je skupina izdala petnajst singlov, trinajst videospotov in tri studijske albume. Prvenec &#8216;No Offence&#8217; (2012) je najprej zmuziciral mariborske \u0161anke in klube ter zlagoma od\u017eejal Slovenijo, njegov naslednik &#8216;Heard Ya Say!&#8217; (2015), ki je visokolete\u010de ponesel skupino dokon\u010dno tudi na odre po Evropi. V letu 2023 so izdali tretjega &#8216;Such is Life&#8217;: stilsko prepoznaven, Vizlovski, a hkrati poln sve\u017eine, novih glasbenih teritorijev in izzivov, prina\u0161a 13 skladb, med njimi &#8216;Last Good Chance&#8217;, &#8216;Mickey Lad&#8217;, &#8216;See You Tomorrow&#8217;, &#8216;Break Them Bones&#8217; in &#8216;100 Years\u2019. Prva dva albuma je za japonski trg izdala glasbeno trgovinska hi\u0161a The Tower Records in zalo\u017eba Uncle Owen Records Utd, leta 2014 je hollywoodski studio Century Fox za CBSovo TV serijo The Crazy Ones, z Robinom Williamsom in Sarah Michelle Gellar, kot soundtrack uporabil njihovo priredbo tradicionalne irske pesmi Danny Boy, slednja pa je leta 2023 na voljo tudi znotraj videoigre Call of Duty: Modern Warfare II Warzone 2.0 in Warzone mobile z milijoni igralcev po svetu. Mogo\u010de \u0161e ve\u010dji artisti\u010dni fenomen pa so njihovi videospoti. Sme\u0161ni? Ne. Za zjokat sme\u0161ni! Happy Ol&#8217; McWeasel so do sedaj bili \u0161tirikrat izbrani (Good Deeds, Away, Last Good Chance, 100 Years) in skupaj devetkrat nominirani za Popevko tedna na Valu 202. Kaj pa koncerti? Vizli, kot jim radi re\u010demo, so si mesto med najve\u010djimi bandi folk punk rock \u017eanra izborili \u017ee pred leti z odmevnimi koncerti in festivalskimi nastopi po Evropi s svojim epskimi, prekleto nepozabnimi, neprekosljivimi \u0161us koncerti, ki pustijo trajni vtis. Kar se je za\u010delo od ust do ust, od \u0161anka do ulice, od koncerta do turneje je polo\u017eilo trdne temelje, na katerih Happy Ol&#8217; McWeasel gradijo svoje nadaljnje uspehe in zmage. Bi akrobacije? Imajo. Bi pivo? Imajo. Bi koncerte, kakr\u0161ni so vedno bili, energi\u010dni, pre\u0161vicani,divji? Imajo. To je kombinacija keltskega folk punk rocka s pristnim mariborskim \u0161usom. Happy Ol\u2019 McWeasel je tista garancija za izku\u0161njo, ki pusti vtis. Ali tatu. Ali oboje.\u00a0 \u010ce bi se fantje iz Happy Ol\u2019 McWeasel opisali sami, bi skromno povzeli, da prodoren vokal s \u0161\u010depcem navihanih kitar, pestjo zajetnega basa, zrnom rado\u017eivih violin, zgneteno harmoniko, prepe\u010denim bend\u017eom in hrustljavimi bobni zadovolji \u0161e najve\u010dje in najte\u017eje glasbene gurmane. Ampak ker se ne bodo, bodo na kratko rekli samo: jump na lamp. Kaj je to? A! V tem je pa trik! Pridi pa vidi!<\/p>","protected":false},"excerpt":{"rendered":"<p>&nbsp; Happy Ol&#8217; McWeasel je folk punk rock band, ki s svojim nepozabnim, neprekosljivim \u0161us repertoarjem navdu\u0161uje \u017ee ve\u010d kot 16 let. Iz njihovih slovensko &#8211; irskih korenin je zrastel polnokrvni folk punk rock sestav z izvrstnim koncertnim renomejem in unikatno avtorsko glasbo. Do danes je skupina izdala petnajst singlov, trinajst videospotov in tri studijske [&hellip;]<\/p>","protected":false},"author":11,"featured_media":133649,"template":"","meta":{"_seopress_robots_primary_cat":"none","_seopress_titles_title":"","_seopress_titles_desc":"","_seopress_robots_index":""},"product_brand":[],"product_cat":[230],"product_tag":[222],"class_list":{"0":"post-133648","1":"product","2":"type-product","3":"status-publish","4":"has-post-thumbnail","6":"product_cat-arhiv","7":"product_tag-predprodaja","9":"entry","10":"has-media","12":"first","13":"instock","14":"virtual","15":"taxable","16":"product-type-simple","17":"has-product-nav","18":"col","19":"span_1_of_4","20":"owp-content-center","21":"item-entry","22":"owp-thumbs-layout-horizontal","23":"owp-btn-normal","24":"owp-tabs-layout-section","25":"has-no-thumbnails"},"publishpress_future_action":{"enabled":false,"date":"2026-05-11 19:57:31","action":"change-status","newStatus":"draft","terms":[],"taxonomy":"product_cat","extraData":[]},"publishpress_future_workflow_manual_trigger":{"enabledWorkflows":[]},"_links":{"self":[{"href":"https:\/\/www.orto-bar.com\/en\/wp-json\/wp\/v2\/product\/133648","targetHints":{"allow":["GET"]}}],"collection":[{"href":"https:\/\/www.orto-bar.com\/en\/wp-json\/wp\/v2\/product"}],"about":[{"href":"https:\/\/www.orto-bar.com\/en\/wp-json\/wp\/v2\/types\/product"}],"author":[{"embeddable":true,"href":"https:\/\/www.orto-bar.com\/en\/wp-json\/wp\/v2\/users\/11"}],"version-history":[{"count":0,"href":"https:\/\/www.orto-bar.com\/en\/wp-json\/wp\/v2\/product\/133648\/revisions"}],"wp:featuredmedia":[{"embeddable":true,"href":"https:\/\/www.orto-bar.com\/en\/wp-json\/wp\/v2\/media\/133649"}],"wp:attachment":[{"href":"https:\/\/www.orto-bar.com\/en\/wp-json\/wp\/v2\/media?parent=133648"}],"wp:term":[{"taxonomy":"product_brand","embeddable":true,"href":"https:\/\/www.orto-bar.com\/en\/wp-json\/wp\/v2\/product_brand?post=133648"},{"taxonomy":"product_cat","embeddable":true,"href":"https:\/\/www.orto-bar.com\/en\/wp-json\/wp\/v2\/product_cat?post=133648"},{"taxonomy":"product_tag","embeddable":true,"href":"https:\/\/www.orto-bar.com\/en\/wp-json\/wp\/v2\/product_tag?post=133648"}],"curies":[{"name":"wp","href":"https:\/\/api.w.org\/{rel}","templated":true}]}}