{"id":136020,"date":"2026-02-09T14:04:40","date_gmt":"2026-02-09T13:04:40","guid":{"rendered":"https:\/\/www.orto-bar.com\/?post_type=product&#038;p=136020"},"modified":"2026-04-22T04:22:34","modified_gmt":"2026-04-22T02:22:34","slug":"hana-faturdora-tomori","status":"publish","type":"product","link":"https:\/\/www.orto-bar.com\/en\/dogodki\/arhiv\/hana-faturdora-tomori\/","title":{"rendered":"Hana Fatur,Dora Tomori"},"content":{"rendered":"<p>&nbsp;<\/p>\n<p>Hana Fatur<br \/>\nHana Fatur je melanholi\u010dna indie pop kantavtorica, ki poje o tihi osamljenosti, nespe\u010dnih mislih in globoki \u017ealosti. S svojimi temnimi izpovednimi pesmimi in ne\u017enim glasom nam postopno razkriva mozaik svojih spominov in pokrajino svojega notranjega \u010dustvenega nemira. Te dni zmagovalka Grote Prijs van Rotterdam 2024 in dobitnica &#8220;De Belofte&#8221; nagrade nastopa tako na Nizozemskih, kot na mednarodnih odrih ter kon\u010duje svoj prvi EP &#8220;Nocturnal&#8221; z dvema \u017ee izdanima singloma \u201cFollow South\u201d in \u201cSatellite\u201d.<\/p>\n<p>&nbsp;<\/p>\n<p>Dora Tomori<\/p>\n<p>Dora Tomori je mlada kantavtorica iz Slovenije, ki introspektivna besedila popravlja s preprostim indie vzdu\u0161jem, ki se vedno kon\u010da v \u0161ir\u0161ih zvo\u010dnih krajinah. Z debitantskim albumom \u00bbWhere No Heartbreak Has Gone\u00ab (2025), se je Dora navdihnila z umetniki, kot so Anna B Savage, Phoebe Bridgers in Jeff Buckley \u2013 nazadnje je svojo rast pokazala v singlu \u00bbNone Of It\u00ab (2025).<\/p>","protected":false},"excerpt":{"rendered":"<p>&nbsp; Hana Fatur Hana Fatur je melanholi\u010dna indie pop kantavtorica, ki poje o tihi osamljenosti, nespe\u010dnih mislih in globoki \u017ealosti. S svojimi temnimi izpovednimi pesmimi in ne\u017enim glasom nam postopno razkriva mozaik svojih spominov in pokrajino svojega notranjega \u010dustvenega nemira. Te dni zmagovalka Grote Prijs van Rotterdam 2024 in dobitnica &#8220;De Belofte&#8221; nagrade nastopa tako [&hellip;]<\/p>","protected":false},"author":11,"featured_media":136023,"template":"","meta":{"_seopress_robots_primary_cat":"none","_seopress_titles_title":"","_seopress_titles_desc":"","_seopress_robots_index":""},"product_brand":[],"product_cat":[230],"product_tag":[222],"class_list":{"0":"post-136020","1":"product","2":"type-product","3":"status-publish","4":"has-post-thumbnail","6":"product_cat-arhiv","7":"product_tag-predprodaja","9":"entry","10":"has-media","12":"first","13":"instock","14":"virtual","15":"taxable","16":"product-type-simple","17":"has-product-nav","18":"col","19":"span_1_of_4","20":"owp-content-center","21":"item-entry","22":"owp-thumbs-layout-horizontal","23":"owp-btn-normal","24":"owp-tabs-layout-section","25":"has-no-thumbnails"},"publishpress_future_action":{"enabled":false,"date":"2026-04-29 16:29:06","action":"change-status","newStatus":"draft","terms":[],"taxonomy":"product_cat","extraData":[]},"publishpress_future_workflow_manual_trigger":{"enabledWorkflows":[]},"_links":{"self":[{"href":"https:\/\/www.orto-bar.com\/en\/wp-json\/wp\/v2\/product\/136020","targetHints":{"allow":["GET"]}}],"collection":[{"href":"https:\/\/www.orto-bar.com\/en\/wp-json\/wp\/v2\/product"}],"about":[{"href":"https:\/\/www.orto-bar.com\/en\/wp-json\/wp\/v2\/types\/product"}],"author":[{"embeddable":true,"href":"https:\/\/www.orto-bar.com\/en\/wp-json\/wp\/v2\/users\/11"}],"version-history":[{"count":0,"href":"https:\/\/www.orto-bar.com\/en\/wp-json\/wp\/v2\/product\/136020\/revisions"}],"wp:featuredmedia":[{"embeddable":true,"href":"https:\/\/www.orto-bar.com\/en\/wp-json\/wp\/v2\/media\/136023"}],"wp:attachment":[{"href":"https:\/\/www.orto-bar.com\/en\/wp-json\/wp\/v2\/media?parent=136020"}],"wp:term":[{"taxonomy":"product_brand","embeddable":true,"href":"https:\/\/www.orto-bar.com\/en\/wp-json\/wp\/v2\/product_brand?post=136020"},{"taxonomy":"product_cat","embeddable":true,"href":"https:\/\/www.orto-bar.com\/en\/wp-json\/wp\/v2\/product_cat?post=136020"},{"taxonomy":"product_tag","embeddable":true,"href":"https:\/\/www.orto-bar.com\/en\/wp-json\/wp\/v2\/product_tag?post=136020"}],"curies":[{"name":"wp","href":"https:\/\/api.w.org\/{rel}","templated":true}]}}