{"id":136256,"date":"2026-02-10T19:07:48","date_gmt":"2026-02-10T18:07:48","guid":{"rendered":"https:\/\/www.orto-bar.com\/?post_type=product&#038;p=136256"},"modified":"2026-05-06T04:29:08","modified_gmt":"2026-05-06T02:29:08","slug":"rezanci-s-makom-tribute-to-dorde-balasevic","status":"publish","type":"product","link":"https:\/\/www.orto-bar.com\/en\/dogodki\/arhiv\/rezanci-s-makom-tribute-to-dorde-balasevic\/","title":{"rendered":"REZANCI S MAKOM-Tribute to \u0110or\u0111e Bala\u0161evi\u0107"},"content":{"rendered":"<p>Nekje med liriko in epiko se je zna\u0161el Djordje Bala\u0161evi\u0107, epski lirik in samozvani panonski mornar.<\/p>\n<p>Vabljeni na mali seznam predelav njegovih pesmi v izvedbi kvarteta \u00bbRez\u00e1nci s Makom\u00ab.<\/p>\n<p>Projekt se je za\u010del leta 2009, ko sta Dino in Urban pri\u0161la na idejo, da bi izvajala izklju\u010dno \u0110oletove pesmi z Urbanom na mandolini in vokalu ter Dinom na kitari. Po kratkem \u010dasu in kakih treh nastopih je zadeva zamrla za poldvanajsto leto, ko sta se prijatelja spet zna\u0161la na odru in se spra\u0161evala, zakaj sta pravzaprav nehala. Covid je bil poleg policijskih ur in raznih fiaskov precej radodaren tudi s \u010dasom, ki sta ga \u0161e vedno samo dva rez\u00e1nca posvetila \u0161irjenju repertoarja, kasneje pa tudi same zasedbe.<\/p>\n<p>Maja 2021 sta se predstavila dvajsetim ljudem na kav\u010d festivalu, jeseni istega leta pa povabila k sodelovanju \u0161e Miho Friedricha in kontrabasista Valentina \u201cStripperja\u201d Sla\u010dka, ki ga po potrebi nadomesti Janez Moder.<\/p>\n<p>Zasedba vam je tokrat na voljo v slede\u010di postavi:<\/p>\n<ul>\n<li>Urban \u201cJolene\u201d Logar; mandolina, glas<\/li>\n<li>Dino \u201cDinomite\u201d D\u017eopa; kitara, nasme\u0161ki<\/li>\n<li>Miha \u201c\u010clove\u0161ki Metronom\u201d Friedrich; tolkala, ropotulje, jingle bells, spremljevalni glas in<\/li>\n<li>Janez \u201cBaby Blue\u201d Moder; naklamfana in nenaklamfana bas kitara.<\/li>\n<\/ul>\n<p>Da zadeva ne bi bila, kot pri\u010dakujete, pa vseeno lepa in vredna obiska se bodo v glavnem izvajali komadi, ki se jih na \u017eurih ne zahteva, morda celo kak\u0161en, ki ga je on sam redko do nikoli izvajal. Skratka, \u010de pri\u010dakujete Pri\u010du o Vasi Lada\u010dkom, vas z veseljem pustimo na cedilu.<\/p>\n<p>Lepo vabljeni,<\/p>","protected":false},"excerpt":{"rendered":"<p>Nekje med liriko in epiko se je zna\u0161el Djordje Bala\u0161evi\u0107, epski lirik in samozvani panonski mornar. Vabljeni na mali seznam predelav njegovih pesmi v izvedbi kvarteta \u00bbRez\u00e1nci s Makom\u00ab. Projekt se je za\u010del leta 2009, ko sta Dino in Urban pri\u0161la na idejo, da bi izvajala izklju\u010dno \u0110oletove pesmi z Urbanom na mandolini in vokalu [&hellip;]<\/p>","protected":false},"author":11,"featured_media":136306,"template":"","meta":{"_seopress_robots_primary_cat":"none","_seopress_titles_title":"","_seopress_titles_desc":"","_seopress_robots_index":""},"product_brand":[],"product_cat":[230],"product_tag":[222],"class_list":{"0":"post-136256","1":"product","2":"type-product","3":"status-publish","4":"has-post-thumbnail","6":"product_cat-arhiv","7":"product_tag-predprodaja","9":"entry","10":"has-media","12":"first","13":"instock","14":"virtual","15":"taxable","16":"product-type-simple","17":"has-product-nav","18":"col","19":"span_1_of_4","20":"owp-content-center","21":"item-entry","22":"owp-thumbs-layout-horizontal","23":"owp-btn-normal","24":"owp-tabs-layout-section","25":"has-no-thumbnails"},"publishpress_future_action":{"enabled":false,"date":"2026-05-13 10:45:30","action":"change-status","newStatus":"draft","terms":[],"taxonomy":"product_cat","extraData":[]},"publishpress_future_workflow_manual_trigger":{"enabledWorkflows":[]},"_links":{"self":[{"href":"https:\/\/www.orto-bar.com\/en\/wp-json\/wp\/v2\/product\/136256","targetHints":{"allow":["GET"]}}],"collection":[{"href":"https:\/\/www.orto-bar.com\/en\/wp-json\/wp\/v2\/product"}],"about":[{"href":"https:\/\/www.orto-bar.com\/en\/wp-json\/wp\/v2\/types\/product"}],"author":[{"embeddable":true,"href":"https:\/\/www.orto-bar.com\/en\/wp-json\/wp\/v2\/users\/11"}],"version-history":[{"count":1,"href":"https:\/\/www.orto-bar.com\/en\/wp-json\/wp\/v2\/product\/136256\/revisions"}],"predecessor-version":[{"id":142756,"href":"https:\/\/www.orto-bar.com\/en\/wp-json\/wp\/v2\/product\/136256\/revisions\/142756"}],"wp:featuredmedia":[{"embeddable":true,"href":"https:\/\/www.orto-bar.com\/en\/wp-json\/wp\/v2\/media\/136306"}],"wp:attachment":[{"href":"https:\/\/www.orto-bar.com\/en\/wp-json\/wp\/v2\/media?parent=136256"}],"wp:term":[{"taxonomy":"product_brand","embeddable":true,"href":"https:\/\/www.orto-bar.com\/en\/wp-json\/wp\/v2\/product_brand?post=136256"},{"taxonomy":"product_cat","embeddable":true,"href":"https:\/\/www.orto-bar.com\/en\/wp-json\/wp\/v2\/product_cat?post=136256"},{"taxonomy":"product_tag","embeddable":true,"href":"https:\/\/www.orto-bar.com\/en\/wp-json\/wp\/v2\/product_tag?post=136256"}],"curies":[{"name":"wp","href":"https:\/\/api.w.org\/{rel}","templated":true}]}}