{"id":136749,"date":"2026-02-12T14:38:24","date_gmt":"2026-02-12T13:38:24","guid":{"rendered":"https:\/\/www.orto-bar.com\/?post_type=product&#038;p=136749"},"modified":"2026-04-21T21:34:14","modified_gmt":"2026-04-21T19:34:14","slug":"selve","status":"publish","type":"product","link":"https:\/\/www.orto-bar.com\/en\/dogodki\/koncerti\/selve\/","title":{"rendered":"Selve"},"content":{"rendered":"<p><b>SELVE\u00a0<\/b><\/p>\n<p>Bombasti\u010dna in brezizrazna, teatralna in iskrena, nas vabi k smehu, petju, premi\u0161ljevanju in u\u017eivanju. Selve, nedvomni umetnik, ki ga je vredno spremljati, ne le nastopajo; osvobajajo \u2013 odpirajo zavese in pu\u0161\u010dajo, da se vse razlije. &#8211; Atwood Magazine<\/p>\n<p>Selve, ki jih vodi Jabirr Jabirr-ov Loki Liddle, na vsakem koraku orjejo ledino in dosegajo mejnike. Potem ko so posneli svoj drugi album Breaking Into Heaven v legendarnih studiih Abbey Road in ga izdali po \u0161tevilnih pohvalah zalo\u017eb Triple J, Rage in Rolling Stone, je skupina dogodek obele\u017eila na nepozaben na\u010din \u2013 razprodali so 700-\u010dlansko predizdajo\u010do premiero v HOTA in nastopili v \u017eivo skupaj s 33-\u010dlanskim avstralskim studijskim orkestrom v okviru festivala Bleach* 2025.<br \/>\nOd takrat Selve ne ka\u017eejo znakov upo\u010dasnitve. Po nastopih na festivalih Lost Paradise in Spilt Milk, ki so jih predvajali predskupini Radium Dolls, si skupina \u0161e naprej utrjuje sloves enega najbolj vznemirljivih koncertnih izvajalcev iz Avstralije, mo\u010dne rock skupine, ki si utira svojo edinstveno pot.<\/p>\n<p>&nbsp;<\/p>\n<p>&nbsp;<\/p>\n<p><i><span style=\"font-weight: 400;\">Bombastic and barefaced, theatrical and sincere, it invites us to laugh, to sing, to reckon, and to revel. An undeniable artist-to-watch, Selve aren\u2019t just performing; they\u2019re liberating \u2013 they\u2019re throwing open the curtains and letting it all spill out.<\/span><\/i><span style=\"font-weight: 400;\"> &#8211; Atwood Magazine<\/span><\/p>\n<p><span style=\"font-weight: 400;\">Fronted by Jabirr Jabirr man Loki Liddle, Selve are breaking ground and crushing milestones at every turn. After recording their sophomore album <\/span><i><span style=\"font-weight: 400;\">Breaking Into Heaven<\/span><\/i><span style=\"font-weight: 400;\"> at the legendary Abbey Road Studios and releasing it to widespread acclaim from triple j, Rage, and Rolling Stone, the band marked the occasion in unforgettable fashion \u2014 selling out a 700-capacity pre-release premiere at HOTA, performed live alongside a 33-piece Australian Session Orchestra as part of Bleach* Festival 2025.<\/span><\/p>\n<p><span style=\"font-weight: 400;\">Since then, Selve have shown no signs of slowing down. Hot off support slots for Radium Dolls and festival appearances at Lost Paradise and Spilt Milk, the band continue to cement their reputation as one of the most exciting live acts out of Australia, a powerhouse rock outfit carving their own rare path.<\/span><\/p>\n<p>&nbsp;<\/p>","protected":false},"excerpt":{"rendered":"<p>SELVE\u00a0 Bombasti\u010dna in brezizrazna, teatralna in iskrena, nas vabi k smehu, petju, premi\u0161ljevanju in u\u017eivanju. Selve, nedvomni umetnik, ki ga je vredno spremljati, ne le nastopajo; osvobajajo \u2013 odpirajo zavese in pu\u0161\u010dajo, da se vse razlije. &#8211; Atwood Magazine Selve, ki jih vodi Jabirr Jabirr-ov Loki Liddle, na vsakem koraku orjejo ledino in dosegajo mejnike. [&hellip;]<\/p>","protected":false},"author":11,"featured_media":147770,"template":"","meta":{"_seopress_robots_primary_cat":"none","_seopress_titles_title":"","_seopress_titles_desc":"","_seopress_robots_index":""},"product_brand":[],"product_cat":[226],"product_tag":[222],"class_list":{"0":"post-136749","1":"product","2":"type-product","3":"status-publish","4":"has-post-thumbnail","6":"product_cat-koncerti","7":"product_tag-predprodaja","9":"entry","10":"has-media","12":"first","13":"instock","14":"sale","15":"virtual","16":"taxable","17":"purchasable","18":"product-type-simple","19":"has-product-nav","20":"col","21":"span_1_of_4","22":"owp-content-center","23":"item-entry","24":"owp-thumbs-layout-horizontal","25":"owp-btn-normal","26":"owp-tabs-layout-section","27":"has-no-thumbnails"},"publishpress_future_action":{"enabled":true,"date":"2026-05-29 01:38:00","action":"category","newStatus":"draft","terms":[230],"taxonomy":"product_cat","extraData":[]},"publishpress_future_workflow_manual_trigger":{"enabledWorkflows":[]},"_links":{"self":[{"href":"https:\/\/www.orto-bar.com\/en\/wp-json\/wp\/v2\/product\/136749","targetHints":{"allow":["GET"]}}],"collection":[{"href":"https:\/\/www.orto-bar.com\/en\/wp-json\/wp\/v2\/product"}],"about":[{"href":"https:\/\/www.orto-bar.com\/en\/wp-json\/wp\/v2\/types\/product"}],"author":[{"embeddable":true,"href":"https:\/\/www.orto-bar.com\/en\/wp-json\/wp\/v2\/users\/11"}],"version-history":[{"count":3,"href":"https:\/\/www.orto-bar.com\/en\/wp-json\/wp\/v2\/product\/136749\/revisions"}],"predecessor-version":[{"id":141847,"href":"https:\/\/www.orto-bar.com\/en\/wp-json\/wp\/v2\/product\/136749\/revisions\/141847"}],"wp:featuredmedia":[{"embeddable":true,"href":"https:\/\/www.orto-bar.com\/en\/wp-json\/wp\/v2\/media\/147770"}],"wp:attachment":[{"href":"https:\/\/www.orto-bar.com\/en\/wp-json\/wp\/v2\/media?parent=136749"}],"wp:term":[{"taxonomy":"product_brand","embeddable":true,"href":"https:\/\/www.orto-bar.com\/en\/wp-json\/wp\/v2\/product_brand?post=136749"},{"taxonomy":"product_cat","embeddable":true,"href":"https:\/\/www.orto-bar.com\/en\/wp-json\/wp\/v2\/product_cat?post=136749"},{"taxonomy":"product_tag","embeddable":true,"href":"https:\/\/www.orto-bar.com\/en\/wp-json\/wp\/v2\/product_tag?post=136749"}],"curies":[{"name":"wp","href":"https:\/\/api.w.org\/{rel}","templated":true}]}}