{"id":137555,"date":"2026-02-16T10:05:27","date_gmt":"2026-02-16T09:05:27","guid":{"rendered":"https:\/\/www.orto-bar.com\/?post_type=product&#038;p=137555"},"modified":"2026-05-04T04:27:31","modified_gmt":"2026-05-04T02:27:31","slug":"tomcat-paranoise","status":"publish","type":"product","link":"https:\/\/www.orto-bar.com\/en\/dogodki\/arhiv\/tomcat-paranoise\/","title":{"rendered":"Tomcat , Paranoise"},"content":{"rendered":"<p>Tomcat je slovenska hard rock zasedba, ustanovljena poleti 2009. Po \u0161tevilnih koncertih in menjavah \u010dlanov so 1. marca 2013 izdali prvenec <em>Bits N&#8217;Pieces<\/em> pri zalo\u017ebi On Parole, istega leta pa \u0161e single \u00bbAdrenalin\u00ab s prvim videospotom. Do konca leta 2014 se je zasedba povsem spremenila, okoli ustanovitelja in basista Gregorja \u0160uja Torkarja pa se je oblikovala nova ekipa. Leta 2017 so izdali album <em>Something&#8217;s Coming On Wrong<\/em>, ki so ga predstavili v ljubljanskem Orto Bar, ter nastopili kot predskupina finski skupini Lordi v Kino \u0160i\u0161ka in na festivalu Metaldays.<\/p>\n<p>Po odhodu pevca \u017dige Krasni\u010da je vokal prevzel Domen \u017dbun, skupina pa je koncertirala tudi na Hrva\u0161kem, izdala EP ter priredbo skladbe \u00bbFebruar\u00ab skupine Niet. Na\u010drtovano turnejo leta 2020 je prekinila epidemija covida-19, ki je za\u010dasno ustavila delovanje benda. Leta 2025 so Tomcat znova obudili dejavnost v prenovljeni zasedbi. Njihova avtorska glasba temelji na hard rocku z vplivi metala, punka in funka, na koncertih pa pogosto prepletajo lastne skladbe s priredbami rokovskih klasik.<\/p>\n<p>&nbsp;<\/p>\n<p>Paranoise je obalni kvartet, ki z me\u0161anico surovega grungea, nalezljivim groovom funka in te\u017ekimi blues riffi razkriva introspektivni kaos sodobnega \u010dloveka.<\/p>\n<p>V etru trenutno odzvanja njihov prvenec &#8220;Baffled Driver&#8221;, ki prikazuje pestro vo\u017enjo po raznih \u017eivljenjskih situacij, kot so otopeli odnosi, nezanesljiva sre\u010da, zatiranje upov in ve\u010dno uporni\u0161tvo v za\u010daranem kro\u017enem brez izvoza.<\/p>\n<p>&nbsp;<\/p>","protected":false},"excerpt":{"rendered":"<p>Tomcat je slovenska hard rock zasedba, ustanovljena poleti 2009. Po \u0161tevilnih koncertih in menjavah \u010dlanov so 1. marca 2013 izdali prvenec Bits N&#8217;Pieces pri zalo\u017ebi On Parole, istega leta pa \u0161e single \u00bbAdrenalin\u00ab s prvim videospotom. Do konca leta 2014 se je zasedba povsem spremenila, okoli ustanovitelja in basista Gregorja \u0160uja Torkarja pa se je [&hellip;]<\/p>","protected":false},"author":11,"featured_media":137557,"template":"","meta":{"_seopress_robots_primary_cat":"none","_seopress_titles_title":"","_seopress_titles_desc":"","_seopress_robots_index":""},"product_brand":[],"product_cat":[230],"product_tag":[222],"class_list":{"0":"post-137555","1":"product","2":"type-product","3":"status-publish","4":"has-post-thumbnail","6":"product_cat-arhiv","7":"product_tag-predprodaja","9":"entry","10":"has-media","12":"first","13":"instock","14":"virtual","15":"taxable","16":"product-type-simple","17":"has-product-nav","18":"col","19":"span_1_of_4","20":"owp-content-center","21":"item-entry","22":"owp-thumbs-layout-horizontal","23":"owp-btn-normal","24":"owp-tabs-layout-section","25":"has-no-thumbnails"},"publishpress_future_action":{"enabled":false,"date":"2026-05-11 15:23:40","action":"change-status","newStatus":"draft","terms":[],"taxonomy":"product_cat","extraData":[]},"publishpress_future_workflow_manual_trigger":{"enabledWorkflows":[]},"_links":{"self":[{"href":"https:\/\/www.orto-bar.com\/en\/wp-json\/wp\/v2\/product\/137555","targetHints":{"allow":["GET"]}}],"collection":[{"href":"https:\/\/www.orto-bar.com\/en\/wp-json\/wp\/v2\/product"}],"about":[{"href":"https:\/\/www.orto-bar.com\/en\/wp-json\/wp\/v2\/types\/product"}],"author":[{"embeddable":true,"href":"https:\/\/www.orto-bar.com\/en\/wp-json\/wp\/v2\/users\/11"}],"version-history":[{"count":0,"href":"https:\/\/www.orto-bar.com\/en\/wp-json\/wp\/v2\/product\/137555\/revisions"}],"wp:featuredmedia":[{"embeddable":true,"href":"https:\/\/www.orto-bar.com\/en\/wp-json\/wp\/v2\/media\/137557"}],"wp:attachment":[{"href":"https:\/\/www.orto-bar.com\/en\/wp-json\/wp\/v2\/media?parent=137555"}],"wp:term":[{"taxonomy":"product_brand","embeddable":true,"href":"https:\/\/www.orto-bar.com\/en\/wp-json\/wp\/v2\/product_brand?post=137555"},{"taxonomy":"product_cat","embeddable":true,"href":"https:\/\/www.orto-bar.com\/en\/wp-json\/wp\/v2\/product_cat?post=137555"},{"taxonomy":"product_tag","embeddable":true,"href":"https:\/\/www.orto-bar.com\/en\/wp-json\/wp\/v2\/product_tag?post=137555"}],"curies":[{"name":"wp","href":"https:\/\/api.w.org\/{rel}","templated":true}]}}