{"id":138738,"date":"2026-02-22T21:08:37","date_gmt":"2026-02-22T20:08:37","guid":{"rendered":"https:\/\/www.orto-bar.com\/?post_type=product&#038;p=138738"},"modified":"2026-05-06T04:29:08","modified_gmt":"2026-05-06T02:29:08","slug":"orto-fest-2026-odpisani-pankeroschidefy","status":"publish","type":"product","link":"https:\/\/www.orto-bar.com\/en\/dogodki\/arhiv\/orto-fest-2026-odpisani-pankeroschidefy\/","title":{"rendered":"Orto Fest 2026 &#8211; Odpisani, Pankeroschi,Defy"},"content":{"rendered":"<p>ODPISANI so \u0161tiri\u010dlanska hardcore punk skupina, ustanovljena leta 1995. Njihov zvok zdru\u017euje surovo energijo zgodnjega hardcore punka z modernej\u0161im crossover pristopom, vse skupaj pa poganjajo besedila, ki odra\u017eajo dru\u017ebeno zavest, upor in iskrenost.<br \/>\nV ve\u010d kot treh desetletjih delovanja so si ODPISANI ustvarili mo\u010dan ugled tako doma kot po Evropi, kjer so odigrali ne\u0161teto koncertov v klubih in na festivalih. Skupina je ve\u010dkrat sodelovala s svetovno priznanim producentom Tuejem Madsenom (Sick of It All, Madball, Meshuggah, The Haunted), s katerim so dosegli mo\u010dan, sodoben in tehni\u010dno dodelan zvok, primerljiv z najbolj\u0161imi evropskimi hardcore izvajalci. Njihova glasba ostaja nepopustljiva, strastna in brez kompromisov \u2013 to\u010dno tak\u0161na, kot mora biti hardcore punk.<\/p>\n<p>Povezave:<br \/>\n<a href=\"https:\/\/www.youtube.com\/@odpisaniofficial13\">https:\/\/www.youtube.com\/@odpisaniofficial13<\/a><br \/>\n<a href=\"https:\/\/www.facebook.com\/OdpisaniHC\/\">https:\/\/www.facebook.com\/OdpisaniHC\/<\/a><br \/>\n<a href=\"https:\/\/www.instagram.com\/odpisani_hc\/\">https:\/\/www.instagram.com\/odpisani_hc\/<\/a><\/p>\n<p>&nbsp;<\/p>\n<p>Vstopnina v predprodaji: 10,00\u20ac<br \/>\nVstopnina na dan koncerta: 15:00\u20ac<\/p>","protected":false},"excerpt":{"rendered":"<p>ODPISANI so \u0161tiri\u010dlanska hardcore punk skupina, ustanovljena leta 1995. Njihov zvok zdru\u017euje surovo energijo zgodnjega hardcore punka z modernej\u0161im crossover pristopom, vse skupaj pa poganjajo besedila, ki odra\u017eajo dru\u017ebeno zavest, upor in iskrenost. V ve\u010d kot treh desetletjih delovanja so si ODPISANI ustvarili mo\u010dan ugled tako doma kot po Evropi, kjer so odigrali ne\u0161teto koncertov [&hellip;]<\/p>","protected":false},"author":11,"featured_media":144964,"template":"","meta":{"_seopress_robots_primary_cat":"none","_seopress_titles_title":"","_seopress_titles_desc":"","_seopress_robots_index":""},"product_brand":[],"product_cat":[230],"product_tag":[222],"class_list":{"0":"post-138738","1":"product","2":"type-product","3":"status-publish","4":"has-post-thumbnail","6":"product_cat-arhiv","7":"product_tag-predprodaja","9":"entry","10":"has-media","12":"first","13":"instock","14":"virtual","15":"taxable","16":"product-type-simple","17":"has-product-nav","18":"col","19":"span_1_of_4","20":"owp-content-center","21":"item-entry","22":"owp-thumbs-layout-horizontal","23":"owp-btn-normal","24":"owp-tabs-layout-section","25":"has-no-thumbnails"},"publishpress_future_action":{"enabled":false,"date":"2026-05-13 13:08:36","action":"change-status","newStatus":"draft","terms":[],"taxonomy":"product_cat","extraData":[]},"publishpress_future_workflow_manual_trigger":{"enabledWorkflows":[]},"_links":{"self":[{"href":"https:\/\/www.orto-bar.com\/en\/wp-json\/wp\/v2\/product\/138738","targetHints":{"allow":["GET"]}}],"collection":[{"href":"https:\/\/www.orto-bar.com\/en\/wp-json\/wp\/v2\/product"}],"about":[{"href":"https:\/\/www.orto-bar.com\/en\/wp-json\/wp\/v2\/types\/product"}],"author":[{"embeddable":true,"href":"https:\/\/www.orto-bar.com\/en\/wp-json\/wp\/v2\/users\/11"}],"version-history":[{"count":3,"href":"https:\/\/www.orto-bar.com\/en\/wp-json\/wp\/v2\/product\/138738\/revisions"}],"predecessor-version":[{"id":144963,"href":"https:\/\/www.orto-bar.com\/en\/wp-json\/wp\/v2\/product\/138738\/revisions\/144963"}],"wp:featuredmedia":[{"embeddable":true,"href":"https:\/\/www.orto-bar.com\/en\/wp-json\/wp\/v2\/media\/144964"}],"wp:attachment":[{"href":"https:\/\/www.orto-bar.com\/en\/wp-json\/wp\/v2\/media?parent=138738"}],"wp:term":[{"taxonomy":"product_brand","embeddable":true,"href":"https:\/\/www.orto-bar.com\/en\/wp-json\/wp\/v2\/product_brand?post=138738"},{"taxonomy":"product_cat","embeddable":true,"href":"https:\/\/www.orto-bar.com\/en\/wp-json\/wp\/v2\/product_cat?post=138738"},{"taxonomy":"product_tag","embeddable":true,"href":"https:\/\/www.orto-bar.com\/en\/wp-json\/wp\/v2\/product_tag?post=138738"}],"curies":[{"name":"wp","href":"https:\/\/api.w.org\/{rel}","templated":true}]}}