{"id":139551,"date":"2026-02-26T21:05:31","date_gmt":"2026-02-26T20:05:31","guid":{"rendered":"https:\/\/www.orto-bar.com\/?post_type=product&#038;p=139551"},"modified":"2026-05-02T20:50:19","modified_gmt":"2026-05-02T18:50:19","slug":"mayales","status":"publish","type":"product","link":"https:\/\/www.orto-bar.com\/en\/dogodki\/koncerti\/mayales\/","title":{"rendered":"Mayales"},"content":{"rendered":"<p>Skupina Mayales kon\u010dno prihaja pred slovensko ob\u010dinstvo in v Ljubljano prina\u0161a presek svoje ve\u010d kot 30-letne kariere.<\/p>\n<p>Na koncertu v Orto baru boste sli\u0161ali legendarne pesmi, kot so &#8220;Od ljubavi&#8221;, &#8220;Mogu i sama&#8221;, &#8220;Svima \u017eelim raj za sve&#8221;, pa tudi &#8220;Roadie&#8221; ter &#8220;Jo\u0161 jedan krug&#8221; in mnoge druge uspe\u0161nice. Osmero\u010dlanski zagreb\u0161ki bend bo publiki ponudil posebno glasbeno poslastico in predstavil svoj najnovej\u0161i album &#8220;Boutique Pop vol. 1&#8221; v okviru turneje &#8220;Tour de Pop&#8221;.<\/p>\n<p>Zagreb\u0161ka skupina je v ve\u010d kot treh desetletjih svojega obstoja u\u017eivala status avtenti\u010dnega dele\u017enika hrva\u0161ke pop in rock dedi\u0161\u010dine, njeni albumi pa so redno uvr\u0161\u010deni v antologijske doma\u010de publikacije, spremljajo pa jih \u0161tevilne nagrade v najpresti\u017enej\u0161ih kategorijah. Stroka hvali Mayalesovo glasbo kot glasbo, ki dviguje kakovostne standarde in \u0161iri \u017eanrske okvire, vsaki\u010d znova odpira nova in ve\u010dplastna glasbena obzorja.<\/p>\n<p>Skupina, ki jo vodi avtorski trio Petar Beluhan, Vlado Mir\u010det in Luka Ge\u010dek, zdru\u017euje odli\u010dne doma\u010de glasbenike in producente ter je dosegla \u0161tevilna sodelovanja, kot so tista z Natali Dizdar, Yayo (JINX), Valerijo Nikolovsko, Edom Maajko, Kristijanom Beluhanom, Mary May,&#8230;<\/p>\n<p>&nbsp;<\/p>\n<p>&nbsp;<\/p>\n<p><a href=\"https:\/\/www.instagram.com\/reel\/DTQHJjhDDWY\/?igsh=ZnRuNHo4MHN1dGhj\">https:\/\/www.instagram.com\/reel\/DTQHJjhDDWY\/?igsh=ZnRuNHo4MHN1dGhj<\/a><\/p>\n<p>&nbsp;<\/p>\n<p><a href=\"https:\/\/www.instagram.com\/reel\/DQJmMkFjA_k\/?igsh=NzliZWZ0bnB1d2wz\">https:\/\/www.instagram.com\/reel\/DQJmMkFjA_k\/?igsh=NzliZWZ0bnB1d2wz<\/a><\/p>","protected":false},"excerpt":{"rendered":"<p>Skupina Mayales kon\u010dno prihaja pred slovensko ob\u010dinstvo in v Ljubljano prina\u0161a presek svoje ve\u010d kot 30-letne kariere. Na koncertu v Orto baru boste sli\u0161ali legendarne pesmi, kot so &#8220;Od ljubavi&#8221;, &#8220;Mogu i sama&#8221;, &#8220;Svima \u017eelim raj za sve&#8221;, pa tudi &#8220;Roadie&#8221; ter &#8220;Jo\u0161 jedan krug&#8221; in mnoge druge uspe\u0161nice. Osmero\u010dlanski zagreb\u0161ki bend bo publiki ponudil [&hellip;]<\/p>","protected":false},"author":11,"featured_media":139552,"template":"","meta":{"_seopress_robots_primary_cat":"none","_seopress_titles_title":"","_seopress_titles_desc":"","_seopress_robots_index":""},"product_brand":[],"product_cat":[226],"product_tag":[222],"class_list":{"0":"post-139551","1":"product","2":"type-product","3":"status-publish","4":"has-post-thumbnail","6":"product_cat-koncerti","7":"product_tag-predprodaja","9":"entry","10":"has-media","12":"first","13":"instock","14":"sale","15":"virtual","16":"taxable","17":"purchasable","18":"product-type-simple","19":"has-product-nav","20":"col","21":"span_1_of_4","22":"owp-content-center","23":"item-entry","24":"owp-thumbs-layout-horizontal","25":"owp-btn-normal","26":"owp-tabs-layout-section","27":"has-no-thumbnails"},"publishpress_future_action":{"enabled":true,"date":"2026-05-23 01:05:00","action":"category","newStatus":"draft","terms":[230,194],"taxonomy":"product_cat","extraData":[]},"publishpress_future_workflow_manual_trigger":{"enabledWorkflows":[]},"_links":{"self":[{"href":"https:\/\/www.orto-bar.com\/en\/wp-json\/wp\/v2\/product\/139551","targetHints":{"allow":["GET"]}}],"collection":[{"href":"https:\/\/www.orto-bar.com\/en\/wp-json\/wp\/v2\/product"}],"about":[{"href":"https:\/\/www.orto-bar.com\/en\/wp-json\/wp\/v2\/types\/product"}],"author":[{"embeddable":true,"href":"https:\/\/www.orto-bar.com\/en\/wp-json\/wp\/v2\/users\/11"}],"version-history":[{"count":5,"href":"https:\/\/www.orto-bar.com\/en\/wp-json\/wp\/v2\/product\/139551\/revisions"}],"predecessor-version":[{"id":139562,"href":"https:\/\/www.orto-bar.com\/en\/wp-json\/wp\/v2\/product\/139551\/revisions\/139562"}],"wp:featuredmedia":[{"embeddable":true,"href":"https:\/\/www.orto-bar.com\/en\/wp-json\/wp\/v2\/media\/139552"}],"wp:attachment":[{"href":"https:\/\/www.orto-bar.com\/en\/wp-json\/wp\/v2\/media?parent=139551"}],"wp:term":[{"taxonomy":"product_brand","embeddable":true,"href":"https:\/\/www.orto-bar.com\/en\/wp-json\/wp\/v2\/product_brand?post=139551"},{"taxonomy":"product_cat","embeddable":true,"href":"https:\/\/www.orto-bar.com\/en\/wp-json\/wp\/v2\/product_cat?post=139551"},{"taxonomy":"product_tag","embeddable":true,"href":"https:\/\/www.orto-bar.com\/en\/wp-json\/wp\/v2\/product_tag?post=139551"}],"curies":[{"name":"wp","href":"https:\/\/api.w.org\/{rel}","templated":true}]}}