{"id":140693,"date":"2026-03-04T18:05:36","date_gmt":"2026-03-04T17:05:36","guid":{"rendered":"https:\/\/www.orto-bar.com\/?post_type=product&#038;p=140693"},"modified":"2026-04-13T22:26:39","modified_gmt":"2026-04-13T20:26:39","slug":"orto-fest-2026-tinkara-kovac","status":"publish","type":"product","link":"https:\/\/www.orto-bar.com\/en\/dogodki\/koncerti\/orto-fest-2026-tinkara-kovac\/","title":{"rendered":"Orto Fest 2026 &#8211; Tinkara Kova\u010d in Band"},"content":{"rendered":"<p>Prihajajo\u010di koncert na OrtoFestu bo zasnovan okrog Tinkarinih najve\u010djih uspe\u0161nic. Bo nekak\u0161en odzven za\u010detka njene koncertne kariere, ko je imela tudi v Ortu redno in tradicionalno svoje koncerte in gostovanj.<br \/>\nTinkara Kova\u010d, vsestranska primorska glasbenica \u2013 pevka, flavtistka in kantavtorica, \u017ee dolga leta pomembno zaznamuje slovenski glasbeni prostor.<br \/>\nS svojim prepoznavnim glasom, izrazito odrsko karizmo in virtuoznostjo na flavti se je uveljavila kot ena najvidnej\u0161ih glasbenih ustvarjalk pri nas. V svoji pestri karieri je osvojila \u0161tevilne nagrade, nastopila na odmevnih festivalih doma in po svetu ter sodelovala z velikani svetovne glasbene scene, kot so Ian Anderson (Jethro Tull), Robert Plant (Led Zeppelin), Paul Millns in Massimo Bubola.<br \/>\nS prepoznavnim glasom, virtuozno flavto in izrazito odrsko karizmo bo Tinkara predstavila tudi izbor pesmi s prihajajo\u010dega posebnega albuma sodelovanj, ki bo iz\u0161el to jesen. Ob\u010dinstvo \u010daka ve\u010der, poln \u010dustev, presene\u010denj in nepozabnih glasbenih trenutkov.<br \/>\nV bendu so vrhunski glasbeniki iz Slovenije in Italije. Zdru\u017eujejo svoje mo\u010di v sofisticirane rockovske glasbene preobleke skladb, ki bodo \u0161e najbolj di\u0161ale, kot re\u010deno, po Tinkarinih koreninah. Zato je prav koncert v Ortu nekak\u0161en come back za obujanje spominov, za nekak\u0161no inventuro in zaokro\u017eitev te \u017ee skoraj 30-letne glasbene poti. Tudi na koncertu ne bo manjkala kak\u0161na skladba za sladokusce.<br \/>\nMorda se zgodi, da Tinkara zaigra kak\u0161no svojo novo skladbo, ki jo bo uvrstila na svoj nov samostojni rockovski album, s katerim od pomladi do naslednje pomladi od\u0161teva \u0161e zadnje leto njene 30. obletnice glasbene poti.<br \/>\nVsekakor koncert, ki ga ne smete zamuditi, stoje\u010da publika in ravno prav intimen ambient, da se bomo lahko gledali iz o\u010di v o\u010di.<\/p>\n<p>Zasedba:<br \/>\nJulija Lorien, klarinet, kitara, vokal<br \/>\nJanez Skaza, kitare, vokal<br \/>\nPaolo Muscovi, bobni<br \/>\nGIovanni Toffoloni, basovska kitara<br \/>\nSamo Jezov\u0161ek, klaviature<\/p>","protected":false},"excerpt":{"rendered":"<p>Prihajajo\u010di koncert na OrtoFestu bo zasnovan okrog Tinkarinih najve\u010djih uspe\u0161nic. Bo nekak\u0161en odzven za\u010detka njene koncertne kariere, ko je imela tudi v Ortu redno in tradicionalno svoje koncerte in gostovanj. Tinkara Kova\u010d, vsestranska primorska glasbenica \u2013 pevka, flavtistka in kantavtorica, \u017ee dolga leta pomembno zaznamuje slovenski glasbeni prostor. S svojim prepoznavnim glasom, izrazito odrsko karizmo [&hellip;]<\/p>","protected":false},"author":11,"featured_media":143758,"template":"","meta":{"_seopress_robots_primary_cat":"none","_seopress_titles_title":"","_seopress_titles_desc":"","_seopress_robots_index":""},"product_brand":[],"product_cat":[226,233],"product_tag":[222],"class_list":{"0":"post-140693","1":"product","2":"type-product","3":"status-publish","4":"has-post-thumbnail","6":"product_cat-koncerti","7":"product_cat-orto-fest","8":"product_tag-predprodaja","10":"entry","11":"has-media","13":"first","14":"instock","15":"virtual","16":"taxable","17":"purchasable","18":"product-type-simple","19":"has-product-nav","20":"col","21":"span_1_of_4","22":"owp-content-center","23":"item-entry","24":"owp-thumbs-layout-horizontal","25":"owp-btn-normal","26":"owp-tabs-layout-section","27":"has-no-thumbnails"},"publishpress_future_action":{"enabled":true,"date":"2026-04-23 01:05:00","action":"category","newStatus":"draft","terms":[230],"taxonomy":"product_cat","extraData":[]},"publishpress_future_workflow_manual_trigger":{"enabledWorkflows":[]},"_links":{"self":[{"href":"https:\/\/www.orto-bar.com\/en\/wp-json\/wp\/v2\/product\/140693","targetHints":{"allow":["GET"]}}],"collection":[{"href":"https:\/\/www.orto-bar.com\/en\/wp-json\/wp\/v2\/product"}],"about":[{"href":"https:\/\/www.orto-bar.com\/en\/wp-json\/wp\/v2\/types\/product"}],"author":[{"embeddable":true,"href":"https:\/\/www.orto-bar.com\/en\/wp-json\/wp\/v2\/users\/11"}],"version-history":[{"count":4,"href":"https:\/\/www.orto-bar.com\/en\/wp-json\/wp\/v2\/product\/140693\/revisions"}],"predecessor-version":[{"id":143761,"href":"https:\/\/www.orto-bar.com\/en\/wp-json\/wp\/v2\/product\/140693\/revisions\/143761"}],"wp:featuredmedia":[{"embeddable":true,"href":"https:\/\/www.orto-bar.com\/en\/wp-json\/wp\/v2\/media\/143758"}],"wp:attachment":[{"href":"https:\/\/www.orto-bar.com\/en\/wp-json\/wp\/v2\/media?parent=140693"}],"wp:term":[{"taxonomy":"product_brand","embeddable":true,"href":"https:\/\/www.orto-bar.com\/en\/wp-json\/wp\/v2\/product_brand?post=140693"},{"taxonomy":"product_cat","embeddable":true,"href":"https:\/\/www.orto-bar.com\/en\/wp-json\/wp\/v2\/product_cat?post=140693"},{"taxonomy":"product_tag","embeddable":true,"href":"https:\/\/www.orto-bar.com\/en\/wp-json\/wp\/v2\/product_tag?post=140693"}],"curies":[{"name":"wp","href":"https:\/\/api.w.org\/{rel}","templated":true}]}}