{"id":140696,"date":"2026-03-04T18:15:45","date_gmt":"2026-03-04T17:15:45","guid":{"rendered":"https:\/\/www.orto-bar.com\/?post_type=product&#038;p=140696"},"modified":"2026-04-21T07:52:24","modified_gmt":"2026-04-21T05:52:24","slug":"knights-of-cydonia-muse-tribute-band","status":"publish","type":"product","link":"https:\/\/www.orto-bar.com\/en\/dogodki\/koncerti\/knights-of-cydonia-muse-tribute-band\/","title":{"rendered":"KNIGHTS OF CYDONIA &#8211; Muse Tribute band"},"content":{"rendered":"<p>&nbsp;<\/p>\n<p><strong>Od leta 2006 so referenca za skupino Muse v Italiji<\/strong>. Prva skupina, ki je uporabila iste instrumente kot originalna zasedba in ponudila realisti\u010den koncert, podoben Muse, ve\u010dino \u010dasa z vizualnimi elementi, sinhroniziranimi s koncertom, in z video materialom z razli\u010dnih svetovnih turnej, da bi ustvarila najbolj\u0161o mo\u017eno izku\u0161njo skupine Muse.<\/p>\n<p>Skupina ponuja vse najbolj\u0161e uspe\u0161nice britanskega tria, od za\u010detkov do danes, vse izklju\u010dno v \u017eivo, s poudarkom na razli\u010dicah v \u017eivo, kjer Muse dajejo vse od sebe.<\/p>\n<p>Letos KNIGHTS OF CYDONIA, najdlje delujo\u010da tribute skupina v Italiji, praznuje 20 let nastopov v \u017eivo. Pridite in bodite del tega neverjetnega ve\u010dera.<\/p>\n<p>&nbsp;<\/p>\n<p>&nbsp;<\/p>\n<p><strong>Since 2006 the reference for Muse in Italy.<\/strong>\u00a0First band to make use of the same instruments used by the original line-up and to offer a realistic Muse-alike show, most of the time with visuals synchronized with the show, using video material from the various world tours to create the best experience possible today.<\/p>\n<p>The band offers\u00a0<strong>all the best hits of the British trio<\/strong>, from the beginning to the present day,\u00a0<strong>all strictly live<\/strong>\u00a0with an eye to the live versions where Muse are known to give their best.<\/p>\n<p>This year, KNIGHTS OF CYDONIA, the longest-running tribute band in Italy, celebrates <strong>20 years of live performances<\/strong>. Come be part of this incredible evening.<\/p>","protected":false},"excerpt":{"rendered":"<p>&nbsp; Od leta 2006 so referenca za skupino Muse v Italiji. Prva skupina, ki je uporabila iste instrumente kot originalna zasedba in ponudila realisti\u010den koncert, podoben Muse, ve\u010dino \u010dasa z vizualnimi elementi, sinhroniziranimi s koncertom, in z video materialom z razli\u010dnih svetovnih turnej, da bi ustvarila najbolj\u0161o mo\u017eno izku\u0161njo skupine Muse. Skupina ponuja vse najbolj\u0161e [&hellip;]<\/p>","protected":false},"author":11,"featured_media":140697,"template":"","meta":{"_seopress_robots_primary_cat":"none","_seopress_titles_title":"","_seopress_titles_desc":"","_seopress_robots_index":""},"product_brand":[],"product_cat":[226],"product_tag":[222],"class_list":{"0":"post-140696","1":"product","2":"type-product","3":"status-publish","4":"has-post-thumbnail","6":"product_cat-koncerti","7":"product_tag-predprodaja","9":"entry","10":"has-media","12":"first","13":"instock","14":"sale","15":"virtual","16":"taxable","17":"purchasable","18":"product-type-simple","19":"has-product-nav","20":"col","21":"span_1_of_4","22":"owp-content-center","23":"item-entry","24":"owp-thumbs-layout-horizontal","25":"owp-btn-normal","26":"owp-tabs-layout-section","27":"has-no-thumbnails"},"publishpress_future_action":{"enabled":true,"date":"2026-05-10 01:15:00","action":"category","newStatus":"draft","terms":[230],"taxonomy":"product_cat","extraData":[]},"publishpress_future_workflow_manual_trigger":{"enabledWorkflows":[]},"_links":{"self":[{"href":"https:\/\/www.orto-bar.com\/en\/wp-json\/wp\/v2\/product\/140696","targetHints":{"allow":["GET"]}}],"collection":[{"href":"https:\/\/www.orto-bar.com\/en\/wp-json\/wp\/v2\/product"}],"about":[{"href":"https:\/\/www.orto-bar.com\/en\/wp-json\/wp\/v2\/types\/product"}],"author":[{"embeddable":true,"href":"https:\/\/www.orto-bar.com\/en\/wp-json\/wp\/v2\/users\/11"}],"version-history":[{"count":1,"href":"https:\/\/www.orto-bar.com\/en\/wp-json\/wp\/v2\/product\/140696\/revisions"}],"predecessor-version":[{"id":140698,"href":"https:\/\/www.orto-bar.com\/en\/wp-json\/wp\/v2\/product\/140696\/revisions\/140698"}],"wp:featuredmedia":[{"embeddable":true,"href":"https:\/\/www.orto-bar.com\/en\/wp-json\/wp\/v2\/media\/140697"}],"wp:attachment":[{"href":"https:\/\/www.orto-bar.com\/en\/wp-json\/wp\/v2\/media?parent=140696"}],"wp:term":[{"taxonomy":"product_brand","embeddable":true,"href":"https:\/\/www.orto-bar.com\/en\/wp-json\/wp\/v2\/product_brand?post=140696"},{"taxonomy":"product_cat","embeddable":true,"href":"https:\/\/www.orto-bar.com\/en\/wp-json\/wp\/v2\/product_cat?post=140696"},{"taxonomy":"product_tag","embeddable":true,"href":"https:\/\/www.orto-bar.com\/en\/wp-json\/wp\/v2\/product_tag?post=140696"}],"curies":[{"name":"wp","href":"https:\/\/api.w.org\/{rel}","templated":true}]}}