{"id":140838,"date":"2026-03-05T11:28:07","date_gmt":"2026-03-05T10:28:07","guid":{"rendered":"https:\/\/www.orto-bar.com\/?post_type=product&#038;p=140838"},"modified":"2026-03-15T16:16:36","modified_gmt":"2026-03-15T15:16:36","slug":"uninvited","status":"publish","type":"product","link":"https:\/\/www.orto-bar.com\/en\/dogodki\/koncerti\/uninvited\/","title":{"rendered":"Uninvited"},"content":{"rendered":"<p>&nbsp;<\/p>\n<p>21. 5. 2026 bo Orto Bar ujet na meji svetlobe in glasbe.<br \/>\nOder bo zavzela skupina Uninvited, ki bo v \u017eivo predstavila svoj prvenec Na meji svetlobe. Album, izdan spomladi 2026, je rezultat umetni\u0161ke rasti benda, ki je po uspe\u0161nem EP-ju Zakaj \u0161e bolj izostril svojo izraznost in samozavest. Predstavitveni koncert bo prilo\u017enost, da nove skladbe v \u017eivo zadihajo v svoji polni obliki.<br \/>\nUninvited je pet\u010dlanska zasedba, katere \u010dlani prihajajo z razli\u010dnih koncev osrednje Slovenije. Od leta 2019 jih povezuje skupna strast do ustvarjanja avtorske glasbe. Njihov zvok zdru\u017euje surovo energijo heavy metala in atmosferi\u010dno intenzivnost modernega rocka. Glasbo ustvarjajo neposredno &#8211; brez bli\u017enjic in olep\u0161evanja. V besedilih se soo\u010dajo z realnostjo vsakdana, obenem pa skozi glasbo i\u0161\u010dejo mo\u010d in prostor za pobeg.<br \/>\n<a href=\"https:\/\/linktr.ee\/uninvitedofficial\">https:\/\/linktr.ee\/uninvitedofficial<\/a><br \/>\n<a href=\"https:\/\/www.youtube.com\/@uninvitedofficial-o8o\">https:\/\/www.youtube.com\/@uninvitedofficial-o8o<\/a><br \/>\nKoncertni ve\u010der bo odprla skupina Free the Mouse, ki bo s svojo energijo poskrbela za mo\u010dan uvod!<br \/>\n<a href=\"https:\/\/linktr.ee\/freethemouseinfo\">https:\/\/linktr.ee\/freethemouseinfo<\/a><br \/>\n<a href=\"https:\/\/www.youtube.com\/@free_the_mouse\">https:\/\/www.youtube.com\/@free_the_mouse<\/a><\/p>\n<p>Vstopnice:<\/p>\n<p>Early bird: 5 \u20ac (omejeno \u0161tevilo)<\/p>\n<p>Predprodaja: 10 \u20ac<\/p>\n<p>Na dan dogodka: 15 \u20ac<\/p>\n<p>Karte so na voljo na spodnji povezavi:<br \/>\nSe vidimo pred odrom,<br \/>\nVa\u0161i Uninvited!<\/p>","protected":false},"excerpt":{"rendered":"<p>&nbsp; 21. 5. 2026 bo Orto Bar ujet na meji svetlobe in glasbe. Oder bo zavzela skupina Uninvited, ki bo v \u017eivo predstavila svoj prvenec Na meji svetlobe. Album, izdan spomladi 2026, je rezultat umetni\u0161ke rasti benda, ki je po uspe\u0161nem EP-ju Zakaj \u0161e bolj izostril svojo izraznost in samozavest. Predstavitveni koncert bo prilo\u017enost, da [&hellip;]<\/p>","protected":false},"author":11,"featured_media":140839,"template":"","meta":{"_seopress_robots_primary_cat":"none","_seopress_titles_title":"","_seopress_titles_desc":"","_seopress_robots_index":""},"product_brand":[],"product_cat":[226],"product_tag":[222],"class_list":{"0":"post-140838","1":"product","2":"type-product","3":"status-publish","4":"has-post-thumbnail","6":"product_cat-koncerti","7":"product_tag-predprodaja","9":"entry","10":"has-media","12":"first","13":"instock","14":"virtual","15":"taxable","16":"product-type-simple","17":"has-product-nav","18":"col","19":"span_1_of_4","20":"owp-content-center","21":"item-entry","22":"owp-thumbs-layout-horizontal","23":"owp-btn-normal","24":"owp-tabs-layout-section","25":"has-no-thumbnails"},"publishpress_future_action":{"enabled":true,"date":"2026-05-22 01:28:00","action":"category","newStatus":"draft","terms":[230],"taxonomy":"product_cat","extraData":[]},"publishpress_future_workflow_manual_trigger":{"enabledWorkflows":[]},"_links":{"self":[{"href":"https:\/\/www.orto-bar.com\/en\/wp-json\/wp\/v2\/product\/140838","targetHints":{"allow":["GET"]}}],"collection":[{"href":"https:\/\/www.orto-bar.com\/en\/wp-json\/wp\/v2\/product"}],"about":[{"href":"https:\/\/www.orto-bar.com\/en\/wp-json\/wp\/v2\/types\/product"}],"author":[{"embeddable":true,"href":"https:\/\/www.orto-bar.com\/en\/wp-json\/wp\/v2\/users\/11"}],"version-history":[{"count":2,"href":"https:\/\/www.orto-bar.com\/en\/wp-json\/wp\/v2\/product\/140838\/revisions"}],"predecessor-version":[{"id":143002,"href":"https:\/\/www.orto-bar.com\/en\/wp-json\/wp\/v2\/product\/140838\/revisions\/143002"}],"wp:featuredmedia":[{"embeddable":true,"href":"https:\/\/www.orto-bar.com\/en\/wp-json\/wp\/v2\/media\/140839"}],"wp:attachment":[{"href":"https:\/\/www.orto-bar.com\/en\/wp-json\/wp\/v2\/media?parent=140838"}],"wp:term":[{"taxonomy":"product_brand","embeddable":true,"href":"https:\/\/www.orto-bar.com\/en\/wp-json\/wp\/v2\/product_brand?post=140838"},{"taxonomy":"product_cat","embeddable":true,"href":"https:\/\/www.orto-bar.com\/en\/wp-json\/wp\/v2\/product_cat?post=140838"},{"taxonomy":"product_tag","embeddable":true,"href":"https:\/\/www.orto-bar.com\/en\/wp-json\/wp\/v2\/product_tag?post=140838"}],"curies":[{"name":"wp","href":"https:\/\/api.w.org\/{rel}","templated":true}]}}