{"id":141116,"date":"2026-03-06T17:48:52","date_gmt":"2026-03-06T16:48:52","guid":{"rendered":"https:\/\/www.orto-bar.com\/?post_type=product&#038;p=141116"},"modified":"2026-04-16T16:40:48","modified_gmt":"2026-04-16T14:40:48","slug":"viaentropia-3","status":"publish","type":"product","link":"https:\/\/www.orto-bar.com\/en\/dogodki\/koncerti\/viaentropia-3\/","title":{"rendered":"viaEntropia, JAJA BOJZ"},"content":{"rendered":"<p>viaEntropia<\/p>\n<p>Irish punk &amp; whiskey rock<\/p>\n<p>Pozor! prihaja viaEntropia!<br \/>\nSkrijte vse, ker spet bo polomija.<br \/>\nFolku zna se strgat nenormalno<br \/>\nin potem se vede nemoralno:<br \/>\nve\u010dkrat je za \u0161ankom piva zmanjkal,<br \/>\nfla\u0161e, pipo, \u010disto vse so stankal.<\/p>\n<p>Zasedba: Jaka Bole (vokal), Helena Domajnko (bas), Dora Domajnko (harmonika), Miran<br \/>\nDomajnko (violina), Tilen Jan (kitara), Virgil Kos (kitara, benjo &amp;amp; back vokal), Nejc Ro\u017eman<br \/>\n(bobni).<\/p>\n<p><strong>JAJA BOJZ<\/strong><\/p>\n<p>Ta veseli dan ali \u0161pil z JAJA BOJZi&#8230;<\/p>\n<p>so \u0161li strojnik (Jan Butara), ekonomist (Niko Homan), ra\u010dunalni\u010dar (Alex Zorko) pa dva \u0161tromarja (Valentin Gale\u0161a in Rok Klobu\u010dar) odprt fermo&#8230;<\/p>\n<p>ste \u017ee skakal po trepalncah? a pol \u0161e niste bli na na\u0161mu \u0161pilu<\/p>\n<p>mi taku \u0161pilamo da \u0161e vrabci okul ns pe\u0161 hodjo<\/p>\n<p>ku \u0161pila jajabojz, more \u0161e ps \u010dez rt lajat<\/p>\n<p>ku \u0161pila jaja bojz se per sam to\u010d<\/p>\n<p>ku \u0161pila jaja bojz, kure nosjo 3-krat na dan<\/p>\n<p>ku \u0161pila jaja bojz, u afriki pada d\u017e<\/p>\n<p>so \u0161li jaja bojzi pomagal sizifu kamn rint pa so ga zabetoneral pa \u0161li raj per pit<\/p>","protected":false},"excerpt":{"rendered":"<p>viaEntropia Irish punk &amp; whiskey rock Pozor! prihaja viaEntropia! Skrijte vse, ker spet bo polomija. Folku zna se strgat nenormalno in potem se vede nemoralno: ve\u010dkrat je za \u0161ankom piva zmanjkal, fla\u0161e, pipo, \u010disto vse so stankal. Zasedba: Jaka Bole (vokal), Helena Domajnko (bas), Dora Domajnko (harmonika), Miran Domajnko (violina), Tilen Jan (kitara), Virgil Kos [&hellip;]<\/p>","protected":false},"author":11,"featured_media":145659,"template":"","meta":{"_seopress_robots_primary_cat":"none","_seopress_titles_title":"","_seopress_titles_desc":"","_seopress_robots_index":""},"product_brand":[],"product_cat":[226],"product_tag":[222],"class_list":{"0":"post-141116","1":"product","2":"type-product","3":"status-publish","4":"has-post-thumbnail","6":"product_cat-koncerti","7":"product_tag-predprodaja","9":"entry","10":"has-media","12":"first","13":"instock","14":"sale","15":"virtual","16":"taxable","17":"purchasable","18":"product-type-simple","19":"has-product-nav","20":"col","21":"span_1_of_4","22":"owp-content-center","23":"item-entry","24":"owp-thumbs-layout-horizontal","25":"owp-btn-normal","26":"owp-tabs-layout-section","27":"has-no-thumbnails"},"publishpress_future_action":{"enabled":true,"date":"2026-06-13 01:48:00","action":"category","newStatus":"draft","terms":[230],"taxonomy":"product_cat","extraData":[]},"publishpress_future_workflow_manual_trigger":{"enabledWorkflows":[]},"_links":{"self":[{"href":"https:\/\/www.orto-bar.com\/en\/wp-json\/wp\/v2\/product\/141116","targetHints":{"allow":["GET"]}}],"collection":[{"href":"https:\/\/www.orto-bar.com\/en\/wp-json\/wp\/v2\/product"}],"about":[{"href":"https:\/\/www.orto-bar.com\/en\/wp-json\/wp\/v2\/types\/product"}],"author":[{"embeddable":true,"href":"https:\/\/www.orto-bar.com\/en\/wp-json\/wp\/v2\/users\/11"}],"version-history":[{"count":3,"href":"https:\/\/www.orto-bar.com\/en\/wp-json\/wp\/v2\/product\/141116\/revisions"}],"predecessor-version":[{"id":145660,"href":"https:\/\/www.orto-bar.com\/en\/wp-json\/wp\/v2\/product\/141116\/revisions\/145660"}],"wp:featuredmedia":[{"embeddable":true,"href":"https:\/\/www.orto-bar.com\/en\/wp-json\/wp\/v2\/media\/145659"}],"wp:attachment":[{"href":"https:\/\/www.orto-bar.com\/en\/wp-json\/wp\/v2\/media?parent=141116"}],"wp:term":[{"taxonomy":"product_brand","embeddable":true,"href":"https:\/\/www.orto-bar.com\/en\/wp-json\/wp\/v2\/product_brand?post=141116"},{"taxonomy":"product_cat","embeddable":true,"href":"https:\/\/www.orto-bar.com\/en\/wp-json\/wp\/v2\/product_cat?post=141116"},{"taxonomy":"product_tag","embeddable":true,"href":"https:\/\/www.orto-bar.com\/en\/wp-json\/wp\/v2\/product_tag?post=141116"}],"curies":[{"name":"wp","href":"https:\/\/api.w.org\/{rel}","templated":true}]}}