{"id":141872,"date":"2026-03-10T15:32:19","date_gmt":"2026-03-10T14:32:19","guid":{"rendered":"https:\/\/www.orto-bar.com\/?post_type=product&#038;p=141872"},"modified":"2026-04-03T12:19:20","modified_gmt":"2026-04-03T10:19:20","slug":"fir-bergamot-in-matija-bolcina","status":"publish","type":"product","link":"https:\/\/www.orto-bar.com\/en\/dogodki\/koncerti\/fir-bergamot-in-matija-bolcina\/","title":{"rendered":"Fir &#038; Bergamot in Matija Bol\u010dina"},"content":{"rendered":"<p>Fir &amp; Bergamot je \u0161tiri\u010dlanski bend, ki zdru\u017euje glasbenike iz Slovenije, Kanade, Kolumbije in Italije. Vsak \u010dlan prihaja iz nekoliko druga\u010dnega glasbenega okolja, njihove pesmi pa nastajajo iz skupnega ob\u010dutka za groove, melodijo in pripovedovanje zgodb.<\/p>\n<p>Njihova avtorska glasba zdru\u017euje elemente popa, rocka, groova, balad in funka ter izhaja iz resni\u010dnih \u017eivljenjskih trenutkov in izku\u0161enj. Bend daje poudarek iskrenim besedilom, zapomnljivim melodijam in ve\u010dglasju.<\/p>\n<p>Na koncertih poleg glasbe delijo tudi zgodbe, ki stojijo za pesmimi, v\u010dasih sme\u0161ne, v\u010dasih nekoliko surove, vedno pa iskrene. Obeta se \u017eivahen ve\u010der avtorske glasbe, dobre energije in pesmi, s katerimi se je lahko povezati in tudi zaplesati.<\/p>","protected":false},"excerpt":{"rendered":"<p>Fir &amp; Bergamot je \u0161tiri\u010dlanski bend, ki zdru\u017euje glasbenike iz Slovenije, Kanade, Kolumbije in Italije. Vsak \u010dlan prihaja iz nekoliko druga\u010dnega glasbenega okolja, njihove pesmi pa nastajajo iz skupnega ob\u010dutka za groove, melodijo in pripovedovanje zgodb. Njihova avtorska glasba zdru\u017euje elemente popa, rocka, groova, balad in funka ter izhaja iz resni\u010dnih \u017eivljenjskih trenutkov in izku\u0161enj. [&hellip;]<\/p>","protected":false},"author":11,"featured_media":141873,"template":"","meta":{"_seopress_robots_primary_cat":"none","_seopress_titles_title":"","_seopress_titles_desc":"","_seopress_robots_index":""},"product_brand":[],"product_cat":[226],"product_tag":[222],"class_list":{"0":"post-141872","1":"product","2":"type-product","3":"status-publish","4":"has-post-thumbnail","6":"product_cat-koncerti","7":"product_tag-predprodaja","9":"entry","10":"has-media","12":"first","13":"instock","14":"sale","15":"virtual","16":"taxable","17":"purchasable","18":"product-type-simple","19":"has-product-nav","20":"col","21":"span_1_of_4","22":"owp-content-center","23":"item-entry","24":"owp-thumbs-layout-horizontal","25":"owp-btn-normal","26":"owp-tabs-layout-section","27":"has-no-thumbnails"},"publishpress_future_action":{"enabled":true,"date":"2026-06-06 01:32:00","action":"category","newStatus":"draft","terms":[230],"taxonomy":"product_cat","extraData":[]},"publishpress_future_workflow_manual_trigger":{"enabledWorkflows":[]},"_links":{"self":[{"href":"https:\/\/www.orto-bar.com\/en\/wp-json\/wp\/v2\/product\/141872","targetHints":{"allow":["GET"]}}],"collection":[{"href":"https:\/\/www.orto-bar.com\/en\/wp-json\/wp\/v2\/product"}],"about":[{"href":"https:\/\/www.orto-bar.com\/en\/wp-json\/wp\/v2\/types\/product"}],"author":[{"embeddable":true,"href":"https:\/\/www.orto-bar.com\/en\/wp-json\/wp\/v2\/users\/11"}],"version-history":[{"count":4,"href":"https:\/\/www.orto-bar.com\/en\/wp-json\/wp\/v2\/product\/141872\/revisions"}],"predecessor-version":[{"id":141877,"href":"https:\/\/www.orto-bar.com\/en\/wp-json\/wp\/v2\/product\/141872\/revisions\/141877"}],"wp:featuredmedia":[{"embeddable":true,"href":"https:\/\/www.orto-bar.com\/en\/wp-json\/wp\/v2\/media\/141873"}],"wp:attachment":[{"href":"https:\/\/www.orto-bar.com\/en\/wp-json\/wp\/v2\/media?parent=141872"}],"wp:term":[{"taxonomy":"product_brand","embeddable":true,"href":"https:\/\/www.orto-bar.com\/en\/wp-json\/wp\/v2\/product_brand?post=141872"},{"taxonomy":"product_cat","embeddable":true,"href":"https:\/\/www.orto-bar.com\/en\/wp-json\/wp\/v2\/product_cat?post=141872"},{"taxonomy":"product_tag","embeddable":true,"href":"https:\/\/www.orto-bar.com\/en\/wp-json\/wp\/v2\/product_tag?post=141872"}],"curies":[{"name":"wp","href":"https:\/\/api.w.org\/{rel}","templated":true}]}}