{"id":144960,"date":"2026-03-27T13:15:17","date_gmt":"2026-03-27T12:15:17","guid":{"rendered":"https:\/\/www.orto-bar.com\/?post_type=product&#038;p=144960"},"modified":"2026-03-27T13:18:40","modified_gmt":"2026-03-27T12:18:40","slug":"sesti-enjoy-your-privacy","status":"publish","type":"product","link":"https:\/\/www.orto-bar.com\/en\/dogodki\/koncerti\/sesti-enjoy-your-privacy\/","title":{"rendered":"\u0160esti, Enjoy Your Privacy"},"content":{"rendered":"<p>\u0160esti je skupina, ki je v svoji notranji razli\u010dnosti in posebnosti ostala zvesto zvesta ustvarjanju glasbe. Z \u017earom u\u017eivajo v svojih pesmih in \u017eelijo graditi na prihodnosti, novi realnosti, razli\u010dnosti in sprejemanju ter ustvarjanju le-te. \u0160esti \u2013 ker ni nujno, da si prvi, da si najbolj\u0161i. Dovolj je, da si iskren in glasen. Spoznaj njihovo glasbo:\u00a0<a href=\"https:\/\/www.youtube.com\/@sesti69?fbclid=IwZXh0bgNhZW0CMTAAYnJpZBExTGl4M3hhZk9wdGZKYXlxU3NydGMGYXBwX2lkEDIyMjAzOTE3ODgyMDA4OTIAAR6vxBjtRbF7jiDDliYNYCZKd0_46RH0xG8z1ch7Oy7LWSIU3YL1xAuhjkAL-Q_aem_HTxTmAZLLo708di2rybNIQ\"><strong>https:\/\/www.youtube.com\/@sesti69<\/strong><\/a><\/p>\n<p>Enjoy Your Privacy (EYP) je slovenski bend, ki v ospredje postavlja intimno izpoved, atmosferi\u010den zvok in besedila z izrazito osebno noto. Prvenec Mali Kabinet je \u017eanrski nabor popa, folka, indie in rocka. Spoznaj njihovo glasbo:\u00a0<a href=\"https:\/\/www.youtube.com\/@enjoyyourprivacy?fbclid=IwZXh0bgNhZW0CMTAAYnJpZBExTGl4M3hhZk9wdGZKYXlxU3NydGMGYXBwX2lkEDIyMjAzOTE3ODgyMDA4OTIAAR5TOPBhII5SthEjJ_0lEoiihDLwtjLSqH2USlWhhDSIMZhuUH6QN7Mwl2xSkA_aem_o70sCf19L7jGPy4qbv0LsQ\"><strong>https:\/\/www.youtube.com\/@enjoyyourprivacy<\/strong><\/a><\/p>","protected":false},"excerpt":{"rendered":"<p>\u0160esti je skupina, ki je v svoji notranji razli\u010dnosti in posebnosti ostala zvesto zvesta ustvarjanju glasbe. Z \u017earom u\u017eivajo v svojih pesmih in \u017eelijo graditi na prihodnosti, novi realnosti, razli\u010dnosti in sprejemanju ter ustvarjanju le-te. \u0160esti \u2013 ker ni nujno, da si prvi, da si najbolj\u0161i. Dovolj je, da si iskren in glasen. Spoznaj njihovo [&hellip;]<\/p>","protected":false},"author":11,"featured_media":144961,"template":"","meta":{"_seopress_robots_primary_cat":"none","_seopress_titles_title":"","_seopress_titles_desc":"","_seopress_robots_index":""},"product_brand":[],"product_cat":[226],"product_tag":[222],"class_list":{"0":"post-144960","1":"product","2":"type-product","3":"status-publish","4":"has-post-thumbnail","6":"product_cat-koncerti","7":"product_tag-predprodaja","9":"entry","10":"has-media","12":"first","13":"instock","14":"sale","15":"virtual","16":"taxable","17":"purchasable","18":"product-type-simple","19":"has-product-nav","20":"col","21":"span_1_of_4","22":"owp-content-center","23":"item-entry","24":"owp-thumbs-layout-horizontal","25":"owp-btn-normal","26":"owp-tabs-layout-section","27":"has-no-thumbnails"},"publishpress_future_action":{"enabled":true,"date":"2026-06-19 01:15:00","action":"category","newStatus":"draft","terms":[230],"taxonomy":"product_cat","extraData":[]},"publishpress_future_workflow_manual_trigger":{"enabledWorkflows":[]},"_links":{"self":[{"href":"https:\/\/www.orto-bar.com\/en\/wp-json\/wp\/v2\/product\/144960","targetHints":{"allow":["GET"]}}],"collection":[{"href":"https:\/\/www.orto-bar.com\/en\/wp-json\/wp\/v2\/product"}],"about":[{"href":"https:\/\/www.orto-bar.com\/en\/wp-json\/wp\/v2\/types\/product"}],"author":[{"embeddable":true,"href":"https:\/\/www.orto-bar.com\/en\/wp-json\/wp\/v2\/users\/11"}],"version-history":[{"count":1,"href":"https:\/\/www.orto-bar.com\/en\/wp-json\/wp\/v2\/product\/144960\/revisions"}],"predecessor-version":[{"id":144962,"href":"https:\/\/www.orto-bar.com\/en\/wp-json\/wp\/v2\/product\/144960\/revisions\/144962"}],"wp:featuredmedia":[{"embeddable":true,"href":"https:\/\/www.orto-bar.com\/en\/wp-json\/wp\/v2\/media\/144961"}],"wp:attachment":[{"href":"https:\/\/www.orto-bar.com\/en\/wp-json\/wp\/v2\/media?parent=144960"}],"wp:term":[{"taxonomy":"product_brand","embeddable":true,"href":"https:\/\/www.orto-bar.com\/en\/wp-json\/wp\/v2\/product_brand?post=144960"},{"taxonomy":"product_cat","embeddable":true,"href":"https:\/\/www.orto-bar.com\/en\/wp-json\/wp\/v2\/product_cat?post=144960"},{"taxonomy":"product_tag","embeddable":true,"href":"https:\/\/www.orto-bar.com\/en\/wp-json\/wp\/v2\/product_tag?post=144960"}],"curies":[{"name":"wp","href":"https:\/\/api.w.org\/{rel}","templated":true}]}}