{"id":145655,"date":"2026-04-01T13:46:25","date_gmt":"2026-04-01T11:46:25","guid":{"rendered":"https:\/\/www.orto-bar.com\/?post_type=product&#038;p=145655"},"modified":"2026-05-06T04:29:08","modified_gmt":"2026-05-06T02:29:08","slug":"orto-fest-2026-fabrika-buke-in-zoran-calic-band","status":"publish","type":"product","link":"https:\/\/www.orto-bar.com\/en\/dogodki\/arhiv\/orto-fest-2026-fabrika-buke-in-zoran-calic-band\/","title":{"rendered":"Orto Fest 2026 &#8211; Fabrika Buke in  Zoran \u010cali\u0107 Band"},"content":{"rendered":"<p>V\u010dasih je dovolj en ve\u010der, da te spomni, zakaj sploh hodi\u0161 na koncerte. Ta je eden takih.<\/p>\n<p><strong>\u010cetrtek, 23. april 2026, Orto Bar, Ljubljana, Ortofest<\/strong><\/p>\n<p>Na odru: <strong>Fabrika Buke<\/strong> + <strong>Zoran \u010cali\u0107 Band<\/strong><\/p>\n<p>&nbsp;<\/p>\n<p><strong>Fabrika Buke &#8211; analogni upor v digitalnem \u010dasu<\/strong><\/p>\n<p>PREMIERNO Rock kvartet iz Posavja, ki je nastal iz gole potrebe po ustvarjanju. Ne zaradi trenda, ampak zaradi nuje. Fabrika Buke gradi svoj zvok na prvinskem, skoraj gara\u017enem izrazu, kjer se analogni \u0161um zavestno postavi proti sterilnosti digitalne dobe. To je njihov prvi koncert.<\/p>\n<p>Gre za ekipo izku\u0161enih glasbenikov (ex-Shyam, ex-Demolition Group,ex Buldo\u017eer,ex Laibach), ki imajo za sabo ve\u010d albumov, kot je prstov na rokah in nogah in ravno zato nimajo ve\u010d potrebe po dokazovanju. Njihov pristop je osvobojen pretenzij, a hkrati izjemno fokusiran: komadi nastajajo po\u010dasi, premi\u0161ljeno, z ob\u010dutkom.<\/p>\n<p>Tematsko se lotevajo odnosov, osebnih zgodb in drobnih absurditet sveta, vse skupaj zapakirano v rahlo romanti\u010den, mestoma hudomu\u0161en izraz. Teksti v srb\u0161\u010dini niso naklju\u010dje: so zavestna vrnitev h koreninam in subtilna provokacija v dana\u0161njem \u010dasu.<\/p>\n<p>Trenutno zaklju\u010dujejo svoj <strong>prvi album<\/strong>, ki bo iz\u0161el <strong>konec leta 2026<\/strong>, \u017ee kmalu pa prihaja tudi <strong>prvi single <em>Izgubljene ptice<\/em>.<\/strong><\/p>\n<p>Na odru:<br \/>\nMilo\u0161 Radosavljevi\u0107 &#8211; vokal, kitara<br \/>\nVen Jemer\u0161i\u0107 &#8211; bas, vokal<br \/>\nJure Turel &#8211; kitara<br \/>\nMatja\u017e Pegam &#8211; bobni, vokal<\/p>\n<p>&nbsp;<\/p>\n<p><strong>Zoran \u010cali\u0107 Band &#8211; mojster, ki se vra\u010da k bistvu<\/strong><\/p>\n<p>Zoran \u010cali\u0107 je ime s te\u017eo rokenrola. Soustvarjalec zvoka legendarnih Majk, dolgoletni \u010dlan Big Foot Mame in avtor, ki je skozi desetletja izpilil svoj glasbeni izraz.<\/p>\n<p>Njegova aktualna zgodba ni nostalgija, je vrnitev k bistvu. V trio formatu, kjer ni prostora za odve\u010dno, raziskuje surov, elektri\u010dni blues 21. stoletja. Vse stoji na odnosu med tremi glasbeniki, na dinamiki, na ob\u010dutku.<\/p>\n<p>Njegov pristop je zrel, neposreden in brezkompromisen. Njegova glasba ne potrebuje razlage, ampak prostor in glasnost.<\/p>\n<p>Tudi <strong>Zoran \u010cali\u0107 Band<\/strong> pripravlja <strong>nov album<\/strong>, ki bo iz\u0161el <strong>konec leta 2026,\u00a0<\/strong>ta koncert pa je redka prilo\u017enost, da ta material ujame\u0161 v njegovi najbolj \u017eivi, neukro\u010deni obliki.<\/p>\n<p>Zoran \u010cali\u0107 &#8211; vokal &amp; kitara<br \/>\nJernej Andreja\u0161 &#8211; bas<br \/>\nEnos Kugler &#8211; bobni<\/p>\n<p>&nbsp;<\/p>\n<p>Organizator: Alivea<\/p>\n<p>&nbsp;<\/p>\n<p>&nbsp;<\/p>","protected":false},"excerpt":{"rendered":"<p>V\u010dasih je dovolj en ve\u010der, da te spomni, zakaj sploh hodi\u0161 na koncerte. Ta je eden takih. \u010cetrtek, 23. april 2026, Orto Bar, Ljubljana, Ortofest Na odru: Fabrika Buke + Zoran \u010cali\u0107 Band &nbsp; Fabrika Buke &#8211; analogni upor v digitalnem \u010dasu PREMIERNO Rock kvartet iz Posavja, ki je nastal iz gole potrebe po ustvarjanju. [&hellip;]<\/p>","protected":false},"author":11,"featured_media":145656,"template":"","meta":{"_seopress_robots_primary_cat":"none","_seopress_titles_title":"","_seopress_titles_desc":"","_seopress_robots_index":""},"product_brand":[],"product_cat":[230],"product_tag":[222],"class_list":{"0":"post-145655","1":"product","2":"type-product","3":"status-publish","4":"has-post-thumbnail","6":"product_cat-arhiv","7":"product_tag-predprodaja","9":"entry","10":"has-media","12":"first","13":"instock","14":"virtual","15":"taxable","16":"product-type-simple","17":"has-product-nav","18":"col","19":"span_1_of_4","20":"owp-content-center","21":"item-entry","22":"owp-thumbs-layout-horizontal","23":"owp-btn-normal","24":"owp-tabs-layout-section","25":"has-no-thumbnails"},"publishpress_future_action":{"enabled":false,"date":"2026-05-13 14:47:07","action":"change-status","newStatus":"draft","terms":[],"taxonomy":"product_cat","extraData":[]},"publishpress_future_workflow_manual_trigger":{"enabledWorkflows":[]},"_links":{"self":[{"href":"https:\/\/www.orto-bar.com\/en\/wp-json\/wp\/v2\/product\/145655","targetHints":{"allow":["GET"]}}],"collection":[{"href":"https:\/\/www.orto-bar.com\/en\/wp-json\/wp\/v2\/product"}],"about":[{"href":"https:\/\/www.orto-bar.com\/en\/wp-json\/wp\/v2\/types\/product"}],"author":[{"embeddable":true,"href":"https:\/\/www.orto-bar.com\/en\/wp-json\/wp\/v2\/users\/11"}],"version-history":[{"count":3,"href":"https:\/\/www.orto-bar.com\/en\/wp-json\/wp\/v2\/product\/145655\/revisions"}],"predecessor-version":[{"id":145679,"href":"https:\/\/www.orto-bar.com\/en\/wp-json\/wp\/v2\/product\/145655\/revisions\/145679"}],"wp:featuredmedia":[{"embeddable":true,"href":"https:\/\/www.orto-bar.com\/en\/wp-json\/wp\/v2\/media\/145656"}],"wp:attachment":[{"href":"https:\/\/www.orto-bar.com\/en\/wp-json\/wp\/v2\/media?parent=145655"}],"wp:term":[{"taxonomy":"product_brand","embeddable":true,"href":"https:\/\/www.orto-bar.com\/en\/wp-json\/wp\/v2\/product_brand?post=145655"},{"taxonomy":"product_cat","embeddable":true,"href":"https:\/\/www.orto-bar.com\/en\/wp-json\/wp\/v2\/product_cat?post=145655"},{"taxonomy":"product_tag","embeddable":true,"href":"https:\/\/www.orto-bar.com\/en\/wp-json\/wp\/v2\/product_tag?post=145655"}],"curies":[{"name":"wp","href":"https:\/\/api.w.org\/{rel}","templated":true}]}}