{"id":145830,"date":"2026-04-02T11:17:20","date_gmt":"2026-04-02T09:17:20","guid":{"rendered":"https:\/\/www.orto-bar.com\/?post_type=product&#038;p=145830"},"modified":"2026-04-02T11:23:41","modified_gmt":"2026-04-02T09:23:41","slug":"sleepwalkers-bring-me-the-horizont-tribute-band","status":"publish","type":"product","link":"https:\/\/www.orto-bar.com\/en\/dogodki\/koncerti\/sleepwalkers-bring-me-the-horizont-tribute-band\/","title":{"rendered":"SLEEPWALKERS- Bring Me The Horizont Tribute band"},"content":{"rendered":"<p>Sleepwalkers so edini pravi Bring Me The Horizon tribute band iz Italije, ki \u017ee od leta 2017 navdu\u0161uje z energi\u010dnim in vizualno dovr\u0161enim koncertnim spektaklom.<br \/>\nPripravite se na ve\u010der, kjer boste sli\u0161ali vse \u2013 od Sempiternal, That\u2019s The Spirit, Amo in Post Human, pa vse do starej\u0161ih klasik iz Suicide Season. Zvok, energija in atmosfera vas bodo popolnoma potegnili v svet ene najve\u010djih rock\/metal skupin dana\u0161njega \u010dasa.<br \/>\nGre za edinstven show, ki zdru\u017euje najve\u010dje hite in intenzivno koncertno izku\u0161njo, ki je ne \u017eelite zamuditi.<br \/>\nBand je v letih delovanja nastopal na \u0161tevilnih odrih po Italiji in Evropi (VB, Nem\u010dija, \u010ce\u0161ka, Slova\u0161ka, Francija) ter si ustvaril mo\u010dno ime na tribute sceni.<\/p>\n<p>Pridi in do\u017eivi BMTH energijo v \u017eivo<\/p>\n<p>&nbsp;<\/p>","protected":false},"excerpt":{"rendered":"<p>Sleepwalkers so edini pravi Bring Me The Horizon tribute band iz Italije, ki \u017ee od leta 2017 navdu\u0161uje z energi\u010dnim in vizualno dovr\u0161enim koncertnim spektaklom. Pripravite se na ve\u010der, kjer boste sli\u0161ali vse \u2013 od Sempiternal, That\u2019s The Spirit, Amo in Post Human, pa vse do starej\u0161ih klasik iz Suicide Season. Zvok, energija in atmosfera [&hellip;]<\/p>","protected":false},"author":11,"featured_media":145831,"template":"","meta":{"_seopress_robots_primary_cat":"none","_seopress_titles_title":"","_seopress_titles_desc":"","_seopress_robots_index":""},"product_brand":[],"product_cat":[226],"product_tag":[222],"class_list":{"0":"post-145830","1":"product","2":"type-product","3":"status-publish","4":"has-post-thumbnail","6":"product_cat-koncerti","7":"product_tag-predprodaja","9":"entry","10":"has-media","12":"first","13":"instock","14":"sale","15":"virtual","16":"taxable","17":"purchasable","18":"product-type-simple","19":"has-product-nav","20":"col","21":"span_1_of_4","22":"owp-content-center","23":"item-entry","24":"owp-thumbs-layout-horizontal","25":"owp-btn-normal","26":"owp-tabs-layout-section","27":"has-no-thumbnails"},"publishpress_future_action":{"enabled":true,"date":"2026-06-21 01:17:00","action":"category","newStatus":"draft","terms":[230],"taxonomy":"product_cat","extraData":[]},"publishpress_future_workflow_manual_trigger":{"enabledWorkflows":[]},"_links":{"self":[{"href":"https:\/\/www.orto-bar.com\/en\/wp-json\/wp\/v2\/product\/145830","targetHints":{"allow":["GET"]}}],"collection":[{"href":"https:\/\/www.orto-bar.com\/en\/wp-json\/wp\/v2\/product"}],"about":[{"href":"https:\/\/www.orto-bar.com\/en\/wp-json\/wp\/v2\/types\/product"}],"author":[{"embeddable":true,"href":"https:\/\/www.orto-bar.com\/en\/wp-json\/wp\/v2\/users\/11"}],"version-history":[{"count":1,"href":"https:\/\/www.orto-bar.com\/en\/wp-json\/wp\/v2\/product\/145830\/revisions"}],"predecessor-version":[{"id":145832,"href":"https:\/\/www.orto-bar.com\/en\/wp-json\/wp\/v2\/product\/145830\/revisions\/145832"}],"wp:featuredmedia":[{"embeddable":true,"href":"https:\/\/www.orto-bar.com\/en\/wp-json\/wp\/v2\/media\/145831"}],"wp:attachment":[{"href":"https:\/\/www.orto-bar.com\/en\/wp-json\/wp\/v2\/media?parent=145830"}],"wp:term":[{"taxonomy":"product_brand","embeddable":true,"href":"https:\/\/www.orto-bar.com\/en\/wp-json\/wp\/v2\/product_brand?post=145830"},{"taxonomy":"product_cat","embeddable":true,"href":"https:\/\/www.orto-bar.com\/en\/wp-json\/wp\/v2\/product_cat?post=145830"},{"taxonomy":"product_tag","embeddable":true,"href":"https:\/\/www.orto-bar.com\/en\/wp-json\/wp\/v2\/product_tag?post=145830"}],"curies":[{"name":"wp","href":"https:\/\/api.w.org\/{rel}","templated":true}]}}