{"id":146061,"date":"2026-04-03T15:48:37","date_gmt":"2026-04-03T13:48:37","guid":{"rendered":"https:\/\/www.orto-bar.com\/?post_type=product&#038;p=146061"},"modified":"2026-04-30T15:23:53","modified_gmt":"2026-04-30T13:23:53","slug":"fallen-divisionemona","status":"publish","type":"product","link":"https:\/\/www.orto-bar.com\/en\/dogodki\/koncerti\/fallen-divisionemona\/","title":{"rendered":"Fallen Division,Emona"},"content":{"rendered":"<p>&nbsp;<\/p>\n<p>Pet\u010dlanska skupina FALLEN DIVISION prihaja iz centralne Slovenije. Z glasbo se \u010dlani navdu\u0161eno ukvarjajo \u017ee od osnovne \u0161ole, nekateri \u010dlani so sodelovali tudi v \u0161olskih zasedbah. Na skupno ustvarjalno pot so se podali pred dvema letoma, a imajo \u017ee kar nekaj avtorskega materiala. Gibljejo se v rock sferi z ob\u010dasnimi pop niansami.<\/p>\n<p>EMONA je ljubljanska pop-rock skupina, ki je v osr\u010dju mesta nastala kot kolaboracija EMA finalista Alekseja (PolarAce), kitarista Marka, basista in kitarista Ga\u0161perja in bobnarja ter producenta par-excellence Matev\u017ea. Skupaj so oblikovali razpoznaven rock zvok z mo\u010dnimi pridihi pop-a, jazz-a in \u0161e mnogo \u010desa. Skupaj nastopajo in terorizirajo slovenske odre \u017ee od 2024.<\/p>\n<p>&nbsp;<\/p>","protected":false},"excerpt":{"rendered":"<p>&nbsp; Pet\u010dlanska skupina FALLEN DIVISION prihaja iz centralne Slovenije. Z glasbo se \u010dlani navdu\u0161eno ukvarjajo \u017ee od osnovne \u0161ole, nekateri \u010dlani so sodelovali tudi v \u0161olskih zasedbah. Na skupno ustvarjalno pot so se podali pred dvema letoma, a imajo \u017ee kar nekaj avtorskega materiala. Gibljejo se v rock sferi z ob\u010dasnimi pop niansami. EMONA je [&hellip;]<\/p>","protected":false},"author":11,"featured_media":146062,"template":"","meta":{"_seopress_robots_primary_cat":"none","_seopress_titles_title":"","_seopress_titles_desc":"","_seopress_robots_index":""},"product_brand":[],"product_cat":[226],"product_tag":[222],"class_list":{"0":"post-146061","1":"product","2":"type-product","3":"status-publish","4":"has-post-thumbnail","6":"product_cat-koncerti","7":"product_tag-predprodaja","9":"entry","10":"has-media","12":"first","13":"instock","14":"virtual","15":"taxable","16":"product-type-simple","17":"has-product-nav","18":"col","19":"span_1_of_4","20":"owp-content-center","21":"item-entry","22":"owp-thumbs-layout-horizontal","23":"owp-btn-normal","24":"owp-tabs-layout-section","25":"has-no-thumbnails"},"publishpress_future_action":{"enabled":true,"date":"2026-07-01 13:48:00","action":"category","newStatus":"draft","terms":[230],"taxonomy":"product_cat","extraData":[]},"publishpress_future_workflow_manual_trigger":{"enabledWorkflows":[]},"_links":{"self":[{"href":"https:\/\/www.orto-bar.com\/en\/wp-json\/wp\/v2\/product\/146061","targetHints":{"allow":["GET"]}}],"collection":[{"href":"https:\/\/www.orto-bar.com\/en\/wp-json\/wp\/v2\/product"}],"about":[{"href":"https:\/\/www.orto-bar.com\/en\/wp-json\/wp\/v2\/types\/product"}],"author":[{"embeddable":true,"href":"https:\/\/www.orto-bar.com\/en\/wp-json\/wp\/v2\/users\/11"}],"version-history":[{"count":1,"href":"https:\/\/www.orto-bar.com\/en\/wp-json\/wp\/v2\/product\/146061\/revisions"}],"predecessor-version":[{"id":146063,"href":"https:\/\/www.orto-bar.com\/en\/wp-json\/wp\/v2\/product\/146061\/revisions\/146063"}],"wp:featuredmedia":[{"embeddable":true,"href":"https:\/\/www.orto-bar.com\/en\/wp-json\/wp\/v2\/media\/146062"}],"wp:attachment":[{"href":"https:\/\/www.orto-bar.com\/en\/wp-json\/wp\/v2\/media?parent=146061"}],"wp:term":[{"taxonomy":"product_brand","embeddable":true,"href":"https:\/\/www.orto-bar.com\/en\/wp-json\/wp\/v2\/product_brand?post=146061"},{"taxonomy":"product_cat","embeddable":true,"href":"https:\/\/www.orto-bar.com\/en\/wp-json\/wp\/v2\/product_cat?post=146061"},{"taxonomy":"product_tag","embeddable":true,"href":"https:\/\/www.orto-bar.com\/en\/wp-json\/wp\/v2\/product_tag?post=146061"}],"curies":[{"name":"wp","href":"https:\/\/api.w.org\/{rel}","templated":true}]}}