{"id":146835,"date":"2026-04-09T13:47:32","date_gmt":"2026-04-09T11:47:32","guid":{"rendered":"https:\/\/www.orto-bar.com\/?post_type=product&#038;p=146835"},"modified":"2026-04-09T13:51:48","modified_gmt":"2026-04-09T11:51:48","slug":"orto-stand-up","status":"publish","type":"product","link":"https:\/\/www.orto-bar.com\/en\/dogodki\/koncerti\/orto-stand-up\/","title":{"rendered":"Orto Stand Up"},"content":{"rendered":"<p><strong>V \u010detrtek, 21.5., nas pridejo v Orto bar nasmejat kar \u0161tirje slovenski komiki, Ga\u0161per Bergant, Marko \u017derjal, David Gorin\u0161ek in Lana Kolar!<\/strong><\/p>\n<p>&nbsp;<\/p>","protected":false},"excerpt":{"rendered":"<p>V \u010detrtek, 21.5., nas pridejo v Orto bar nasmejat kar \u0161tirje slovenski komiki, Ga\u0161per Bergant, Marko \u017derjal, David Gorin\u0161ek in Lana Kolar! &nbsp;<\/p>","protected":false},"author":11,"featured_media":146836,"template":"","meta":{"_seopress_robots_primary_cat":"none","_seopress_titles_title":"","_seopress_titles_desc":"","_seopress_robots_index":""},"product_brand":[],"product_cat":[226],"product_tag":[222],"class_list":{"0":"post-146835","1":"product","2":"type-product","3":"status-publish","4":"has-post-thumbnail","6":"product_cat-koncerti","7":"product_tag-predprodaja","9":"entry","10":"has-media","12":"first","13":"instock","14":"sale","15":"virtual","16":"taxable","17":"purchasable","18":"product-type-simple","19":"has-product-nav","20":"col","21":"span_1_of_4","22":"owp-content-center","23":"item-entry","24":"owp-thumbs-layout-horizontal","25":"owp-btn-normal","26":"owp-tabs-layout-section","27":"has-no-thumbnails"},"publishpress_future_action":{"enabled":true,"date":"2026-05-22 01:47:00","action":"category","newStatus":"draft","terms":[230],"taxonomy":"product_cat","extraData":[]},"publishpress_future_workflow_manual_trigger":{"enabledWorkflows":[]},"_links":{"self":[{"href":"https:\/\/www.orto-bar.com\/en\/wp-json\/wp\/v2\/product\/146835","targetHints":{"allow":["GET"]}}],"collection":[{"href":"https:\/\/www.orto-bar.com\/en\/wp-json\/wp\/v2\/product"}],"about":[{"href":"https:\/\/www.orto-bar.com\/en\/wp-json\/wp\/v2\/types\/product"}],"author":[{"embeddable":true,"href":"https:\/\/www.orto-bar.com\/en\/wp-json\/wp\/v2\/users\/11"}],"version-history":[{"count":1,"href":"https:\/\/www.orto-bar.com\/en\/wp-json\/wp\/v2\/product\/146835\/revisions"}],"predecessor-version":[{"id":146837,"href":"https:\/\/www.orto-bar.com\/en\/wp-json\/wp\/v2\/product\/146835\/revisions\/146837"}],"wp:featuredmedia":[{"embeddable":true,"href":"https:\/\/www.orto-bar.com\/en\/wp-json\/wp\/v2\/media\/146836"}],"wp:attachment":[{"href":"https:\/\/www.orto-bar.com\/en\/wp-json\/wp\/v2\/media?parent=146835"}],"wp:term":[{"taxonomy":"product_brand","embeddable":true,"href":"https:\/\/www.orto-bar.com\/en\/wp-json\/wp\/v2\/product_brand?post=146835"},{"taxonomy":"product_cat","embeddable":true,"href":"https:\/\/www.orto-bar.com\/en\/wp-json\/wp\/v2\/product_cat?post=146835"},{"taxonomy":"product_tag","embeddable":true,"href":"https:\/\/www.orto-bar.com\/en\/wp-json\/wp\/v2\/product_tag?post=146835"}],"curies":[{"name":"wp","href":"https:\/\/api.w.org\/{rel}","templated":true}]}}