{"id":146838,"date":"2026-04-09T13:57:18","date_gmt":"2026-04-09T11:57:18","guid":{"rendered":"https:\/\/www.orto-bar.com\/?post_type=product&#038;p=146838"},"modified":"2026-04-09T14:19:40","modified_gmt":"2026-04-09T12:19:40","slug":"cado-in-frantiks","status":"publish","type":"product","link":"https:\/\/www.orto-bar.com\/en\/dogodki\/koncerti\/cado-in-frantiks\/","title":{"rendered":"CAD\u00d3 in FRANTIKS"},"content":{"rendered":"<p>&nbsp;<\/p>\n<p><strong>CAD\u00d3 &amp; FRANTIKS | \u010cetrtek, 14. maj 2026 | Orto Bar, Ljubljana | 19.30<\/strong><\/p>\n<p><strong>Ritmi rock&#8217;n&#8217;rolla, popa in <\/strong><strong>soula! <\/strong>Dva benda. Dva udarna albuma. Ena no\u010d, ki je ne bo\u0161 pozabil.<\/p>\n<p>&nbsp;<\/p>\n<p><strong>CAD\u00d3<\/strong>\u00a0(v franco\u0161\u010dini\u00a0<em>le cadeau<\/em>\u00a0\u2013 darilo) prepleta eleganco popa, surovost rocka in \u010dutnost soula v edinstveno glasbeno izku\u0161njo. Njihova glasba je potovanje skozi sr\u017e \u010dlove\u0161kih \u010dustev, odnosov in notranjih iskanj \u2013 od introspektivnih trenutkov ti\u0161ine do eksplozivnega veselja skupnih avantur. Z albumom\u00a0<strong>RITUAL<\/strong>\u00a0CAD\u00d3 odpira nova glasbena obzorja, neustra\u0161no eksperimentira, a vedno s svojo prepoznavno esenco, ki te povabi v njihov svet \u2013 in te tam zadr\u017ei. Novi album je \u017ee v nastajanju, zato pripravi u\u0161esa \u2013 na odru bo\u0161 poleg preizku\u0161enih hitov med prvimi sli\u0161al tudi povsem sve\u017ee, \u0161e neizdane skladbe!<br \/>\nWeb: <a href=\"https:\/\/cado.band\">https:\/\/cado.band<\/a><\/p>\n<p>Facebook: <a href=\"https:\/\/www.facebook.com\/CADOmusicgroup\">https:\/\/www.facebook.com\/CADOmusicgroup<\/a><\/p>\n<p>YouTube: <a href=\"https:\/\/www.youtube.com\/@cadomusicgroup\">https:\/\/www.youtube.com\/@cadomusicgroup<\/a><\/p>\n<p>Spotify: <a href=\"https:\/\/open.spotify.com\/artist\/75WfjNGzCWahHI80ruHshD\">https:\/\/open.spotify.com\/artist\/75WfjNGzCWahHI80ruHshD<\/a><\/p>\n<p>Apple Music in iTunes: <a href=\"https:\/\/music.apple.com\/us\/artist\/cad%C3%B3\/1749861103\">https:\/\/music.apple.com\/us\/artist\/cad%C3%B3\/1749861103<\/a><\/p>\n<p>&nbsp;<\/p>\n<p><strong>FRANTIKS<\/strong>\u00a0so bend, ki zavra\u010da vse kli\u0161eje in napolni oder z neuklonljivo energijo. Skupina, heterogena po starosti, izku\u0161njah, glasbeni izobrazbi \u2013 pa tudi telesni te\u017ei, vi\u0161ini in lepoti \u2013 prina\u0161a osve\u017eujo\u010do me\u0161anico rocka, ki je ravno prav surova in ravno prav nalezljiva. Ker je &#8220;sex, drugs &amp; rock&#8217;n&#8217;roll&#8221; nekoliko iz mode in preve\u010d naporen, Frantiks raje re\u0161ujejo svet \u2013 z glasbo. Po vzoru vseh misic sveta nameravajo ustaviti vse vojne, re\u0161iti lakoto, podnebne spremembe in ogro\u017eene \u017eivalske vrste. Posebej slovenskega progastega go\u017ea. Ni malo! Tudi Frantiks pridno kujejo drugi album, zato bodo na oder prinesli sve\u017ee pesmi, ki jih \u0161e nih\u010de ni sli\u0161al \u2013 ekskluzivna predpremiera!<\/p>\n<p>Dva razli\u010dna svetova, ena skupna strast: glasba, ki te premakne.<\/p>\n<p>Facebook: <a href=\"https:\/\/www.facebook.com\/frantiks\">https:\/\/www.facebook.com\/frantiks<\/a><\/p>\n<p>YouTube: <a href=\"https:\/\/www.youtube.com\/@Frantiks-k1k\">https:\/\/www.youtube.com\/@Frantiks-k1k<\/a><\/p>\n<p>Spotify: <a href=\"https:\/\/open.spotify.com\/artist\/4RMe4Qth6bXOkB73aPWLGa\">https:\/\/open.spotify.com\/artist\/4RMe4Qth6bXOkB73aPWLGa<\/a><\/p>\n<p>Apple Music in iTunes: <a href=\"https:\/\/music.apple.com\/si\/artist\/frantiks\/1792262552\">https:\/\/music.apple.com\/si\/artist\/frantiks\/1792262552<\/a><\/p>\n<p>&nbsp;<\/p>\n<p><strong>Vrata: <\/strong><strong>19:00 | Orto Bar, Ljubljana<\/strong><\/p>\n<p>Pridite, preden zmanjka prostora.<\/p>\n<p>&nbsp;<\/p>","protected":false},"excerpt":{"rendered":"<p>&nbsp; CAD\u00d3 &amp; FRANTIKS | \u010cetrtek, 14. maj 2026 | Orto Bar, Ljubljana | 19.30 Ritmi rock&#8217;n&#8217;rolla, popa in soula! Dva benda. Dva udarna albuma. Ena no\u010d, ki je ne bo\u0161 pozabil. &nbsp; CAD\u00d3\u00a0(v franco\u0161\u010dini\u00a0le cadeau\u00a0\u2013 darilo) prepleta eleganco popa, surovost rocka in \u010dutnost soula v edinstveno glasbeno izku\u0161njo. Njihova glasba je potovanje skozi sr\u017e [&hellip;]<\/p>","protected":false},"author":11,"featured_media":146842,"template":"","meta":{"_seopress_robots_primary_cat":"none","_seopress_titles_title":"","_seopress_titles_desc":"","_seopress_robots_index":""},"product_brand":[],"product_cat":[226],"product_tag":[222],"class_list":{"0":"post-146838","1":"product","2":"type-product","3":"status-publish","4":"has-post-thumbnail","6":"product_cat-koncerti","7":"product_tag-predprodaja","9":"entry","10":"has-media","12":"first","13":"instock","14":"sale","15":"virtual","16":"taxable","17":"purchasable","18":"product-type-simple","19":"has-product-nav","20":"col","21":"span_1_of_4","22":"owp-content-center","23":"item-entry","24":"owp-thumbs-layout-horizontal","25":"owp-btn-normal","26":"owp-tabs-layout-section","27":"has-no-thumbnails"},"publishpress_future_action":{"enabled":true,"date":"2026-05-15 01:57:00","action":"category","newStatus":"draft","terms":[230],"taxonomy":"product_cat","extraData":[]},"publishpress_future_workflow_manual_trigger":{"enabledWorkflows":[]},"_links":{"self":[{"href":"https:\/\/www.orto-bar.com\/en\/wp-json\/wp\/v2\/product\/146838","targetHints":{"allow":["GET"]}}],"collection":[{"href":"https:\/\/www.orto-bar.com\/en\/wp-json\/wp\/v2\/product"}],"about":[{"href":"https:\/\/www.orto-bar.com\/en\/wp-json\/wp\/v2\/types\/product"}],"author":[{"embeddable":true,"href":"https:\/\/www.orto-bar.com\/en\/wp-json\/wp\/v2\/users\/11"}],"version-history":[{"count":3,"href":"https:\/\/www.orto-bar.com\/en\/wp-json\/wp\/v2\/product\/146838\/revisions"}],"predecessor-version":[{"id":146843,"href":"https:\/\/www.orto-bar.com\/en\/wp-json\/wp\/v2\/product\/146838\/revisions\/146843"}],"wp:featuredmedia":[{"embeddable":true,"href":"https:\/\/www.orto-bar.com\/en\/wp-json\/wp\/v2\/media\/146842"}],"wp:attachment":[{"href":"https:\/\/www.orto-bar.com\/en\/wp-json\/wp\/v2\/media?parent=146838"}],"wp:term":[{"taxonomy":"product_brand","embeddable":true,"href":"https:\/\/www.orto-bar.com\/en\/wp-json\/wp\/v2\/product_brand?post=146838"},{"taxonomy":"product_cat","embeddable":true,"href":"https:\/\/www.orto-bar.com\/en\/wp-json\/wp\/v2\/product_cat?post=146838"},{"taxonomy":"product_tag","embeddable":true,"href":"https:\/\/www.orto-bar.com\/en\/wp-json\/wp\/v2\/product_tag?post=146838"}],"curies":[{"name":"wp","href":"https:\/\/api.w.org\/{rel}","templated":true}]}}