{"id":147328,"date":"2026-04-14T13:16:44","date_gmt":"2026-04-14T11:16:44","guid":{"rendered":"https:\/\/www.orto-bar.com\/?post_type=product&#038;p=147328"},"modified":"2026-04-22T09:16:35","modified_gmt":"2026-04-22T07:16:35","slug":"papercut-linkin-park-tribute-band","status":"publish","type":"product","link":"https:\/\/www.orto-bar.com\/en\/dogodki\/koncerti\/papercut-linkin-park-tribute-band\/","title":{"rendered":"PAPERCUT-Linkin Park Tribute Band"},"content":{"rendered":"<p>&nbsp;<\/p>\n<p>&nbsp;<\/p>\n<p>Zvok skupine Linkin Park, kot ga \u0161e niste sli\u0161ali!<br \/>\nVsebuje vse uspe\u0161nice, ki so ustvarile zgodovino: od In the End, Numb, Crawling in What I\u2019ve Done do najnovej\u0161ih skladb skupine One More Light. Pravi poklon skupini, ki je definirala generacijo!<\/p>\n<p>Ne le koncert, ampak do\u017eivetje: polno adrenalina in zvesto originalu.<br \/>\n\u010cakamo vas, ne zamudite!<\/p>\n<p>&nbsp;<\/p>\n<p>&nbsp;<\/p>\n<p>&nbsp;<\/p>\n<p>The sound of Linkin Park like you\u2019ve never heard it before!<br \/>\nFeaturing all the hits that made history: from <em>In the End<\/em>, <em>Numb<\/em>, <em>Crawling<\/em>, and <em>What I\u2019ve Done<\/em> to the latest tracks from <em>One More Light<\/em>. A true tribute to the band that defined a generation!<\/p>\n<p>Not just a concert, but an experience: adrenaline-filled and true to the original.<\/p>\n<p>We are waiting for you, don\u2019t miss it!<\/p>","protected":false},"excerpt":{"rendered":"<p>&nbsp; &nbsp; Zvok skupine Linkin Park, kot ga \u0161e niste sli\u0161ali! Vsebuje vse uspe\u0161nice, ki so ustvarile zgodovino: od In the End, Numb, Crawling in What I\u2019ve Done do najnovej\u0161ih skladb skupine One More Light. Pravi poklon skupini, ki je definirala generacijo! Ne le koncert, ampak do\u017eivetje: polno adrenalina in zvesto originalu. \u010cakamo vas, ne [&hellip;]<\/p>","protected":false},"author":11,"featured_media":147329,"template":"","meta":{"_seopress_robots_primary_cat":"none","_seopress_titles_title":"","_seopress_titles_desc":"","_seopress_robots_index":""},"product_brand":[],"product_cat":[226],"product_tag":[222],"class_list":{"0":"post-147328","1":"product","2":"type-product","3":"status-publish","4":"has-post-thumbnail","6":"product_cat-koncerti","7":"product_tag-predprodaja","9":"entry","10":"has-media","12":"first","13":"instock","14":"sale","15":"virtual","16":"taxable","17":"purchasable","18":"product-type-simple","19":"has-product-nav","20":"col","21":"span_1_of_4","22":"owp-content-center","23":"item-entry","24":"owp-thumbs-layout-horizontal","25":"owp-btn-normal","26":"owp-tabs-layout-section","27":"has-no-thumbnails"},"publishpress_future_action":{"enabled":true,"date":"2026-05-24 01:16:00","action":"category","newStatus":"draft","terms":[230],"taxonomy":"product_cat","extraData":[]},"publishpress_future_workflow_manual_trigger":{"enabledWorkflows":[]},"_links":{"self":[{"href":"https:\/\/www.orto-bar.com\/en\/wp-json\/wp\/v2\/product\/147328","targetHints":{"allow":["GET"]}}],"collection":[{"href":"https:\/\/www.orto-bar.com\/en\/wp-json\/wp\/v2\/product"}],"about":[{"href":"https:\/\/www.orto-bar.com\/en\/wp-json\/wp\/v2\/types\/product"}],"author":[{"embeddable":true,"href":"https:\/\/www.orto-bar.com\/en\/wp-json\/wp\/v2\/users\/11"}],"version-history":[{"count":1,"href":"https:\/\/www.orto-bar.com\/en\/wp-json\/wp\/v2\/product\/147328\/revisions"}],"predecessor-version":[{"id":147330,"href":"https:\/\/www.orto-bar.com\/en\/wp-json\/wp\/v2\/product\/147328\/revisions\/147330"}],"wp:featuredmedia":[{"embeddable":true,"href":"https:\/\/www.orto-bar.com\/en\/wp-json\/wp\/v2\/media\/147329"}],"wp:attachment":[{"href":"https:\/\/www.orto-bar.com\/en\/wp-json\/wp\/v2\/media?parent=147328"}],"wp:term":[{"taxonomy":"product_brand","embeddable":true,"href":"https:\/\/www.orto-bar.com\/en\/wp-json\/wp\/v2\/product_brand?post=147328"},{"taxonomy":"product_cat","embeddable":true,"href":"https:\/\/www.orto-bar.com\/en\/wp-json\/wp\/v2\/product_cat?post=147328"},{"taxonomy":"product_tag","embeddable":true,"href":"https:\/\/www.orto-bar.com\/en\/wp-json\/wp\/v2\/product_tag?post=147328"}],"curies":[{"name":"wp","href":"https:\/\/api.w.org\/{rel}","templated":true}]}}