{"id":147496,"date":"2026-04-16T13:40:20","date_gmt":"2026-04-16T11:40:20","guid":{"rendered":"https:\/\/www.orto-bar.com\/?post_type=product&#038;p=147496"},"modified":"2026-04-16T13:47:56","modified_gmt":"2026-04-16T11:47:56","slug":"tim-ripper-owens-ex-judas-priest-in-dark-horse-prophet","status":"publish","type":"product","link":"https:\/\/www.orto-bar.com\/en\/dogodki\/koncerti\/tim-ripper-owens-ex-judas-priest-in-dark-horse-prophet\/","title":{"rendered":"Tim Ripper Owens (ex Judas Priest) in Dark Horse Prophet"},"content":{"rendered":"<p>Vstopnice \u017ee v prodaji prek OnParole! 28\u20ac v predprodaji, 33\u20ac na dan koncerta.<br \/>\n<a href=\"https:\/\/www.on-parole.com\/si\/domov\/10957-tim-ripper-owens-dark-horse-prophet-ljubljana-19-52026-vstopnica.html\">https:\/\/www.on-parole.com\/si\/domov\/10957-tim-ripper-owens-dark-horse-prophet-ljubljana-19-52026-vstopnica.html<\/a><\/p>\n<p>Tickets already available through OnParole! 28\u20ac in presale, 33\u20ac on show day.<br \/>\n<a href=\"https:\/\/www.on-parole.com\/en\/home\/10957-tim-ripper-owens-dark-horse-prophet-ljubljana-15-may-2026-ticket.html\">https:\/\/www.on-parole.com\/en\/home\/10957-tim-ripper-owens-dark-horse-prophet-ljubljana-15-may-2026-ticket.html<\/a><\/p>\n<p>Na oder prihaja legendarni vokalist Tim &#8220;Ripper&#8221; Owens!<br \/>\nTim Ripper Owens je ameri\u0161ki heavy metal vokalist, znan po svojem izjemno mo\u010dnem glasu, \u0161irokem razponu in sposobnosti petja najzahtevnej\u0161ih metal klasik. Z Judas Priest je posnel dva albuma: Jugulator in Demolition, kasneje pa bil pevec tudi pri Iced Earth, Yngwie Malmsteen in KK&#8217;s Priest.<\/p>\n<p>Ve\u010der bo odprla energi\u010dna predskupina Dark Horse Prophet.<\/p>\n<p>Tim bo odpel pesmi skupine Judas Priest (iz njegovega obdobja in najve\u010dje hite), KK\u2019s Priest ter tudi material iz svoje solo kariere.<br \/>\nPripravi se na ve\u010der vrhunskega heavy metala, nepozabnega vokala in \u010diste energije!<\/p>\n<p>TIM RIPPER OWENS<br \/>\n<a href=\"https:\/\/www.facebook.com\/groups\/146312515817836\">https:\/\/www.facebook.com\/groups\/146312515817836<\/a><br \/>\n<a href=\"https:\/\/www.instagram.com\/timripperowensofficial\">https:\/\/www.instagram.com\/timripperowensofficial<\/a><\/p>\n<p>DARK HORSE PROPHET<br \/>\n<a href=\"https:\/\/www.facebook.com\/profile.php?id=61585716579161\">https:\/\/www.facebook.com\/profile.php?id=61585716579161<\/a><br \/>\n<a href=\"https:\/\/youtu.be\/PZl4shIdmHU\">https:\/\/youtu.be\/PZl4shIdmHU<\/a><\/p>\n<p>&nbsp;<\/p>","protected":false},"excerpt":{"rendered":"<p>Vstopnice \u017ee v prodaji prek OnParole! 28\u20ac v predprodaji, 33\u20ac na dan koncerta. https:\/\/www.on-parole.com\/si\/domov\/10957-tim-ripper-owens-dark-horse-prophet-ljubljana-19-52026-vstopnica.html Tickets already available through OnParole! 28\u20ac in presale, 33\u20ac on show day. https:\/\/www.on-parole.com\/en\/home\/10957-tim-ripper-owens-dark-horse-prophet-ljubljana-15-may-2026-ticket.html Na oder prihaja legendarni vokalist Tim &#8220;Ripper&#8221; Owens! Tim Ripper Owens je ameri\u0161ki heavy metal vokalist, znan po svojem izjemno mo\u010dnem glasu, \u0161irokem razponu in sposobnosti petja najzahtevnej\u0161ih [&hellip;]<\/p>","protected":false},"author":11,"featured_media":147497,"template":"","meta":{"_seopress_robots_primary_cat":"none","_seopress_titles_title":"","_seopress_titles_desc":"","_seopress_robots_index":""},"product_brand":[],"product_cat":[226],"product_tag":[222],"class_list":{"0":"post-147496","1":"product","2":"type-product","3":"status-publish","4":"has-post-thumbnail","6":"product_cat-koncerti","7":"product_tag-predprodaja","9":"entry","10":"has-media","12":"first","13":"instock","14":"virtual","15":"taxable","16":"product-type-simple","17":"has-product-nav","18":"col","19":"span_1_of_4","20":"owp-content-center","21":"item-entry","22":"owp-thumbs-layout-horizontal","23":"owp-btn-normal","24":"owp-tabs-layout-section","25":"has-no-thumbnails"},"publishpress_future_action":{"enabled":true,"date":"2026-05-20 01:40:00","action":"category","newStatus":"draft","terms":[230],"taxonomy":"product_cat","extraData":[]},"publishpress_future_workflow_manual_trigger":{"enabledWorkflows":[]},"_links":{"self":[{"href":"https:\/\/www.orto-bar.com\/en\/wp-json\/wp\/v2\/product\/147496","targetHints":{"allow":["GET"]}}],"collection":[{"href":"https:\/\/www.orto-bar.com\/en\/wp-json\/wp\/v2\/product"}],"about":[{"href":"https:\/\/www.orto-bar.com\/en\/wp-json\/wp\/v2\/types\/product"}],"author":[{"embeddable":true,"href":"https:\/\/www.orto-bar.com\/en\/wp-json\/wp\/v2\/users\/11"}],"version-history":[{"count":1,"href":"https:\/\/www.orto-bar.com\/en\/wp-json\/wp\/v2\/product\/147496\/revisions"}],"predecessor-version":[{"id":147498,"href":"https:\/\/www.orto-bar.com\/en\/wp-json\/wp\/v2\/product\/147496\/revisions\/147498"}],"wp:featuredmedia":[{"embeddable":true,"href":"https:\/\/www.orto-bar.com\/en\/wp-json\/wp\/v2\/media\/147497"}],"wp:attachment":[{"href":"https:\/\/www.orto-bar.com\/en\/wp-json\/wp\/v2\/media?parent=147496"}],"wp:term":[{"taxonomy":"product_brand","embeddable":true,"href":"https:\/\/www.orto-bar.com\/en\/wp-json\/wp\/v2\/product_brand?post=147496"},{"taxonomy":"product_cat","embeddable":true,"href":"https:\/\/www.orto-bar.com\/en\/wp-json\/wp\/v2\/product_cat?post=147496"},{"taxonomy":"product_tag","embeddable":true,"href":"https:\/\/www.orto-bar.com\/en\/wp-json\/wp\/v2\/product_tag?post=147496"}],"curies":[{"name":"wp","href":"https:\/\/api.w.org\/{rel}","templated":true}]}}