{"id":147499,"date":"2026-04-16T13:55:43","date_gmt":"2026-04-16T11:55:43","guid":{"rendered":"https:\/\/www.orto-bar.com\/?post_type=product&#038;p=147499"},"modified":"2026-04-16T14:00:56","modified_gmt":"2026-04-16T12:00:56","slug":"pop-kovina","status":"publish","type":"product","link":"https:\/\/www.orto-bar.com\/en\/dogodki\/koncerti\/pop-kovina\/","title":{"rendered":"Pop Kovina"},"content":{"rendered":"<p>&nbsp;<\/p>\n<p>Ste siti nezanimivih popevk?<br \/>\nHrepenite, da vas nekdo popelje skozi popoln ve\u010der popravljene pop glasbe? Ste la\u010dni zvo\u010dno-teatralne popestritve, ob kateri pride dobesedno do \u2013 POPolnega preobrata?<br \/>\nPrivo\u0161\u010dite si nas, kajti mi smo re\u0161itev za vas.<br \/>\nPOP KOVINA. Mi zare\u017eemo! &#8221;<\/p>\n<p>Posavski fantje bodo vse mo\u017ene pop komade preoblekli v metal. Kaj \u010de\u0161 lep\u0161ga? Pridte \u017eejni in s spo\u010ditimi grli.<\/p>\n<p>fb: https:\/\/www.facebook.com\/popkovina<br \/>\nig: https:\/\/www.instagram.com\/pop_kovina<\/p>\n<p>19:00 vrata \/ blagajna<br \/>\n20:20 POP KOVINA<\/p>\n<p>Nakup vstopnic bo mo\u017een na dan koncerta v Orto baru.<br \/>\nKoncert bo potekal v zgornji dvorani.<\/p>\n<p>Vstopnina: 10\u20ac<\/p>","protected":false},"excerpt":{"rendered":"<p>&nbsp; Ste siti nezanimivih popevk? Hrepenite, da vas nekdo popelje skozi popoln ve\u010der popravljene pop glasbe? Ste la\u010dni zvo\u010dno-teatralne popestritve, ob kateri pride dobesedno do \u2013 POPolnega preobrata? Privo\u0161\u010dite si nas, kajti mi smo re\u0161itev za vas. POP KOVINA. Mi zare\u017eemo! &#8221; Posavski fantje bodo vse mo\u017ene pop komade preoblekli v metal. Kaj \u010de\u0161 lep\u0161ga? [&hellip;]<\/p>","protected":false},"author":11,"featured_media":147500,"template":"","meta":{"_seopress_robots_primary_cat":"none","_seopress_titles_title":"","_seopress_titles_desc":"","_seopress_robots_index":""},"product_brand":[],"product_cat":[226],"product_tag":[222],"class_list":{"0":"post-147499","1":"product","2":"type-product","3":"status-publish","4":"has-post-thumbnail","6":"product_cat-koncerti","7":"product_tag-predprodaja","9":"entry","10":"has-media","12":"first","13":"instock","14":"virtual","15":"taxable","16":"product-type-simple","17":"has-product-nav","18":"col","19":"span_1_of_4","20":"owp-content-center","21":"item-entry","22":"owp-thumbs-layout-horizontal","23":"owp-btn-normal","24":"owp-tabs-layout-section","25":"has-no-thumbnails"},"publishpress_future_action":{"enabled":true,"date":"2026-05-23 01:55:00","action":"category","newStatus":"draft","terms":[230],"taxonomy":"product_cat","extraData":[]},"publishpress_future_workflow_manual_trigger":{"enabledWorkflows":[]},"_links":{"self":[{"href":"https:\/\/www.orto-bar.com\/en\/wp-json\/wp\/v2\/product\/147499","targetHints":{"allow":["GET"]}}],"collection":[{"href":"https:\/\/www.orto-bar.com\/en\/wp-json\/wp\/v2\/product"}],"about":[{"href":"https:\/\/www.orto-bar.com\/en\/wp-json\/wp\/v2\/types\/product"}],"author":[{"embeddable":true,"href":"https:\/\/www.orto-bar.com\/en\/wp-json\/wp\/v2\/users\/11"}],"version-history":[{"count":1,"href":"https:\/\/www.orto-bar.com\/en\/wp-json\/wp\/v2\/product\/147499\/revisions"}],"predecessor-version":[{"id":147501,"href":"https:\/\/www.orto-bar.com\/en\/wp-json\/wp\/v2\/product\/147499\/revisions\/147501"}],"wp:featuredmedia":[{"embeddable":true,"href":"https:\/\/www.orto-bar.com\/en\/wp-json\/wp\/v2\/media\/147500"}],"wp:attachment":[{"href":"https:\/\/www.orto-bar.com\/en\/wp-json\/wp\/v2\/media?parent=147499"}],"wp:term":[{"taxonomy":"product_brand","embeddable":true,"href":"https:\/\/www.orto-bar.com\/en\/wp-json\/wp\/v2\/product_brand?post=147499"},{"taxonomy":"product_cat","embeddable":true,"href":"https:\/\/www.orto-bar.com\/en\/wp-json\/wp\/v2\/product_cat?post=147499"},{"taxonomy":"product_tag","embeddable":true,"href":"https:\/\/www.orto-bar.com\/en\/wp-json\/wp\/v2\/product_tag?post=147499"}],"curies":[{"name":"wp","href":"https:\/\/api.w.org\/{rel}","templated":true}]}}