{"id":147502,"date":"2026-04-16T14:06:11","date_gmt":"2026-04-16T12:06:11","guid":{"rendered":"https:\/\/www.orto-bar.com\/?post_type=product&#038;p=147502"},"modified":"2026-04-16T14:13:38","modified_gmt":"2026-04-16T12:13:38","slug":"six-feet-under-embryonic-autopsy","status":"publish","type":"product","link":"https:\/\/www.orto-bar.com\/en\/dogodki\/koncerti\/six-feet-under-embryonic-autopsy\/","title":{"rendered":"Six Feet Under, Embryonic Autopsy"},"content":{"rendered":"<p>Predprodaja prek On-Parole! 34 evrov v predprodaji, 38 evrov na dan koncerta!<br \/>\n<a href=\"https:\/\/www.on-parole.com\/si\/domov\/9376-six-feet-under-embryonic-autopsy-ljubljana-14062026-vstopnica.html\">https:\/\/www.on-parole.com\/si\/domov\/9376-six-feet-under-embryonic-autopsy-ljubljana-14062026-vstopnica.html<\/a><br \/>\nPresale through On-Parole! 34 euro in presale, 38 euro on show day!<br \/>\n<a href=\"https:\/\/www.on-parole.com\/en\/home\/9376-six-feet-under-embryonic-autopsy-ljubljana-14062026-ticket.html\">https:\/\/www.on-parole.com\/en\/home\/9376-six-feet-under-embryonic-autopsy-ljubljana-14062026-ticket.html<\/a><\/p>\n<p>Po dolgem \u010dasu se v Slovenijo, to\u010dneje v Orto bar, vra\u010dajo Six Feet Under &#8211; legendarna death metal zasedba pod vodstvom Chrisa Barnesa (ex-Cannibal Corpse). Vabljeni na brutalno dozo old school death metala, ki \u017ee od daljnega leta 1993 ru\u0161i odre po celem svetu. Oder jim bodo ogreli death metalci Embryonic Autopsy iz Chicaga.<\/p>\n<p>SIX FEET UNDER (death metal, ZDA)<br \/>\nfb: <a href=\"https:\/\/www.facebook.com\/sixfeetunder\">https:\/\/www.facebook.com\/sixfeetunder<\/a><br \/>\nbandcamp: <a href=\"https:\/\/sixfeetunder.bandcamp.com\/\">https:\/\/sixfeetunder.bandcamp.com\/<\/a><br \/>\nyt: <a href=\"https:\/\/youtu.be\/53knsmbjY8Q?si=_N9n_eYSvwkKhqOS\">https:\/\/youtu.be\/53knsmbjY8Q?si=_N9n_eYSvwkKhqOS<\/a><\/p>\n<p>EMBRYONIC AUTOPSY (death metal, ZDA)<br \/>\nfb:<a href=\"https:\/\/www.facebook.com\/embryonicautopsy\"> https:\/\/www.facebook.com\/embryonicautopsy<\/a><br \/>\nig: <a href=\"https:\/\/www.instagram.com\/embryonic_autopsy\/\">https:\/\/www.instagram.com\/embryonic_autopsy\/<\/a><br \/>\nyt: <a href=\"https:\/\/youtu.be\/kemBmDAy2Rc?si=_eH1x45eRBizEV8b\">https:\/\/youtu.be\/kemBmDAy2Rc?si=_eH1x45eRBizEV8b<\/a><\/p>","protected":false},"excerpt":{"rendered":"<p>Predprodaja prek On-Parole! 34 evrov v predprodaji, 38 evrov na dan koncerta! https:\/\/www.on-parole.com\/si\/domov\/9376-six-feet-under-embryonic-autopsy-ljubljana-14062026-vstopnica.html Presale through On-Parole! 34 euro in presale, 38 euro on show day! https:\/\/www.on-parole.com\/en\/home\/9376-six-feet-under-embryonic-autopsy-ljubljana-14062026-ticket.html Po dolgem \u010dasu se v Slovenijo, to\u010dneje v Orto bar, vra\u010dajo Six Feet Under &#8211; legendarna death metal zasedba pod vodstvom Chrisa Barnesa (ex-Cannibal Corpse). Vabljeni na brutalno dozo [&hellip;]<\/p>","protected":false},"author":11,"featured_media":147505,"template":"","meta":{"_seopress_robots_primary_cat":"none","_seopress_titles_title":"","_seopress_titles_desc":"","_seopress_robots_index":""},"product_brand":[],"product_cat":[226],"product_tag":[222],"class_list":{"0":"post-147502","1":"product","2":"type-product","3":"status-publish","4":"has-post-thumbnail","6":"product_cat-koncerti","7":"product_tag-predprodaja","9":"entry","10":"has-media","12":"first","13":"instock","14":"virtual","15":"taxable","16":"product-type-simple","17":"has-product-nav","18":"col","19":"span_1_of_4","20":"owp-content-center","21":"item-entry","22":"owp-thumbs-layout-horizontal","23":"owp-btn-normal","24":"owp-tabs-layout-section","25":"has-no-thumbnails"},"publishpress_future_action":{"enabled":true,"date":"2026-06-14 01:06:00","action":"category","newStatus":"draft","terms":[230],"taxonomy":"product_cat","extraData":[]},"publishpress_future_workflow_manual_trigger":{"enabledWorkflows":[]},"_links":{"self":[{"href":"https:\/\/www.orto-bar.com\/en\/wp-json\/wp\/v2\/product\/147502","targetHints":{"allow":["GET"]}}],"collection":[{"href":"https:\/\/www.orto-bar.com\/en\/wp-json\/wp\/v2\/product"}],"about":[{"href":"https:\/\/www.orto-bar.com\/en\/wp-json\/wp\/v2\/types\/product"}],"author":[{"embeddable":true,"href":"https:\/\/www.orto-bar.com\/en\/wp-json\/wp\/v2\/users\/11"}],"version-history":[{"count":1,"href":"https:\/\/www.orto-bar.com\/en\/wp-json\/wp\/v2\/product\/147502\/revisions"}],"predecessor-version":[{"id":147504,"href":"https:\/\/www.orto-bar.com\/en\/wp-json\/wp\/v2\/product\/147502\/revisions\/147504"}],"wp:featuredmedia":[{"embeddable":true,"href":"https:\/\/www.orto-bar.com\/en\/wp-json\/wp\/v2\/media\/147505"}],"wp:attachment":[{"href":"https:\/\/www.orto-bar.com\/en\/wp-json\/wp\/v2\/media?parent=147502"}],"wp:term":[{"taxonomy":"product_brand","embeddable":true,"href":"https:\/\/www.orto-bar.com\/en\/wp-json\/wp\/v2\/product_brand?post=147502"},{"taxonomy":"product_cat","embeddable":true,"href":"https:\/\/www.orto-bar.com\/en\/wp-json\/wp\/v2\/product_cat?post=147502"},{"taxonomy":"product_tag","embeddable":true,"href":"https:\/\/www.orto-bar.com\/en\/wp-json\/wp\/v2\/product_tag?post=147502"}],"curies":[{"name":"wp","href":"https:\/\/api.w.org\/{rel}","templated":true}]}}