{"id":147612,"date":"2026-04-17T17:51:15","date_gmt":"2026-04-17T15:51:15","guid":{"rendered":"https:\/\/www.orto-bar.com\/?post_type=product&#038;p=147612"},"modified":"2026-04-17T17:57:18","modified_gmt":"2026-04-17T15:57:18","slug":"liliths-paolos-birthday-bash","status":"publish","type":"product","link":"https:\/\/www.orto-bar.com\/en\/dogodki\/koncerti\/liliths-paolos-birthday-bash\/","title":{"rendered":"Lilith&#8217;s &#038; Paolo&#8217;s Birthday Bash"},"content":{"rendered":"<p>&nbsp;<\/p>\n<p><strong>\u017dULJ (hrv) <\/strong>Punk skupina iz Rijeke, ustanovljena leta 2015. Leta 2016 so posneli &#8220;Vla\u017ene Pjesme&#8221;, ki v skladu z nizkimi higienskimi pogoji, nakazujejo na mokre teme. Leta 2018 se tema preoblikuje v &#8220;original&#8221; punk, ki opozarja na smrdljivo realnost, in LP &#8220;Resetiraj Civilizaciju&#8221; izide pri zalo\u017ebi\u00a0Monsterbilly Records. Leta 2021 so za EP &#8220;Kultura&#8221; nagrajeni s strani RiRock Zdru\u017eenja za izdelek leta. Skupina u\u017eiva v pristopu DIY in hodijo celo na strani\u0161\u010de sami.<\/p>\n<p>Spotify:\u00a0<a href=\"https:\/\/open.spotify.com\/artist\/6S2W3ryde7yTPWIQEJ76rK?si=rhwMoRs6ShusE6hxZFRidw\">https:\/\/open.spotify.com\/artist\/6S2W3ryde7yTPWIQEJ76rK?si=rhwMoRs6ShusE6hxZFRidw<\/a><\/p>\n<p>&nbsp;<\/p>\n<p><strong>Lilith &amp; The Noise Boys (SI)<\/strong> na oder prina\u0161ajo surovo energijo in neizprosno dr\u017eo \u2014 gara\u017eni rock\u2019n\u2019roll derivat, sestavljen iz prekaljenih \u010dlanov zasedb <em>Clockwork Psycho, 8Bomb, Sausages<\/em> in <em>Metropolis<\/em>. Zasedbo zdru\u017euje potreba po sprostitvi neiz\u017eivetih glasbenih idej, zato v svojem zvoku brez sramu me\u0161ajo psychobilly, punk, rockabilly in hard rock. Rezultat je divja zmes, ki ostaja sve\u017ea, a hkrati umazana. Pri\u010dakujte ren\u010de\u010de kitare, udarno bobnanje in brne\u010di kontrabas \u2014 popoln kaos v popolni harmoniji. Potem ko so s svojo neukro\u010deno energijo \u017ee pre\u010desali klube po Italiji, Nem\u010diji, Nizozemski in Belgiji, se zasedba letos vra\u010da na velike odre. Leto\u0161njo sezono zaznamujejo \u0161tevilni koncerti in nastopi na ve\u010djih festivalih doma ter v tujini. Trenutno pripravljajo studijski prvenec z 12 avtorskimi skladbami, na koncertih pa poleg novega materiala obujajo tudi nekatere kultne favorite iz svojih prej\u0161njih projektov. Spotify: <a href=\"https:\/\/open.spotify.com\/artist\/1kKLQZxgzf3tOoER4c4iaA?si=Dm42Kix-QQm8ZgJdQkDwZQ\">https:\/\/open.spotify.com\/artist\/1kKLQZxgzf3tOoER4c4iaA?si=Dm42Kix-QQm8ZgJdQkDwZQ<\/a><\/p>\n<p>&nbsp;<\/p>\n<p><strong>Mitraljez (hrv) <\/strong>je eksplozivna petorka, ki izstreljuje brezkompromisni Crossover\/HC Punk z dvema vokaloma na \u010delu. Hitro, glasno in umazano!\u00a0 Spotify:\u00a0<a href=\"https:\/\/open.spotify.com\/artist\/2yARfsPHHh8Umqdq7rn9a4?si=HlA7NwWsTBmSh9ezH9cS9Q\">https:\/\/open.spotify.com\/artist\/2yARfsPHHh8Umqdq7rn9a4?si=HlA7NwWsTBmSh9ezH9cS9Q<\/a><\/p>\n<p>&nbsp;<\/p>","protected":false},"excerpt":{"rendered":"<p>&nbsp; \u017dULJ (hrv) Punk skupina iz Rijeke, ustanovljena leta 2015. Leta 2016 so posneli &#8220;Vla\u017ene Pjesme&#8221;, ki v skladu z nizkimi higienskimi pogoji, nakazujejo na mokre teme. Leta 2018 se tema preoblikuje v &#8220;original&#8221; punk, ki opozarja na smrdljivo realnost, in LP &#8220;Resetiraj Civilizaciju&#8221; izide pri zalo\u017ebi\u00a0Monsterbilly Records. Leta 2021 so za EP &#8220;Kultura&#8221; nagrajeni [&hellip;]<\/p>","protected":false},"author":11,"featured_media":147615,"template":"","meta":{"_seopress_robots_primary_cat":"none","_seopress_titles_title":"","_seopress_titles_desc":"","_seopress_robots_index":""},"product_brand":[],"product_cat":[226],"product_tag":[222],"class_list":{"0":"post-147612","1":"product","2":"type-product","3":"status-publish","4":"has-post-thumbnail","6":"product_cat-koncerti","7":"product_tag-predprodaja","9":"entry","10":"has-media","12":"first","13":"instock","14":"virtual","15":"taxable","16":"product-type-simple","17":"has-product-nav","18":"col","19":"span_1_of_4","20":"owp-content-center","21":"item-entry","22":"owp-thumbs-layout-horizontal","23":"owp-btn-normal","24":"owp-tabs-layout-section","25":"has-no-thumbnails"},"publishpress_future_action":{"enabled":true,"date":"2026-05-16 01:51:00","action":"category","newStatus":"draft","terms":[230],"taxonomy":"product_cat","extraData":[]},"publishpress_future_workflow_manual_trigger":{"enabledWorkflows":[]},"_links":{"self":[{"href":"https:\/\/www.orto-bar.com\/en\/wp-json\/wp\/v2\/product\/147612","targetHints":{"allow":["GET"]}}],"collection":[{"href":"https:\/\/www.orto-bar.com\/en\/wp-json\/wp\/v2\/product"}],"about":[{"href":"https:\/\/www.orto-bar.com\/en\/wp-json\/wp\/v2\/types\/product"}],"author":[{"embeddable":true,"href":"https:\/\/www.orto-bar.com\/en\/wp-json\/wp\/v2\/users\/11"}],"version-history":[{"count":1,"href":"https:\/\/www.orto-bar.com\/en\/wp-json\/wp\/v2\/product\/147612\/revisions"}],"predecessor-version":[{"id":147616,"href":"https:\/\/www.orto-bar.com\/en\/wp-json\/wp\/v2\/product\/147612\/revisions\/147616"}],"wp:featuredmedia":[{"embeddable":true,"href":"https:\/\/www.orto-bar.com\/en\/wp-json\/wp\/v2\/media\/147615"}],"wp:attachment":[{"href":"https:\/\/www.orto-bar.com\/en\/wp-json\/wp\/v2\/media?parent=147612"}],"wp:term":[{"taxonomy":"product_brand","embeddable":true,"href":"https:\/\/www.orto-bar.com\/en\/wp-json\/wp\/v2\/product_brand?post=147612"},{"taxonomy":"product_cat","embeddable":true,"href":"https:\/\/www.orto-bar.com\/en\/wp-json\/wp\/v2\/product_cat?post=147612"},{"taxonomy":"product_tag","embeddable":true,"href":"https:\/\/www.orto-bar.com\/en\/wp-json\/wp\/v2\/product_tag?post=147612"}],"curies":[{"name":"wp","href":"https:\/\/api.w.org\/{rel}","templated":true}]}}