{"id":147617,"date":"2026-04-17T18:01:27","date_gmt":"2026-04-17T16:01:27","guid":{"rendered":"https:\/\/www.orto-bar.com\/?post_type=product&#038;p=147617"},"modified":"2026-04-21T17:22:20","modified_gmt":"2026-04-21T15:22:20","slug":"tri-na-struju","status":"publish","type":"product","link":"https:\/\/www.orto-bar.com\/en\/dogodki\/koncerti\/tri-na-struju\/","title":{"rendered":"Tri Na Struju"},"content":{"rendered":"<p><strong>Tri Na Struju<\/strong><\/p>\n<p>Tri Na Struju je koncertni format, ki zdru\u017euje tri avtorske skupine iz indie\/alter rock spektra v enem ve\u010deru \u2013 brez prostega teka, brez \u017eanrskih predalov in brez klasi\u010dnih<br \/>\nhierarhij glavnih in predskupin.Zakaj obstaja?Ker skupine, ki ne pripadajo jasno definiranim \u017eanrom (kot so punk, metal ali mainstream rock),pogosto te\u017eje dose\u017eejo ob\u010dinstvo prek standardnih kanalov,promotorskih kanalov. Njihov zvok je bli\u017eje duhu 90-ihgrunge \u2013 me\u0161anici stilov, ki ne zahteva oznake, ampak prostor.<br \/>\nTri Na Struju ustvarjajo ta prostor.Tri skupine zdru\u017eijo mo\u010di in si delijo isti ve\u010der, isto ob\u010dinstvo in isti trenutek. Ob\u010dinstvo morda pride zaradi enega imena,vendar dobi tri avtorske svetove, ki se medsebojno nadgrajujejo edinstven koncertni tok. Rezultat je ve\u010der, ki ima kontinuiteto, dinamiko in odkritje \u2013 izku\u0161nja, ki je ve\u010dja od tiste, ki jo posameznik izvaja. Za klube to pomeni ve\u010dje zanimanje ob\u010dinstva in obse\u017enej\u0161i program. Za skupine to pomeni ve\u010dji doseg. Za ob\u010dinstvo to pomeni razlog, da ostanejo do konca. Tri skupine. En stream. En ve\u010der, ki raste.<\/p>\n<p><strong>MAHKEY<\/strong><\/p>\n<p><strong>UKRATKO:<\/strong><\/p>\n<p><strong>Grupu predvodi jedan on najboljh rock vokala nove generacije<\/strong><\/p>\n<p><strong>Fantasti\u010dna koncertna ma\u0161ina<\/strong><\/p>\n<p><strong>Predvodnici grunge sevdaha<\/strong><\/p>\n<p><strong>Vlasnici dva hvaljena studijska albuma<\/strong><\/p>\n<p><em>\u00a0<\/em><\/p>\n<p><strong>BIOGRAFIJA<\/strong><\/p>\n<p><strong>Mahir Kapetanovi\u0107 \u2013 Mahkey<\/strong> prve velike korake na ovda\u0161njoj sceni napravio je zapa\u017eenim nastupima u showovima Voice Hrvatska i A Strana gdje se brzo izdvojio svojim izuzetnim vokalnim sposobnostima i karizmom frontmana koje su dodatno dobile na vrijednosti autorskim radovima na sjajnom debiju \u201eOsobni karton izbjeglice\u201c iz 2023 godine.<\/p>\n<p>Prakti\u010dno autobiografsko djelo nastalo je u suradnji s producentom Rejhanom Okanovi\u0107em, a posebnu pa\u017enju izazvao \u017eanrovski miks u kojem je Mahkey uvukao grunge i sevdaha, predstavljen u singlovima \u201eSamo nek se sevdah vrati\u201d, \u201dKada ljubav zavija\u201d, \u201dNa slobodi\u201d, \u201dNedodirljiva\u201d, \u201dPovratak domu\u201d u kojem se nije libio niti suradnje s klapom (u ovom slu\u010daju klapa Orebi\u0107).<\/p>\n<p>Ipak, \u017eelja za bendovskim nastupima Mahkeya je vodila prema formi koju ima danas. Mahkey je iz solo acta evoluirao u cijeli bend i spreman je svojim sevdah grungeom ostaviti ogroman pe\u010dat na regionalnoj sceni.<\/p>\n<p>U petak, 30. svibnja 2025. grupa Mahkey objavila je album \u201cPalo Santo\u201d. Tvrda sevdah grunge kolekcija donijela je jedanaest novih pjesama.<\/p>\n<p>Album \u201cPalo Santo\u201d sniman je u Valenciji u \u201cNovo Estudios\u201d, u istom studiju u kojem radi i svjetski poznati bubnjar El Estepario Siberiano. Autorski ga je kroz glazbu i tekstove potpisao Mahir Kapetanovi\u0107, Rejhan Okanovi\u0107 je producent, a snimatelj Facundo Novo.<\/p>\n<p>Esenciju benda na albumu i na pozornici \u010dine Rijad \u0160uta (bubnjevi), Zoran Ernoi\u0107 (bas), Rejhan Okanovi\u0107 (gitara i produkcija) i sam Mahir Kapetanovi\u0107 dok im se u studiju na pojedinim pjesmama i instrumentima pridru\u017euju brojni gostuju\u0107i glazbenici kao \u0161to je i bubnjar Siberiano.<\/p>\n<p>Uz \u201cPazim \u0161to \u017eelim\u201d koja otvara album, grunge bombu \u201c\u0160utim jer te la\u017eem\u201d, na popisu pjesama na\u0161le su se \u201cBe\u0161tijo\u201d, \u201cD\u017eehenem\u201d, \u201cMogli smo\u201d, \u201cU inat\u201d, \u201cTijelo\u201d, \u201cObe\u0107anje\u201d, \u201cZvijezde\u201d, \u201cKarma\u201d i simboli\u010dan poziv u pomo\u0107\u00a0 \u201cPalo Santo Ayudame\u201d koja zatvara izdanje.<\/p>\n<p><strong>PROMO MATERIJALI<\/strong><\/p>\n<p><strong>Album \u201ePalo Santo\u201c:<\/strong> <a href=\"https:\/\/www.dropbox.com\/scl\/fo\/75yb29n08pb9ueiujw7ux\/ANMeNNNFUpOffo22pgDioJs?rlkey=30r0mf2ixk8tmyxk1h3oie34b&amp;st=mokbqem2&amp;dl=0\">https:\/\/www.dropbox.com\/scl\/fo\/75yb29n08pb9ueiujw7ux\/ANMeNNNFUpOffo22pgDioJs?rlkey=30r0mf2ixk8tmyxk1h3oie34b&amp;st=mokbqem2&amp;dl=0<\/a><\/p>\n<p><strong>Fotografije:<\/strong><\/p>\n<p><a href=\"https:\/\/www.dropbox.com\/scl\/fo\/bs4ms91sorx1a15zfvcp2\/AL-WhXPFvkWByYJD3ea7bSA?rlkey=jkcrdfd0dx4rqxcwz6nzvstad&amp;st=o89q8skm&amp;dl=0\">https:\/\/www.dropbox.com\/scl\/fo\/bs4ms91sorx1a15zfvcp2\/AL-WhXPFvkWByYJD3ea7bSA?rlkey=jkcrdfd0dx4rqxcwz6nzvstad&amp;st=o89q8skm&amp;dl=0<\/a><\/p>\n<p><strong>YouTube: <\/strong><a href=\"https:\/\/www.youtube.com\/@Mahkey_Official\/videos\">https:\/\/www.youtube.com\/@Mahkey_Official\/videos<\/a><\/p>\n<p><strong>Instagram:<\/strong> <a href=\"https:\/\/www.instagram.com\/mahkey_official\/?hl=en\">https:\/\/www.instagram.com\/mahkey_official\/?hl=en<\/a><\/p>\n<p><strong>Facebook:<\/strong> <a href=\"https:\/\/www.facebook.com\/MahkeyOfficialPage\/\">https:\/\/www.facebook.com\/MahkeyOfficialPage\/<\/a><\/p>\n<p><strong>Spotify:<\/strong> <a href=\"https:\/\/open.spotify.com\/artist\/3a3QruegHj7h1EPe3s7Q69?si=odTZlAJdTUiMa-qcbOuX\">https:\/\/open.spotify.com\/artist\/3a3QruegHj7h1EPe3s7Q69?si=odTZlAJdTUiMa-qcbOuX<\/a><\/p>\n<p><strong>Web:<\/strong> <a href=\"https:\/\/mahkey.com\/\">https:\/\/mahkey.com\/<\/a><\/p>\n<p><strong>Donkey Hot<\/strong><\/p>\n<p>Donkey Hot je zagreba\u010dki (HR) rokenrol bend koji je uposljednje tri godine odsvirao vi\u0161e od 80 koncerata diljem Hrvatske, Slovenije i BiH, gdje su dijelili pozornicu s renomiranim izvo\u0111a\u010dima poput Leta 3, Psihomodo Popa, Vojka V, Zabranjenog Pu\u0161enja, Anti-Nowhere League, Gu\u017eve u 16-ercu itd. Njihovi najzna\u010dajniji nastupi uklju\u010duju svirku u Areni Zagreb kao predgrupa Majkama, te energi\u010dne nastupe u zagreba\u010dkom Vintage Industrial Baru, Hard Place-u, Saxu itd. Godine 2023. bend je objavio svoj debitantski album MAMA, koji je popra\u0107en s \u010dak \u010detiri spota, od sveukupno sedam.<\/p>\n<p>&nbsp;<\/p>\n<p><strong>Electric Purge<\/strong><br \/>\nElectric Purge je dvo\u010dlani vara\u017edinski bend (HR). Na bubnju je Emil Kranj\u010di\u0107, ina\u010de jo\u0161 bubnjar benda Divlje Jagode a na bass gitari i vokalima Marko Domjan, kojeg \u0161ira javnost zna iz 2. sezone pjeva\u010dkog showa THE VOICE gdje je upao u top 20 kandidati od cca 2.000prijavljenih.<br \/>\nUnato\u010d tome \u0161to su bendu samo 2 \u010dlana, pjesme i nastupi su pro\u017eeti sirovom energijom, jakim vokalima i melodi\u010dnim riffovima koje publika odli\u010dno prihva\u0107a.Od va\u017enijih nastupa benda izdvojio bih nastup na glavnoj pozornici \u0160PANCIRFESTA VARA\u017dDIN, nastup u Vara\u017edinskom HNK na podrumskoj sceni ZVONIMIR ROGOZ, te nastupe u kultnim zagreba\u010dkim klubovima<br \/>\nBOOGALOO, MO\u010cVARA, HARD PLACE, BIKERS BEER FACTORY, TVORNICA KULTURE ZAGREB, KLUB PALACH RIJEKA itd..<br \/>\nU 7.mj 2025. objavljen je album prvijenac naziva &#8220;IT&#8217;S APPENING!!!&#8221; koji sadrzi 10 pjesama, a 5 pjesama salbuma ima i svoj videospot.<\/p>\n<p><strong>Vstopnice :<\/strong><\/p>\n<p><strong>early bird- 15\u20ac<\/strong><\/p>\n<p><strong>u pretprodaju -18\u20ac<\/strong><\/p>\n<p><strong>na dan koncerta-20\u20ac<\/strong><\/p>\n<p>&nbsp;<\/p>","protected":false},"excerpt":{"rendered":"<p>Tri Na Struju Tri Na Struju je koncertni format, ki zdru\u017euje tri avtorske skupine iz indie\/alter rock spektra v enem ve\u010deru \u2013 brez prostega teka, brez \u017eanrskih predalov in brez klasi\u010dnih hierarhij glavnih in predskupin.Zakaj obstaja?Ker skupine, ki ne pripadajo jasno definiranim \u017eanrom (kot so punk, metal ali mainstream rock),pogosto te\u017eje dose\u017eejo ob\u010dinstvo prek standardnih [&hellip;]<\/p>","protected":false},"author":11,"featured_media":147618,"template":"","meta":{"_seopress_robots_primary_cat":"none","_seopress_titles_title":"","_seopress_titles_desc":"","_seopress_robots_index":""},"product_brand":[],"product_cat":[226],"product_tag":[222],"class_list":{"0":"post-147617","1":"product","2":"type-product","3":"status-publish","4":"has-post-thumbnail","6":"product_cat-koncerti","7":"product_tag-predprodaja","9":"entry","10":"has-media","12":"first","13":"instock","14":"sale","15":"virtual","16":"taxable","17":"purchasable","18":"product-type-simple","19":"has-product-nav","20":"col","21":"span_1_of_4","22":"owp-content-center","23":"item-entry","24":"owp-thumbs-layout-horizontal","25":"owp-btn-normal","26":"owp-tabs-layout-section","27":"has-no-thumbnails"},"publishpress_future_action":{"enabled":true,"date":"2026-06-06 01:01:00","action":"category","newStatus":"draft","terms":[230],"taxonomy":"product_cat","extraData":[]},"publishpress_future_workflow_manual_trigger":{"enabledWorkflows":[]},"_links":{"self":[{"href":"https:\/\/www.orto-bar.com\/en\/wp-json\/wp\/v2\/product\/147617","targetHints":{"allow":["GET"]}}],"collection":[{"href":"https:\/\/www.orto-bar.com\/en\/wp-json\/wp\/v2\/product"}],"about":[{"href":"https:\/\/www.orto-bar.com\/en\/wp-json\/wp\/v2\/types\/product"}],"author":[{"embeddable":true,"href":"https:\/\/www.orto-bar.com\/en\/wp-json\/wp\/v2\/users\/11"}],"version-history":[{"count":5,"href":"https:\/\/www.orto-bar.com\/en\/wp-json\/wp\/v2\/product\/147617\/revisions"}],"predecessor-version":[{"id":147814,"href":"https:\/\/www.orto-bar.com\/en\/wp-json\/wp\/v2\/product\/147617\/revisions\/147814"}],"wp:featuredmedia":[{"embeddable":true,"href":"https:\/\/www.orto-bar.com\/en\/wp-json\/wp\/v2\/media\/147618"}],"wp:attachment":[{"href":"https:\/\/www.orto-bar.com\/en\/wp-json\/wp\/v2\/media?parent=147617"}],"wp:term":[{"taxonomy":"product_brand","embeddable":true,"href":"https:\/\/www.orto-bar.com\/en\/wp-json\/wp\/v2\/product_brand?post=147617"},{"taxonomy":"product_cat","embeddable":true,"href":"https:\/\/www.orto-bar.com\/en\/wp-json\/wp\/v2\/product_cat?post=147617"},{"taxonomy":"product_tag","embeddable":true,"href":"https:\/\/www.orto-bar.com\/en\/wp-json\/wp\/v2\/product_tag?post=147617"}],"curies":[{"name":"wp","href":"https:\/\/api.w.org\/{rel}","templated":true}]}}