{"id":147794,"date":"2026-04-21T11:36:13","date_gmt":"2026-04-21T09:36:13","guid":{"rendered":"https:\/\/www.orto-bar.com\/?post_type=product&#038;p=147794"},"modified":"2026-04-22T11:12:07","modified_gmt":"2026-04-22T09:12:07","slug":"mangroove","status":"publish","type":"product","link":"https:\/\/www.orto-bar.com\/en\/dogodki\/koncerti\/mangroove\/","title":{"rendered":"Mangroove"},"content":{"rendered":"<p><strong>Mangroove se po 18 letih vra\u010da v Ljubljano, da bi ob\u010dinstvu predstavil svoj novi album Komad neba.<\/strong><br \/>\nMangroove sta \u017deljka Veverec in Toni Stare\u0161ini\u0107, ustvarjalni tandem, ki se je na hrva\u0161ki sceni izkazal kot eden najkakovostnej\u0161ih doma\u010dih glasbenih parov. Z Mangroove imata \u0161est studijskih albumov in \u0161e veliko ve\u010d z drugimi skupinami. Pri svojih pesmih sta sodelovala s \u0161tevilnimi doma\u010dimi glasbeniki, \u0161e posebej pa izstopajo sodelovanja z Josip Lisac, Dadom Topi\u0107em in skupino Mayales. Leta 2020 sta dosegla tudi fantasti\u010dno sodelovanje z HRT Jazz Orchestra, skupaj pa sta posnela studijski album Ne\u0161to ve\u0107e od nas, nagrajen s Porinom in Rock&amp;Offom. Pravkar sta izdala svoj najnovej\u0161i album Komad neba, pri katerem sta sodelovala s svojima glasbenima vzornikoma Mayales, z gospel zborom Izvor in \u0161tevilnimi klasi\u010dnimi in jazz glasbeniki, pri \u010demer ostajata zvesta svoji svobodni glasbeni poti od prvega albuma do danes. Komad neba sta zagreb\u0161kemu ob\u010dinstvu predstavila na Boogalooju, promovirata pa ga tudi po vsej regiji. Album je osvojil nagrado Rock&amp;off glasbenih novinarjev za najbolj\u0161i pop album, osvojil pa je tudi dve glasbeni nagradi Porin.<\/p>\n<p>FACEBOOK:<\/p>\n<p><a href=\"https:\/\/www.facebook.com\/ManGroove-68642060430\/\">https:\/\/www.facebook.com\/ManGroove-68642060430\/<\/a><\/p>\n<p>YOUTUBE LINKs:<\/p>\n<p>Mangroove feat. Mayales &amp; Zbor Izvor Komd neba\u00a0 <a href=\"https:\/\/www.youtube.com\/watch?v=fdidsoem9ok&amp;list=RDfdidsoem9ok&amp;start_radio=1\">https:\/\/www.youtube.com\/watch?v=fdidsoem9ok&amp;list=RDfdidsoem9ok&amp;start_radio=1<\/a><\/p>\n<p>Mangroove Igra <a href=\"https:\/\/www.youtube.com\/watch?v=A_l6yJr-cjg&amp;list=RDA_l6yJr-cjg&amp;start_radio=1\">https:\/\/www.youtube.com\/watch?v=A_l6yJr-cjg&amp;list=RDA_l6yJr-cjg&amp;start_radio=1<\/a><\/p>\n<p>Mangroove Sanjala sam ljubav\u00a0<a href=\"https:\/\/www.youtube.com\/watch?v=V8lBDSVSNSs&amp;list=RDV8lBDSVSNSs&amp;start_radio=1\">https:\/\/www.youtube.com\/watch?v=V8lBDSVSNSs&amp;list=RDV8lBDSVSNSs&amp;start_radio=1<\/a><\/p>\n<p>Mangroove Igra\u00a0<a href=\"https:\/\/www.youtube.com\/watch?v=rpC7Nbc0WDQ&amp;list=RDrpC7Nbc0WDQ&amp;start_radio=1\">https:\/\/www.youtube.com\/watch?v=rpC7Nbc0WDQ&amp;list=RDrpC7Nbc0WDQ&amp;start_radio=1<\/a><\/p>\n<p>Mangroove Laka sam\u00a0<a href=\"https:\/\/www.youtube.com\/watch?v=gfM3dTtejoE&amp;list=RDgfM3dTtejoE&amp;start_radio=1\">https:\/\/www.youtube.com\/watch?v=gfM3dTtejoE&amp;list=RDgfM3dTtejoE&amp;start_radio=1<\/a><\/p>\n<p>Mangroove feat. Jazz orkestar HRTa Vrijeme\u00a0<a href=\"https:\/\/www.youtube.com\/watch?v=XSst1c-xYQk&amp;list=RDXSst1c-xYQk&amp;start_radio=1&amp;pp=oAcB\">https:\/\/www.youtube.com\/watch?v=XSst1c-xYQk&amp;list=RDXSst1c-xYQk&amp;start_radio=1&amp;pp=oAcB<\/a><\/p>\n<p>INSTAGRAM:<\/p>\n<p><a href=\"https:\/\/www.instagram.com\/mangroove.band\">https:\/\/www.instagram.com\/mangroove.band<\/a><\/p>","protected":false},"excerpt":{"rendered":"<p>Mangroove se po 18 letih vra\u010da v Ljubljano, da bi ob\u010dinstvu predstavil svoj novi album Komad neba. Mangroove sta \u017deljka Veverec in Toni Stare\u0161ini\u0107, ustvarjalni tandem, ki se je na hrva\u0161ki sceni izkazal kot eden najkakovostnej\u0161ih doma\u010dih glasbenih parov. Z Mangroove imata \u0161est studijskih albumov in \u0161e veliko ve\u010d z drugimi skupinami. Pri svojih pesmih [&hellip;]<\/p>","protected":false},"author":11,"featured_media":147795,"template":"","meta":{"_seopress_robots_primary_cat":"none","_seopress_titles_title":"","_seopress_titles_desc":"","_seopress_robots_index":""},"product_brand":[],"product_cat":[226],"product_tag":[222],"class_list":{"0":"post-147794","1":"product","2":"type-product","3":"status-publish","4":"has-post-thumbnail","6":"product_cat-koncerti","7":"product_tag-predprodaja","9":"entry","10":"has-media","12":"first","13":"instock","14":"sale","15":"virtual","16":"taxable","17":"purchasable","18":"product-type-simple","19":"has-product-nav","20":"col","21":"span_1_of_4","22":"owp-content-center","23":"item-entry","24":"owp-thumbs-layout-horizontal","25":"owp-btn-normal","26":"owp-tabs-layout-section","27":"has-no-thumbnails"},"publishpress_future_action":{"enabled":true,"date":"2026-05-29 01:36:00","action":"category","newStatus":"draft","terms":[230],"taxonomy":"product_cat","extraData":[]},"publishpress_future_workflow_manual_trigger":{"enabledWorkflows":[]},"_links":{"self":[{"href":"https:\/\/www.orto-bar.com\/en\/wp-json\/wp\/v2\/product\/147794","targetHints":{"allow":["GET"]}}],"collection":[{"href":"https:\/\/www.orto-bar.com\/en\/wp-json\/wp\/v2\/product"}],"about":[{"href":"https:\/\/www.orto-bar.com\/en\/wp-json\/wp\/v2\/types\/product"}],"author":[{"embeddable":true,"href":"https:\/\/www.orto-bar.com\/en\/wp-json\/wp\/v2\/users\/11"}],"version-history":[{"count":4,"href":"https:\/\/www.orto-bar.com\/en\/wp-json\/wp\/v2\/product\/147794\/revisions"}],"predecessor-version":[{"id":147803,"href":"https:\/\/www.orto-bar.com\/en\/wp-json\/wp\/v2\/product\/147794\/revisions\/147803"}],"wp:featuredmedia":[{"embeddable":true,"href":"https:\/\/www.orto-bar.com\/en\/wp-json\/wp\/v2\/media\/147795"}],"wp:attachment":[{"href":"https:\/\/www.orto-bar.com\/en\/wp-json\/wp\/v2\/media?parent=147794"}],"wp:term":[{"taxonomy":"product_brand","embeddable":true,"href":"https:\/\/www.orto-bar.com\/en\/wp-json\/wp\/v2\/product_brand?post=147794"},{"taxonomy":"product_cat","embeddable":true,"href":"https:\/\/www.orto-bar.com\/en\/wp-json\/wp\/v2\/product_cat?post=147794"},{"taxonomy":"product_tag","embeddable":true,"href":"https:\/\/www.orto-bar.com\/en\/wp-json\/wp\/v2\/product_tag?post=147794"}],"curies":[{"name":"wp","href":"https:\/\/api.w.org\/{rel}","templated":true}]}}