{"id":147879,"date":"2026-04-22T16:32:21","date_gmt":"2026-04-22T14:32:21","guid":{"rendered":"https:\/\/www.orto-bar.com\/?post_type=product&#038;p=147879"},"modified":"2026-04-23T15:01:13","modified_gmt":"2026-04-23T13:01:13","slug":"slow-monkeysalter-ace","status":"publish","type":"product","link":"https:\/\/www.orto-bar.com\/en\/dogodki\/koncerti\/slow-monkeysalter-ace\/","title":{"rendered":"Slow Monkeys,Alter Ace"},"content":{"rendered":"<p>&nbsp;<\/p>\n<p><strong>Slow Monkeys<\/strong> je \u0161est\u010dlanski pop\/rock bend, kjer se fantovska energija lepo dopolnjuje z \u017eensko prisotnostjo. Njihov repertoar sega od \u010dustvenih balad do mo\u010dnih kitarskih riffov, kar na odru ustvarja dinami\u010den in raznolik nastop. Spro\u0161\u010dena energija in povezanost med \u010dlani hitro prevzameta ob\u010dinstvo, zato vsak koncert postane zabavna in iskrena izku\u0161nja.<\/p>\n<p>&nbsp;<\/p>\n<p>&nbsp;<\/p>\n<p>Smo\u00a0<strong>ALTER ACE<\/strong>\u00a0\u2013 band, ki prihaja na va\u0161a vrata z mladostno energijo, glasnimi strunami in velikimi na\u010drti. Rojeni smo na srednje\u0161olskih hodnikih in brez dvoma merimo na velike odre.<\/p>\n<p>&nbsp;<\/p>\n<p>Promo fotografije:<br \/>\n<a href=\"https:\/\/drive.google.com\/file\/d\/1LNNtJ-2eM8zyDnErMVkw1RaOQoga7PgM\/view?usp=sharing\">https:\/\/drive.google.com\/file\/d\/1LNNtJ-2eM8zyDnErMVkw1RaOQoga7PgM\/view?usp=sharing<\/a><\/p>\n<p><a href=\"https:\/\/drive.google.com\/file\/d\/1mXsUA3h-9o9SsVumVqGfY79cPv50jKS_\/view?usp=sharing\">https:\/\/drive.google.com\/file\/d\/1mXsUA3h-9o9SsVumVqGfY79cPv50jKS_\/view?usp=sharing<\/a><\/p>\n<p><a href=\"https:\/\/drive.google.com\/file\/d\/1gyxypDKOnCpqMFeJhfeWQZJ70wvi7W4S\/view?usp=sharing\">https:\/\/drive.google.com\/file\/d\/1gyxypDKOnCpqMFeJhfeWQZJ70wvi7W4S\/view?usp=sharing<\/a><\/p>\n<p>Posnetki iz nastopov:<br \/>\n<a href=\"https:\/\/drive.google.com\/file\/d\/1k85RPYloOVmV3FN-Ijh5vYV8MObKXhKu\/view?usp=sharing\">https:\/\/drive.google.com\/file\/d\/1k85RPYloOVmV3FN-Ijh5vYV8MObKXhKu\/view?usp=sharing<\/a><\/p>\n<p>Videospot:\u00a0<strong>Obarvan svet<\/strong><br \/>\n<a href=\"https:\/\/youtu.be\/UuAIZLwtxKA?si=42CC21QP5_DRpxyx\">https:\/\/youtu.be\/UuAIZLwtxKA?si=42CC21QP5_DRpxyx<\/a><\/p>\n<p>&nbsp;<\/p>","protected":false},"excerpt":{"rendered":"<p>&nbsp; Slow Monkeys je \u0161est\u010dlanski pop\/rock bend, kjer se fantovska energija lepo dopolnjuje z \u017eensko prisotnostjo. Njihov repertoar sega od \u010dustvenih balad do mo\u010dnih kitarskih riffov, kar na odru ustvarja dinami\u010den in raznolik nastop. Spro\u0161\u010dena energija in povezanost med \u010dlani hitro prevzameta ob\u010dinstvo, zato vsak koncert postane zabavna in iskrena izku\u0161nja. &nbsp; &nbsp; Smo\u00a0ALTER ACE\u00a0\u2013 [&hellip;]<\/p>","protected":false},"author":11,"featured_media":147880,"template":"","meta":{"_seopress_robots_primary_cat":"none","_seopress_titles_title":"","_seopress_titles_desc":"","_seopress_robots_index":""},"product_brand":[],"product_cat":[226],"product_tag":[222],"class_list":{"0":"post-147879","1":"product","2":"type-product","3":"status-publish","4":"has-post-thumbnail","6":"product_cat-koncerti","7":"product_tag-predprodaja","9":"entry","10":"has-media","12":"first","13":"instock","14":"sale","15":"virtual","16":"taxable","17":"purchasable","18":"product-type-simple","19":"has-product-nav","20":"col","21":"span_1_of_4","22":"owp-content-center","23":"item-entry","24":"owp-thumbs-layout-horizontal","25":"owp-btn-normal","26":"owp-tabs-layout-section","27":"has-no-thumbnails"},"publishpress_future_action":{"enabled":true,"date":"2026-06-27 01:32:00","action":"category","newStatus":"draft","terms":[230],"taxonomy":"product_cat","extraData":[]},"publishpress_future_workflow_manual_trigger":{"enabledWorkflows":[]},"_links":{"self":[{"href":"https:\/\/www.orto-bar.com\/en\/wp-json\/wp\/v2\/product\/147879","targetHints":{"allow":["GET"]}}],"collection":[{"href":"https:\/\/www.orto-bar.com\/en\/wp-json\/wp\/v2\/product"}],"about":[{"href":"https:\/\/www.orto-bar.com\/en\/wp-json\/wp\/v2\/types\/product"}],"author":[{"embeddable":true,"href":"https:\/\/www.orto-bar.com\/en\/wp-json\/wp\/v2\/users\/11"}],"version-history":[{"count":3,"href":"https:\/\/www.orto-bar.com\/en\/wp-json\/wp\/v2\/product\/147879\/revisions"}],"predecessor-version":[{"id":147894,"href":"https:\/\/www.orto-bar.com\/en\/wp-json\/wp\/v2\/product\/147879\/revisions\/147894"}],"wp:featuredmedia":[{"embeddable":true,"href":"https:\/\/www.orto-bar.com\/en\/wp-json\/wp\/v2\/media\/147880"}],"wp:attachment":[{"href":"https:\/\/www.orto-bar.com\/en\/wp-json\/wp\/v2\/media?parent=147879"}],"wp:term":[{"taxonomy":"product_brand","embeddable":true,"href":"https:\/\/www.orto-bar.com\/en\/wp-json\/wp\/v2\/product_brand?post=147879"},{"taxonomy":"product_cat","embeddable":true,"href":"https:\/\/www.orto-bar.com\/en\/wp-json\/wp\/v2\/product_cat?post=147879"},{"taxonomy":"product_tag","embeddable":true,"href":"https:\/\/www.orto-bar.com\/en\/wp-json\/wp\/v2\/product_tag?post=147879"}],"curies":[{"name":"wp","href":"https:\/\/api.w.org\/{rel}","templated":true}]}}