{"id":147895,"date":"2026-04-23T15:18:11","date_gmt":"2026-04-23T13:18:11","guid":{"rendered":"https:\/\/www.orto-bar.com\/?post_type=product&#038;p=147895"},"modified":"2026-04-23T15:22:18","modified_gmt":"2026-04-23T13:22:18","slug":"tenside-aurorawave-sugar-spine","status":"publish","type":"product","link":"https:\/\/www.orto-bar.com\/en\/dogodki\/koncerti\/tenside-aurorawave-sugar-spine\/","title":{"rendered":"Tenside, Aurorawave, Sugar Spine"},"content":{"rendered":"<p>Vstopnice \u017ee v prodaji prek OnParole! 25\u20ac v predprodaji, 30\u20ac na dan koncerta.<br \/>\n<a href=\"https:\/\/www.on-parole.com\/si\/domov\/10812-tenside-aurorawave-sugar-spine-ljubljana-19-9-2026-vstopnica.html\">https:\/\/www.on-parole.com\/si\/domov\/10812-tenside-aurorawave-sugar-spine-ljubljana-19-9-2026-vstopnica.html<\/a><\/p>\n<p>Tickets already available through OnParole! 25\u20ac in presale, 30\u20ac on show day.<br \/>\n<a href=\"https:\/\/www.on-parole.com\/en\/home\/10812-tenside-aurorawave-sugar-spine-ljubljana-19-september-2026-ticket.html\">https:\/\/www.on-parole.com\/en\/home\/10812-tenside-aurorawave-sugar-spine-ljubljana-19-september-2026-ticket.html<\/a><\/p>\n<p>Tenside<br \/>\nNem\u0161ki predstavniki modernega metalcora, ki zdru\u017eujejo agresivne rife, melodi\u010dne refrene in izjemno energi\u010dne nastope v \u017eivo. Njihov zvok je kombinacija te\u017ee in dostopnosti, ki zadene tako hardcore kot \u0161ir\u0161o publiko. Pripravi se na \u0161us v glavo!<\/p>\n<p>Aurorawave<br \/>\nAtmosferi\u010dni valovi zvoka, ki prepletajo moderne metal in alternativne vplive. Njihova glasba gradi napetost in ustvarja mo\u010dno emocionalno izku\u0161njo \u2013 od tema\u010dnih ambientov do eksplozivnih vrhuncev.<\/p>\n<p>Sugar Spine<br \/>\nSve\u017ea in energi\u010dna zasedba, ki me\u0161a alternativni metal, post-hardcore in sodobne elemente. Njihov nastop je surov, direkten in nalezljiv \u2013 popolna kombinacija za vse, ki i\u0161\u010dejo nekaj novega, a hkrati udarnega.<br \/>\nPri\u010dakuj glasen ve\u010der, poln moshpitov, dobre dru\u017ebe in nepozabne energije! To je koncert, kjer bo vsak riff \u010dutil tudi zadnji v prostoru.<\/p>\n<p>TENSIDE<br \/>\n<a href=\"https:\/\/www.facebook.com\/TENSIDE\">https:\/\/www.facebook.com\/TENSIDE<\/a><br \/>\n<a href=\"https:\/\/www.youtube.com\/watch?v=VqgNti2Y7Mw\">https:\/\/www.youtube.com\/watch?v=VqgNti2Y7Mw<\/a><\/p>\n<p>AURORAWAVE<br \/>\n<a href=\"https:\/\/www.facebook.com\/aurorawavemusic\">https:\/\/www.facebook.com\/aurorawavemusic<\/a><br \/>\n<a href=\"https:\/\/www.youtube.com\/watch?v=ZxEnRuMLVIY\">https:\/\/www.youtube.com\/watch?v=ZxEnRuMLVIY<\/a><\/p>","protected":false},"excerpt":{"rendered":"<p>Vstopnice \u017ee v prodaji prek OnParole! 25\u20ac v predprodaji, 30\u20ac na dan koncerta. https:\/\/www.on-parole.com\/si\/domov\/10812-tenside-aurorawave-sugar-spine-ljubljana-19-9-2026-vstopnica.html Tickets already available through OnParole! 25\u20ac in presale, 30\u20ac on show day. https:\/\/www.on-parole.com\/en\/home\/10812-tenside-aurorawave-sugar-spine-ljubljana-19-september-2026-ticket.html Tenside Nem\u0161ki predstavniki modernega metalcora, ki zdru\u017eujejo agresivne rife, melodi\u010dne refrene in izjemno energi\u010dne nastope v \u017eivo. Njihov zvok je kombinacija te\u017ee in dostopnosti, ki zadene tako hardcore [&hellip;]<\/p>","protected":false},"author":11,"featured_media":147896,"template":"","meta":{"_seopress_robots_primary_cat":"none","_seopress_titles_title":"","_seopress_titles_desc":"","_seopress_robots_index":""},"product_brand":[],"product_cat":[226],"product_tag":[222],"class_list":{"0":"post-147895","1":"product","2":"type-product","3":"status-publish","4":"has-post-thumbnail","6":"product_cat-koncerti","7":"product_tag-predprodaja","9":"entry","10":"has-media","12":"first","13":"instock","14":"virtual","15":"taxable","16":"product-type-simple","17":"has-product-nav","18":"col","19":"span_1_of_4","20":"owp-content-center","21":"item-entry","22":"owp-thumbs-layout-horizontal","23":"owp-btn-normal","24":"owp-tabs-layout-section","25":"has-no-thumbnails"},"publishpress_future_action":{"enabled":true,"date":"2026-09-20 01:18:00","action":"category","newStatus":"draft","terms":[230],"taxonomy":"product_cat","extraData":[]},"publishpress_future_workflow_manual_trigger":{"enabledWorkflows":[]},"_links":{"self":[{"href":"https:\/\/www.orto-bar.com\/en\/wp-json\/wp\/v2\/product\/147895","targetHints":{"allow":["GET"]}}],"collection":[{"href":"https:\/\/www.orto-bar.com\/en\/wp-json\/wp\/v2\/product"}],"about":[{"href":"https:\/\/www.orto-bar.com\/en\/wp-json\/wp\/v2\/types\/product"}],"author":[{"embeddable":true,"href":"https:\/\/www.orto-bar.com\/en\/wp-json\/wp\/v2\/users\/11"}],"version-history":[{"count":1,"href":"https:\/\/www.orto-bar.com\/en\/wp-json\/wp\/v2\/product\/147895\/revisions"}],"predecessor-version":[{"id":147897,"href":"https:\/\/www.orto-bar.com\/en\/wp-json\/wp\/v2\/product\/147895\/revisions\/147897"}],"wp:featuredmedia":[{"embeddable":true,"href":"https:\/\/www.orto-bar.com\/en\/wp-json\/wp\/v2\/media\/147896"}],"wp:attachment":[{"href":"https:\/\/www.orto-bar.com\/en\/wp-json\/wp\/v2\/media?parent=147895"}],"wp:term":[{"taxonomy":"product_brand","embeddable":true,"href":"https:\/\/www.orto-bar.com\/en\/wp-json\/wp\/v2\/product_brand?post=147895"},{"taxonomy":"product_cat","embeddable":true,"href":"https:\/\/www.orto-bar.com\/en\/wp-json\/wp\/v2\/product_cat?post=147895"},{"taxonomy":"product_tag","embeddable":true,"href":"https:\/\/www.orto-bar.com\/en\/wp-json\/wp\/v2\/product_tag?post=147895"}],"curies":[{"name":"wp","href":"https:\/\/api.w.org\/{rel}","templated":true}]}}