{"id":147959,"date":"2026-04-24T11:54:39","date_gmt":"2026-04-24T09:54:39","guid":{"rendered":"https:\/\/www.orto-bar.com\/?post_type=product&#038;p=147959"},"modified":"2026-04-24T12:58:25","modified_gmt":"2026-04-24T10:58:25","slug":"rvr-river","status":"publish","type":"product","link":"https:\/\/www.orto-bar.com\/en\/dogodki\/koncerti\/rvr-river\/","title":{"rendered":"RVR RIVER"},"content":{"rendered":"<p>RVR RIVER , promocija drugega albuma.<\/p>\n<p>Po prvem udarcu,ki je pustil sled, se RVR River vra\u010dajo \u0161e bolj iskreni, te\u017eji in glasnej\u0161i.<\/p>\n<p>&nbsp;<\/p>\n<p>Drugi album je rezultat surove energije, temnih zgodb in brez kompromisnega\u00a0zvoka &#8211; me\u0161anica alternative, hard rocka in metala.<\/p>\n<p>&nbsp;<\/p>\n<p>Peter Hudnik &#8211; vokal<\/p>\n<p>Sergej Pobegajlo &#8211; bas<\/p>\n<p>Rok\u00a0Barle &#8211; kitara<\/p>\n<p>Marcel Petri\u010d &#8211; bobni<\/p>\n<p>&nbsp;<\/p>","protected":false},"excerpt":{"rendered":"<p>RVR RIVER , promocija drugega albuma. Po prvem udarcu,ki je pustil sled, se RVR River vra\u010dajo \u0161e bolj iskreni, te\u017eji in glasnej\u0161i. &nbsp; Drugi album je rezultat surove energije, temnih zgodb in brez kompromisnega\u00a0zvoka &#8211; me\u0161anica alternative, hard rocka in metala. &nbsp; Peter Hudnik &#8211; vokal Sergej Pobegajlo &#8211; bas Rok\u00a0Barle &#8211; kitara Marcel Petri\u010d [&hellip;]<\/p>","protected":false},"author":11,"featured_media":147962,"template":"","meta":{"_seopress_robots_primary_cat":"none","_seopress_titles_title":"","_seopress_titles_desc":"","_seopress_robots_index":""},"product_brand":[],"product_cat":[226],"product_tag":[222],"class_list":{"0":"post-147959","1":"product","2":"type-product","3":"status-publish","4":"has-post-thumbnail","6":"product_cat-koncerti","7":"product_tag-predprodaja","9":"entry","10":"has-media","12":"first","13":"instock","14":"sale","15":"virtual","16":"taxable","17":"purchasable","18":"product-type-simple","19":"has-product-nav","20":"col","21":"span_1_of_4","22":"owp-content-center","23":"item-entry","24":"owp-thumbs-layout-horizontal","25":"owp-btn-normal","26":"owp-tabs-layout-section","27":"has-no-thumbnails"},"publishpress_future_action":{"enabled":true,"date":"2026-06-05 01:54:00","action":"category","newStatus":"draft","terms":[230],"taxonomy":"product_cat","extraData":[]},"publishpress_future_workflow_manual_trigger":{"enabledWorkflows":[]},"_links":{"self":[{"href":"https:\/\/www.orto-bar.com\/en\/wp-json\/wp\/v2\/product\/147959","targetHints":{"allow":["GET"]}}],"collection":[{"href":"https:\/\/www.orto-bar.com\/en\/wp-json\/wp\/v2\/product"}],"about":[{"href":"https:\/\/www.orto-bar.com\/en\/wp-json\/wp\/v2\/types\/product"}],"author":[{"embeddable":true,"href":"https:\/\/www.orto-bar.com\/en\/wp-json\/wp\/v2\/users\/11"}],"version-history":[{"count":1,"href":"https:\/\/www.orto-bar.com\/en\/wp-json\/wp\/v2\/product\/147959\/revisions"}],"predecessor-version":[{"id":147961,"href":"https:\/\/www.orto-bar.com\/en\/wp-json\/wp\/v2\/product\/147959\/revisions\/147961"}],"wp:featuredmedia":[{"embeddable":true,"href":"https:\/\/www.orto-bar.com\/en\/wp-json\/wp\/v2\/media\/147962"}],"wp:attachment":[{"href":"https:\/\/www.orto-bar.com\/en\/wp-json\/wp\/v2\/media?parent=147959"}],"wp:term":[{"taxonomy":"product_brand","embeddable":true,"href":"https:\/\/www.orto-bar.com\/en\/wp-json\/wp\/v2\/product_brand?post=147959"},{"taxonomy":"product_cat","embeddable":true,"href":"https:\/\/www.orto-bar.com\/en\/wp-json\/wp\/v2\/product_cat?post=147959"},{"taxonomy":"product_tag","embeddable":true,"href":"https:\/\/www.orto-bar.com\/en\/wp-json\/wp\/v2\/product_tag?post=147959"}],"curies":[{"name":"wp","href":"https:\/\/api.w.org\/{rel}","templated":true}]}}