{"id":148085,"date":"2026-04-29T09:54:49","date_gmt":"2026-04-29T07:54:49","guid":{"rendered":"https:\/\/www.orto-bar.com\/?post_type=product&#038;p=148085"},"modified":"2026-04-29T15:36:45","modified_gmt":"2026-04-29T13:36:45","slug":"angels-ex-predstavlja-svoj-2-album-amor-fati-w-kresnik-in-visteria","status":"publish","type":"product","link":"https:\/\/www.orto-bar.com\/en\/dogodki\/koncerti\/angels-ex-predstavlja-svoj-2-album-amor-fati-w-kresnik-in-visteria\/","title":{"rendered":"Angel&#8217;s Ex predstavlja svoj 2. album AMOR FATI w- Kresnik in Visteria"},"content":{"rendered":"<p>Skupina Angel&#8217;s Ex predstavlja svoj drugi mini album z naslovom Amor Fati. Gre za poseben album, saj obsega vse od \u010dutnih balad pa do pravih metalskih komadov. Na odru pa sem nam bodo pridru\u017eili \u0161e na\u0161i prijatelji Kresnik in Visteria.<\/p>\n<p>&nbsp;<\/p>\n<p>Angel\u2019s Ex je mlada ljubljanska rock skupina, ki je igra od leta 2022. Na\u0161a glasba obsega vse; od \u010dutnih balad pa do pravega rock \u2018n\u2019 roll-a. Skupino lahko sli\u0161ite tako v \u017eivo kot na plo\u0161\u010dah \u2013 do sedaj smo preigrali \u017ee mnogotere velike odre, tako v Sloveniji (\u0160kisova tr\u017enica, KK\u0160 Summerfest, Vi\u010dstock, Cvetli\u010darna Media Center,&#8230;) kot tudi v tujini; leta 2023 pa smo izdali debitantski mini &#8211; album Pot v raj, maja 2026 pa smo izdali na\u0161 drugi album Amor Fati.<\/p>\n<p>&nbsp;<\/p>\n<p>Kresnik je blackened death metal band, ki prihaja iz Ljubljane. Skupaj koncertira \u017ee od leta 2024, do sedaj pa je preigral \u017ee mnogotere odre, tako po Sloveniji kot tudi \u017ee v njenih sosednjih dr\u017eavah.<\/p>\n<p>&nbsp;<\/p>\n<p>VISTERIA je mlad pet\u010dlanski rock bend, ki ga sestavljajo pevka Ma\u0161a, basistka Ela, kitarista Oskar in Ema ter bobnarka Ne\u017ea. \u010ceprav so na sceni novej\u0161i, njihovi nastopi \u017ee dokazujejo, da niso le spremljava v ozadju vendar s svojo sve\u017eo glasbo in energijo poskrbijo za odli\u010dno vzdu\u0161je. Njihov repertoar obsega avtorske skladbe, ki plujejo od mirnej\u0161ih do tudi bolj distorziranih melodij, besedila pa se dotikajo tem, ki so blizu dana\u0161nji mladini.<\/p>\n<p>&nbsp;<\/p>","protected":false},"excerpt":{"rendered":"<p>Skupina Angel&#8217;s Ex predstavlja svoj drugi mini album z naslovom Amor Fati. Gre za poseben album, saj obsega vse od \u010dutnih balad pa do pravih metalskih komadov. Na odru pa sem nam bodo pridru\u017eili \u0161e na\u0161i prijatelji Kresnik in Visteria. &nbsp; Angel\u2019s Ex je mlada ljubljanska rock skupina, ki je igra od leta 2022. Na\u0161a [&hellip;]<\/p>","protected":false},"author":11,"featured_media":148086,"template":"","meta":{"_seopress_robots_primary_cat":"none","_seopress_titles_title":"","_seopress_titles_desc":"","_seopress_robots_index":""},"product_brand":[],"product_cat":[226],"product_tag":[222],"class_list":{"0":"post-148085","1":"product","2":"type-product","3":"status-publish","4":"has-post-thumbnail","6":"product_cat-koncerti","7":"product_tag-predprodaja","9":"entry","10":"has-media","12":"first","13":"instock","14":"virtual","15":"taxable","16":"purchasable","17":"product-type-simple","18":"has-product-nav","19":"col","20":"span_1_of_4","21":"owp-content-center","22":"item-entry","23":"owp-thumbs-layout-horizontal","24":"owp-btn-normal","25":"owp-tabs-layout-section","26":"has-no-thumbnails"},"publishpress_future_action":{"enabled":true,"date":"2026-06-20 01:54:00","action":"category","newStatus":"draft","terms":[230],"taxonomy":"product_cat","extraData":[]},"publishpress_future_workflow_manual_trigger":{"enabledWorkflows":[]},"_links":{"self":[{"href":"https:\/\/www.orto-bar.com\/en\/wp-json\/wp\/v2\/product\/148085","targetHints":{"allow":["GET"]}}],"collection":[{"href":"https:\/\/www.orto-bar.com\/en\/wp-json\/wp\/v2\/product"}],"about":[{"href":"https:\/\/www.orto-bar.com\/en\/wp-json\/wp\/v2\/types\/product"}],"author":[{"embeddable":true,"href":"https:\/\/www.orto-bar.com\/en\/wp-json\/wp\/v2\/users\/11"}],"version-history":[{"count":3,"href":"https:\/\/www.orto-bar.com\/en\/wp-json\/wp\/v2\/product\/148085\/revisions"}],"predecessor-version":[{"id":148132,"href":"https:\/\/www.orto-bar.com\/en\/wp-json\/wp\/v2\/product\/148085\/revisions\/148132"}],"wp:featuredmedia":[{"embeddable":true,"href":"https:\/\/www.orto-bar.com\/en\/wp-json\/wp\/v2\/media\/148086"}],"wp:attachment":[{"href":"https:\/\/www.orto-bar.com\/en\/wp-json\/wp\/v2\/media?parent=148085"}],"wp:term":[{"taxonomy":"product_brand","embeddable":true,"href":"https:\/\/www.orto-bar.com\/en\/wp-json\/wp\/v2\/product_brand?post=148085"},{"taxonomy":"product_cat","embeddable":true,"href":"https:\/\/www.orto-bar.com\/en\/wp-json\/wp\/v2\/product_cat?post=148085"},{"taxonomy":"product_tag","embeddable":true,"href":"https:\/\/www.orto-bar.com\/en\/wp-json\/wp\/v2\/product_tag?post=148085"}],"curies":[{"name":"wp","href":"https:\/\/api.w.org\/{rel}","templated":true}]}}