{"id":148660,"date":"2026-05-09T18:52:14","date_gmt":"2026-05-09T16:52:14","guid":{"rendered":"https:\/\/www.orto-bar.com\/?post_type=product&#038;p=148660"},"modified":"2026-05-09T18:57:03","modified_gmt":"2026-05-09T16:57:03","slug":"kavc-2","status":"publish","type":"product","link":"https:\/\/www.orto-bar.com\/en\/dogodki\/koncerti\/kavc-2\/","title":{"rendered":"Kav\u010d"},"content":{"rendered":"<p>KAV\u010c je obalni pop\/rock trio, ki se je v zelo kratkem \u010dasu uveljavil kot ena vidnej\u0161ih mladih zasedb na doma\u010di sceni. Njihov zvok dru\u017euje melodi\u010dni pop in energi\u010dni rock s sodobno produkcijo ter mo\u010dno koncertno prezenco.<\/p>\n<p>S singli: Tvoj papagaj, Komaj \u010dakam, da zaspi\u0161 in Usedi se z mano so bili izbrani za Pesem tedna na Radiu Koper in Popevko tedna na Valu 202, obenem pa so se uvrstili med najbolj predvajane izvajalce leta na Radiu Koper. Dodali so U izi poham in Moja cura opet voli drugog de\u010dka. Leta 2024 so izdali istoimenski prvenec Kav\u010d. Prstan zlat in Casino sta \u017ee singla za novi &#8211; drugi album.<\/p>\n<p>ZASEDBA:<\/p>\n<p>Matej Mittendorfer \u2013 vokal, kitara<\/p>\n<p>Tine Farka\u0161 \u2013 bas, vokal<\/p>\n<p>\u017dan Lenar\u010di\u010d \u2013 bobni, vokal<\/p>","protected":false},"excerpt":{"rendered":"<p>KAV\u010c je obalni pop\/rock trio, ki se je v zelo kratkem \u010dasu uveljavil kot ena vidnej\u0161ih mladih zasedb na doma\u010di sceni. Njihov zvok dru\u017euje melodi\u010dni pop in energi\u010dni rock s sodobno produkcijo ter mo\u010dno koncertno prezenco. S singli: Tvoj papagaj, Komaj \u010dakam, da zaspi\u0161 in Usedi se z mano so bili izbrani za Pesem tedna [&hellip;]<\/p>","protected":false},"author":11,"featured_media":148661,"template":"","meta":{"_seopress_robots_primary_cat":"none","_seopress_titles_title":"","_seopress_titles_desc":"","_seopress_robots_index":""},"product_brand":[],"product_cat":[226],"product_tag":[222],"class_list":{"0":"post-148660","1":"product","2":"type-product","3":"status-publish","4":"has-post-thumbnail","6":"product_cat-koncerti","7":"product_tag-predprodaja","9":"entry","10":"has-media","12":"first","13":"instock","14":"virtual","15":"taxable","16":"purchasable","17":"product-type-simple","18":"has-product-nav","19":"col","20":"span_1_of_4","21":"owp-content-center","22":"item-entry","23":"owp-thumbs-layout-horizontal","24":"owp-btn-normal","25":"owp-tabs-layout-section","26":"has-no-thumbnails"},"publishpress_future_action":{"enabled":true,"date":"2026-06-05 01:52:00","action":"category","newStatus":"draft","terms":[230],"taxonomy":"product_cat","extraData":[]},"publishpress_future_workflow_manual_trigger":{"enabledWorkflows":[]},"_links":{"self":[{"href":"https:\/\/www.orto-bar.com\/en\/wp-json\/wp\/v2\/product\/148660","targetHints":{"allow":["GET"]}}],"collection":[{"href":"https:\/\/www.orto-bar.com\/en\/wp-json\/wp\/v2\/product"}],"about":[{"href":"https:\/\/www.orto-bar.com\/en\/wp-json\/wp\/v2\/types\/product"}],"author":[{"embeddable":true,"href":"https:\/\/www.orto-bar.com\/en\/wp-json\/wp\/v2\/users\/11"}],"version-history":[{"count":2,"href":"https:\/\/www.orto-bar.com\/en\/wp-json\/wp\/v2\/product\/148660\/revisions"}],"predecessor-version":[{"id":148663,"href":"https:\/\/www.orto-bar.com\/en\/wp-json\/wp\/v2\/product\/148660\/revisions\/148663"}],"wp:featuredmedia":[{"embeddable":true,"href":"https:\/\/www.orto-bar.com\/en\/wp-json\/wp\/v2\/media\/148661"}],"wp:attachment":[{"href":"https:\/\/www.orto-bar.com\/en\/wp-json\/wp\/v2\/media?parent=148660"}],"wp:term":[{"taxonomy":"product_brand","embeddable":true,"href":"https:\/\/www.orto-bar.com\/en\/wp-json\/wp\/v2\/product_brand?post=148660"},{"taxonomy":"product_cat","embeddable":true,"href":"https:\/\/www.orto-bar.com\/en\/wp-json\/wp\/v2\/product_cat?post=148660"},{"taxonomy":"product_tag","embeddable":true,"href":"https:\/\/www.orto-bar.com\/en\/wp-json\/wp\/v2\/product_tag?post=148660"}],"curies":[{"name":"wp","href":"https:\/\/api.w.org\/{rel}","templated":true}]}}