{"id":148664,"date":"2026-05-09T19:05:25","date_gmt":"2026-05-09T17:05:25","guid":{"rendered":"https:\/\/www.orto-bar.com\/?post_type=product&#038;p=148664"},"modified":"2026-05-09T19:09:18","modified_gmt":"2026-05-09T17:09:18","slug":"the-rumjacks","status":"publish","type":"product","link":"https:\/\/www.orto-bar.com\/en\/dogodki\/koncerti\/the-rumjacks\/","title":{"rendered":"The Rumjacks"},"content":{"rendered":"<p>Vstopnice v prodaji prek OnParole! 25\u20ac v predprodaji, 30\u20ac na dan koncerta.<br \/>\n7.5. 2026 se prodaja samo s kodo, ki jo dobite prek skupine, 8.5. 2026 za\u010detek splo\u0161ne prodaje!<br \/>\n<a href=\"https:\/\/www.on-parole.com\/si\/domov\/11321-the-rumjacks-ljubljana-12-9-2026-vstopnica.html\">https:\/\/www.on-parole.com\/si\/domov\/11321-the-rumjacks-ljubljana-12-9-2026-vstopnica.html<\/a><\/p>\n<p>Tickets available through OnParole! 25\u20ac in presale, 30\u20ac on show day.<br \/>\n7.5. 2026 selling only with the band passcode, 8.5. 2026 general sale!<br \/>\n<a href=\"https:\/\/www.on-parole.com\/en\/home\/11321-the-rumjacks-ljubljana-12-september-2026-ticket.html\">https:\/\/www.on-parole.com\/en\/home\/11321-the-rumjacks-ljubljana-12-september-2026-ticket.html<\/a><\/p>\n<p>Pripravite se na ve\u010der nebrzdane energije, nalezljivih melodij in pristnega irskega folk-punka! \ud83c\udf40\ud83c\udf7b<br \/>\nThe Rumjacks so ena najbolj prepoznavnih skupin sodobne keltsko-punk scene. Nastali so v Sydneyju, a njihove korenine segajo globoko v irsko tradicijo, ki jo prepletajo z surovo punk energijo. Rezultat? Eksplozivna me\u0161anica, ki na koncertih ne pusti nikogar pri miru.<br \/>\nS hiti kot so &#8220;An Irish Pub Song&#8221;, &#8220;Sainted Millions&#8221; in &#8220;Bloodsoaked in Chorus&#8221; so si ustvarili zvesto bazo obo\u017eevalcev po vsem svetu. Njihovi koncerti so znani po divji atmosferi, petju na ves glas in ob\u010dutku, kot da si del velike, razposajene dru\u017eine.<br \/>\nSkupina redno nastopa na najve\u010djih evropskih in svetovnih odrih ter festivalih, kjer vedno znova dokazuje, zakaj sodijo v sam vrh \u017eanra. Njihova glasba zdru\u017euje tradicionalne instrumente (mandolina, violina, pi\u0161\u010dali) z ostrimi kitarskimi rifi in energi\u010dnim vokalom \u2014 kombinacija, ki te zadene naravnost v srce (in noge!). \u010ce si ljubitelj skupin kot so Flogging Molly, Dropkick Murphys ali The Pogues, tega koncerta preprosto ne sme\u0161 zamuditi!<\/p>\n<p>THE RUMJACKS<br \/>\n<a href=\"https:\/\/www.facebook.com\/TheRumjacks\">https:\/\/www.facebook.com\/TheRumjacks<\/a><br \/>\n<a href=\"https:\/\/www.youtube.com\/watch?v=tDTQQWSmo8s\">https:\/\/www.youtube.com\/watch?v=tDTQQWSmo8s<\/a><\/p>","protected":false},"excerpt":{"rendered":"<p>Vstopnice v prodaji prek OnParole! 25\u20ac v predprodaji, 30\u20ac na dan koncerta. 7.5. 2026 se prodaja samo s kodo, ki jo dobite prek skupine, 8.5. 2026 za\u010detek splo\u0161ne prodaje! https:\/\/www.on-parole.com\/si\/domov\/11321-the-rumjacks-ljubljana-12-9-2026-vstopnica.html Tickets available through OnParole! 25\u20ac in presale, 30\u20ac on show day. 7.5. 2026 selling only with the band passcode, 8.5. 2026 general sale! https:\/\/www.on-parole.com\/en\/home\/11321-the-rumjacks-ljubljana-12-september-2026-ticket.html Pripravite [&hellip;]<\/p>","protected":false},"author":11,"featured_media":148665,"template":"","meta":{"_seopress_robots_primary_cat":"none","_seopress_titles_title":"","_seopress_titles_desc":"","_seopress_robots_index":""},"product_brand":[],"product_cat":[226],"product_tag":[222],"class_list":{"0":"post-148664","1":"product","2":"type-product","3":"status-publish","4":"has-post-thumbnail","6":"product_cat-koncerti","7":"product_tag-predprodaja","9":"entry","10":"has-media","12":"first","13":"instock","14":"virtual","15":"taxable","16":"product-type-simple","17":"has-product-nav","18":"col","19":"span_1_of_4","20":"owp-content-center","21":"item-entry","22":"owp-thumbs-layout-horizontal","23":"owp-btn-normal","24":"owp-tabs-layout-section","25":"has-no-thumbnails"},"publishpress_future_action":{"enabled":true,"date":"2026-09-13 01:05:00","action":"category","newStatus":"draft","terms":[230],"taxonomy":"product_cat","extraData":[]},"publishpress_future_workflow_manual_trigger":{"enabledWorkflows":[]},"_links":{"self":[{"href":"https:\/\/www.orto-bar.com\/en\/wp-json\/wp\/v2\/product\/148664","targetHints":{"allow":["GET"]}}],"collection":[{"href":"https:\/\/www.orto-bar.com\/en\/wp-json\/wp\/v2\/product"}],"about":[{"href":"https:\/\/www.orto-bar.com\/en\/wp-json\/wp\/v2\/types\/product"}],"author":[{"embeddable":true,"href":"https:\/\/www.orto-bar.com\/en\/wp-json\/wp\/v2\/users\/11"}],"version-history":[{"count":1,"href":"https:\/\/www.orto-bar.com\/en\/wp-json\/wp\/v2\/product\/148664\/revisions"}],"predecessor-version":[{"id":148666,"href":"https:\/\/www.orto-bar.com\/en\/wp-json\/wp\/v2\/product\/148664\/revisions\/148666"}],"wp:featuredmedia":[{"embeddable":true,"href":"https:\/\/www.orto-bar.com\/en\/wp-json\/wp\/v2\/media\/148665"}],"wp:attachment":[{"href":"https:\/\/www.orto-bar.com\/en\/wp-json\/wp\/v2\/media?parent=148664"}],"wp:term":[{"taxonomy":"product_brand","embeddable":true,"href":"https:\/\/www.orto-bar.com\/en\/wp-json\/wp\/v2\/product_brand?post=148664"},{"taxonomy":"product_cat","embeddable":true,"href":"https:\/\/www.orto-bar.com\/en\/wp-json\/wp\/v2\/product_cat?post=148664"},{"taxonomy":"product_tag","embeddable":true,"href":"https:\/\/www.orto-bar.com\/en\/wp-json\/wp\/v2\/product_tag?post=148664"}],"curies":[{"name":"wp","href":"https:\/\/api.w.org\/{rel}","templated":true}]}}