{"id":148759,"date":"2026-05-12T11:43:34","date_gmt":"2026-05-12T09:43:34","guid":{"rendered":"https:\/\/www.orto-bar.com\/?post_type=product&#038;p=148759"},"modified":"2026-05-12T11:46:43","modified_gmt":"2026-05-12T09:46:43","slug":"sadni-dan","status":"publish","type":"product","link":"https:\/\/www.orto-bar.com\/en\/dogodki\/koncerti\/sadni-dan\/","title":{"rendered":"Sadni dan"},"content":{"rendered":"<p>Sadni dan je najbolj nelegendaren band vseh \u010dasov. \u017de ve\u010d kot 20 let snemamo album in zdaj &#8211; zdaj bo iz\u0161el. \u0160e kak\u0161no desetletje. Zato pa tudi nastop v legendarnem Ortu. Sadni dan smo Robi Pov\u0161e na kitari, Martin Flajs na mikrofonu, Toma\u017e Jerebic na bobnih, Primo\u017e Petkov\u0161ek na basu in Zoran Gabrijan na kitari. Vabljeni vsi, ki radi poslu\u0161ate komade, ki jih \u0161e nikoli niste sli\u0161ali.<\/p>\n<p>&nbsp;<\/p>\n<p>Va\u0161 Sadni dan<\/p>","protected":false},"excerpt":{"rendered":"<p>Sadni dan je najbolj nelegendaren band vseh \u010dasov. \u017de ve\u010d kot 20 let snemamo album in zdaj &#8211; zdaj bo iz\u0161el. \u0160e kak\u0161no desetletje. Zato pa tudi nastop v legendarnem Ortu. Sadni dan smo Robi Pov\u0161e na kitari, Martin Flajs na mikrofonu, Toma\u017e Jerebic na bobnih, Primo\u017e Petkov\u0161ek na basu in Zoran Gabrijan na kitari. [&hellip;]<\/p>","protected":false},"author":11,"featured_media":148760,"template":"","meta":{"_seopress_robots_primary_cat":"none","_seopress_titles_title":"","_seopress_titles_desc":"","_seopress_robots_index":""},"product_brand":[],"product_cat":[226],"product_tag":[222],"class_list":{"0":"post-148759","1":"product","2":"type-product","3":"status-publish","4":"has-post-thumbnail","6":"product_cat-koncerti","7":"product_tag-predprodaja","9":"entry","10":"has-media","12":"first","13":"instock","14":"virtual","15":"taxable","16":"purchasable","17":"product-type-simple","18":"has-product-nav","19":"col","20":"span_1_of_4","21":"owp-content-center","22":"item-entry","23":"owp-thumbs-layout-horizontal","24":"owp-btn-normal","25":"owp-tabs-layout-section","26":"has-no-thumbnails"},"publishpress_future_action":{"enabled":true,"date":"2026-06-28 01:43:00","action":"category","newStatus":"draft","terms":[230],"taxonomy":"product_cat","extraData":[]},"publishpress_future_workflow_manual_trigger":{"enabledWorkflows":[]},"_links":{"self":[{"href":"https:\/\/www.orto-bar.com\/en\/wp-json\/wp\/v2\/product\/148759","targetHints":{"allow":["GET"]}}],"collection":[{"href":"https:\/\/www.orto-bar.com\/en\/wp-json\/wp\/v2\/product"}],"about":[{"href":"https:\/\/www.orto-bar.com\/en\/wp-json\/wp\/v2\/types\/product"}],"author":[{"embeddable":true,"href":"https:\/\/www.orto-bar.com\/en\/wp-json\/wp\/v2\/users\/11"}],"version-history":[{"count":1,"href":"https:\/\/www.orto-bar.com\/en\/wp-json\/wp\/v2\/product\/148759\/revisions"}],"predecessor-version":[{"id":148761,"href":"https:\/\/www.orto-bar.com\/en\/wp-json\/wp\/v2\/product\/148759\/revisions\/148761"}],"wp:featuredmedia":[{"embeddable":true,"href":"https:\/\/www.orto-bar.com\/en\/wp-json\/wp\/v2\/media\/148760"}],"wp:attachment":[{"href":"https:\/\/www.orto-bar.com\/en\/wp-json\/wp\/v2\/media?parent=148759"}],"wp:term":[{"taxonomy":"product_brand","embeddable":true,"href":"https:\/\/www.orto-bar.com\/en\/wp-json\/wp\/v2\/product_brand?post=148759"},{"taxonomy":"product_cat","embeddable":true,"href":"https:\/\/www.orto-bar.com\/en\/wp-json\/wp\/v2\/product_cat?post=148759"},{"taxonomy":"product_tag","embeddable":true,"href":"https:\/\/www.orto-bar.com\/en\/wp-json\/wp\/v2\/product_tag?post=148759"}],"curies":[{"name":"wp","href":"https:\/\/api.w.org\/{rel}","templated":true}]}}