{"id":148804,"date":"2026-05-13T10:08:41","date_gmt":"2026-05-13T08:08:41","guid":{"rendered":"https:\/\/www.orto-bar.com\/?post_type=product&#038;p=148804"},"modified":"2026-05-13T10:14:13","modified_gmt":"2026-05-13T08:14:13","slug":"mehanika-2","status":"publish","type":"product","link":"https:\/\/www.orto-bar.com\/en\/dogodki\/koncerti\/mehanika-2\/","title":{"rendered":"Mehanika"},"content":{"rendered":"<p>Mehanika je avtorski trio prekaljenih glasbenikov iz Ljubljane z dolgo kilometrino na slovenskih odrih. Skupina je od nastanka 1.1.2024 Izdala 7 singlov, ki se redno vrtijo na Val 202, Radio SI, Radio KP, idr. radijskih postajah ter Videotraku RTV SLO. Prihodnji mesec izide nov, osmi singel, ki \u017ee napoveduje jesensko izdajo prvenca skupine.<br \/>\nKoncert Mehanike je opisan kot kulturno do\u017eivetje.<\/p>\n<p>Pred kratkim je pri ZKP RTV iz\u0161el zadnji singel Na zeleno vejo:<\/p>\n<p><a href=\"https:\/\/youtu.be\/N8dKr1KM-70?si=ijdGUlNS-j3XxSBD\">https:\/\/youtu.be\/N8dKr1KM-70?si=ijdGUlNS-j3XxSBD<\/a><\/p>\n<p>Generacija SOS je bil med najbolj predvajanimi skladbami meseca januarja 2026 na Val 202, Radio SI, idr.<\/p>\n<p><a href=\"https:\/\/youtu.be\/RADkKnZGDhg?si=qxugK8yg4PUz6-zN\">https:\/\/youtu.be\/RADkKnZGDhg?si=qxugK8yg4PUz6-zN<\/a><\/p>\n<p>Tudi prej\u0161nji singel Komedija je dosegel nadpovpre\u010dno predvajanje na radijskih postajah:<\/p>\n<p><a href=\"https:\/\/youtu.be\/-bCReiIr-lc\">https:\/\/youtu.be\/-bCReiIr-lc<\/a><\/p>\n<p>Mehanika je glasbeno precej unikatna zasedba, trio. \u017danr bi lahko opredelili kot pop rock, ki zdru\u017euje elemente grungea, indie rocka, post-punka in hard rocka. Glasba Mehanike nosi mo\u010dno \u010dustveno in introspektivno noto, hkrati pa ohranja energijo, ki je zna\u010dilna za klasi\u010dne rock zasedbe. Tisto, kar dela Mehaniko posebno, je sposobnost me\u0161anja razli\u010dnih vplivov \u2013 tema\u010dnost in surovost grungea, spevnost indie rocka, ritmi\u010dna preciznost post-punka in mo\u010d, ki jo prina\u0161a hard rock. Mehanika stavi na avtenti\u010dnost &#8211; koncert Mehanike je opisan kot kulturno do\u017eivetje.<\/p>\n<p>Vse dosedanje izdaje so bile tudi nadpovpre\u010dno odmevne v vseh ex Yu republikah z objavami na portalih, intervjuji, ipd.<\/p>\n<p>Mehanika z nastopom v Orto baru odpira del poletne turneje, kjer bo nastopila \u0161e na Festivalu piva v Radovljici, Zagorski no\u010di in Festivalu rde\u010di revirji..<\/p>","protected":false},"excerpt":{"rendered":"<p>Mehanika je avtorski trio prekaljenih glasbenikov iz Ljubljane z dolgo kilometrino na slovenskih odrih. Skupina je od nastanka 1.1.2024 Izdala 7 singlov, ki se redno vrtijo na Val 202, Radio SI, Radio KP, idr. radijskih postajah ter Videotraku RTV SLO. Prihodnji mesec izide nov, osmi singel, ki \u017ee napoveduje jesensko izdajo prvenca skupine. Koncert Mehanike [&hellip;]<\/p>","protected":false},"author":11,"featured_media":148805,"template":"","meta":{"_seopress_robots_primary_cat":"none","_seopress_titles_title":"","_seopress_titles_desc":"","_seopress_robots_index":""},"product_brand":[],"product_cat":[226],"product_tag":[222],"class_list":{"0":"post-148804","1":"product","2":"type-product","3":"status-publish","4":"has-post-thumbnail","6":"product_cat-koncerti","7":"product_tag-predprodaja","9":"entry","10":"has-media","12":"first","13":"instock","14":"virtual","15":"taxable","16":"product-type-simple","17":"has-product-nav","18":"col","19":"span_1_of_4","20":"owp-content-center","21":"item-entry","22":"owp-thumbs-layout-horizontal","23":"owp-btn-normal","24":"owp-tabs-layout-section","25":"has-no-thumbnails"},"publishpress_future_action":{"enabled":true,"date":"2026-06-14 01:08:00","action":"category","newStatus":"draft","terms":[230],"taxonomy":"product_cat","extraData":[]},"publishpress_future_workflow_manual_trigger":{"enabledWorkflows":[]},"_links":{"self":[{"href":"https:\/\/www.orto-bar.com\/en\/wp-json\/wp\/v2\/product\/148804","targetHints":{"allow":["GET"]}}],"collection":[{"href":"https:\/\/www.orto-bar.com\/en\/wp-json\/wp\/v2\/product"}],"about":[{"href":"https:\/\/www.orto-bar.com\/en\/wp-json\/wp\/v2\/types\/product"}],"author":[{"embeddable":true,"href":"https:\/\/www.orto-bar.com\/en\/wp-json\/wp\/v2\/users\/11"}],"version-history":[{"count":1,"href":"https:\/\/www.orto-bar.com\/en\/wp-json\/wp\/v2\/product\/148804\/revisions"}],"predecessor-version":[{"id":148806,"href":"https:\/\/www.orto-bar.com\/en\/wp-json\/wp\/v2\/product\/148804\/revisions\/148806"}],"wp:featuredmedia":[{"embeddable":true,"href":"https:\/\/www.orto-bar.com\/en\/wp-json\/wp\/v2\/media\/148805"}],"wp:attachment":[{"href":"https:\/\/www.orto-bar.com\/en\/wp-json\/wp\/v2\/media?parent=148804"}],"wp:term":[{"taxonomy":"product_brand","embeddable":true,"href":"https:\/\/www.orto-bar.com\/en\/wp-json\/wp\/v2\/product_brand?post=148804"},{"taxonomy":"product_cat","embeddable":true,"href":"https:\/\/www.orto-bar.com\/en\/wp-json\/wp\/v2\/product_cat?post=148804"},{"taxonomy":"product_tag","embeddable":true,"href":"https:\/\/www.orto-bar.com\/en\/wp-json\/wp\/v2\/product_tag?post=148804"}],"curies":[{"name":"wp","href":"https:\/\/api.w.org\/{rel}","templated":true}]}}