{"id":22744,"date":"2022-09-25T19:31:34","date_gmt":"2022-09-25T19:31:34","guid":{"rendered":"https:\/\/www.ivh9.si\/Ponudbe\/ciuha\/?post_type=product&#038;p=22744"},"modified":"2022-11-10T07:59:41","modified_gmt":"2022-11-10T07:59:41","slug":"hamo-tribute-2-love","status":"publish","type":"product","link":"https:\/\/www.orto-bar.com\/en\/dogodki\/arhiv\/hamo-tribute-2-love\/","title":{"rendered":"Hamo &#038; Tribute 2 Love"},"content":{"rendered":"<p><strong>Hamo &amp; Tribute 2 Love<\/strong><\/p>\n<p>&nbsp;<\/p>\n<p><strong>Leto 2022 je posebno leto \u2013 leto <\/strong><i><strong>lubezni<\/strong><\/i><strong>. Hamo &amp; Tribute 2 Love <\/strong><i><strong>lubezen<\/strong><\/i><strong> nosijo \u017ee v svojem imenu, v svoji glasbi pa ne\u017ena iskanja tega tako poznanega a hkrati tako izmuzljivega in zapletenega \u010dustva me\u0161ajo s strastjo, ve\u010dnim rockom in bluesom. Leto 2022 je zanje posebno leto, saj so 22.5.2022 prvi\u010d stali na odru Kri\u017eank, kjer so skupaj z ob\u010dinstvom spletli ve\u010d kot tri tiso\u010d novih spominov in zgodb.<\/strong><\/p>\n<p>&nbsp;<\/p>\n<p>Veter v jadra vsakega njihovega <strong>koncerta\u00a0<\/strong>so nedvomno njihove <strong>najlep\u0161e in\/ali najbolj odmevne skladbe<\/strong> (<a href=\"https:\/\/www.youtube.com\/watch?v=QphrlMOTFKM\">&#8216;Greva \u0161e mal dlje&#8217;<\/a>, <a href=\"https:\/\/www.youtube.com\/watch?v=Qe-ehQlYL5g\">&#8216;Ona gre&#8217;<\/a>, <a href=\"https:\/\/www.youtube.com\/watch?v=hyH-Z54gBDc\">&#8216;Dolgo nisva pila&#8217;<\/a>, <a href=\"https:\/\/www.youtube.com\/watch?v=g17YxxD85io\">&#8216;Ro\u017eice&#8217;<\/a>, <a href=\"https:\/\/www.youtube.com\/watch?v=vJai6x0jlck\">&#8216;Telo&#8217;<\/a>, <a href=\"https:\/\/www.youtube.com\/watch?v=A4bnfRElOwA\">&#8216;Prva vrsta&#8217;<\/a>, <a href=\"https:\/\/www.youtube.com\/watch?v=Nw-WpeFC8j4\">&#8216;Lepe stvari&#8217;<\/a>, <a href=\"https:\/\/www.youtube.com\/watch?v=_tgxdQFdPnc\">&#8216;Zabluzu&#8217;<\/a> \u2026), sve\u017e veter v sicer bogat koncertni repertoar zasedbe pa je zapihal z <strong>novimi<\/strong> <strong>skladbami\u00a0<\/strong>(<a href=\"https:\/\/www.youtube.com\/watch?v=K6EWYFwWIX4\">&#8216;Vse lepo za vse&#8217;<\/a>, <a href=\"https:\/\/www.youtube.com\/watch?v=NSavKsLlBOA\">&#8216;Zato ker je mraz&#8217;<\/a>, <a href=\"https:\/\/www.youtube.com\/watch?v=-SH33k6-ohk\">&#8216;Son\u010den dan&#8217;<\/a>)<strong>\u00a0<\/strong>iz pravkar izdanega albuma &#8217;22&#8217;, ki je za sedaj na voljo le na vinilu.<\/p>\n<p>&nbsp;<\/p>\n<p>************<\/p>\n<p>&nbsp;<\/p>\n<p><strong>Prepri\u010dljivi, iskreni, energi\u010dni, \u010dustveni in dinami\u010dni koncerti<\/strong> so eden od klju\u010dnih adutov zasedbe <strong>Hamo &amp; Tribute 2 Love<\/strong>, ki nedvomno sodi v <strong>prve vrste slovenske rock glasbe<\/strong>. Po <strong>neuradni, \u017eivi plo\u0161\u010di &#8216;The Bootleg&#8217;<\/strong> je band svoj <strong>prvi studijski izdelek &#8216;2&#8217;\u00a0<\/strong>izdal leta 2013. Plo\u0161\u010da sicer z ve\u010dinoma angle\u0161kimi teksti je prinesla <a href=\"https:\/\/www.youtube.com\/watch?v=g17YxxD85io\">&#8216;Ro\u017eice&#8217;<\/a> in <a href=\"https:\/\/www.youtube.com\/watch?v=X80p0K7eDmI\">&#8216;Dejva bit \u010dist bliz&#8217;<\/a> in za\u010dela ve\u010d kot zgolj uspe\u0161no glasbeno in <i>lubezensko<\/i> zgodbo. \u017de dve leti kasneje so Hamo in dru\u0161\u010dina predstavili svoj <strong>drugi album &#8216;Pol&#8217; oziroma &#8216;Pol S&#8217;<\/strong> z <a href=\"https:\/\/www.youtube.com\/watch?v=V9UwIMFc62c\">&#8216;Gospo Magister&#8217;<\/a> in <a href=\"https:\/\/www.youtube.com\/watch?v=QphrlMOTFKM\">&#8216;Greva \u0161e mal dlje&#8217;<\/a>, pomembno prelomnico pa je za skupino pomenil tretji <strong>album &#8216;3P&#8217;<\/strong> (<a href=\"https:\/\/www.youtube.com\/watch?v=hyH-Z54gBDc\">&#8216;Dolgo nisva pila&#8217;<\/a>, <a href=\"https:\/\/www.youtube.com\/watch?v=_tgxdQFdPnc\">&#8216;Zabluzu&#8217;<\/a>, <a href=\"https:\/\/www.youtube.com\/watch?v=6ahACZiLgqw\">&#8216;Vreme za lubezen&#8217;<\/a>, <a href=\"https:\/\/www.youtube.com\/watch?v=vJai6x0jlck\">&#8216;Telo&#8217;<\/a>), <strong>ki so ga izdali na dan prvega (razprodanega) koncerta v Kinu \u0160i\u0161ka<\/strong> v letu 2017. Pohvale kritikov so album izpostavile kot <strong>enega najbolj iskrenih glasbenih izdelkov, kar se je \u010dutilo tudi na koncertih<\/strong> in v srcih njihovih obiskovalcev in obo\u017eevalcev. Album jih je upravi\u010deno zasidral med <strong>najbolj priljubljene izvajalce na slovenskem glasbenem<\/strong> <strong>prizori\u0161\u010du<\/strong>, kar so Hamo &amp; Tribute 2 Love vzeli kot izziv in leta 2019 postregli z <strong>albumom &#8216;4K&#8217;<\/strong> (<a href=\"https:\/\/www.youtube.com\/watch?v=HJbKisPMJ5U\">&#8216;Pomlad&#8217;<\/a>, <a href=\"https:\/\/www.youtube.com\/watch?v=A4bnfRElOwA\">&#8216;Prva vrsta&#8217;<\/a>, <a href=\"https:\/\/www.youtube.com\/watch?v=L-HYBrQGkrs\">&#8216;Srce ne more ve\u010d&#8217;<\/a>, <a href=\"https:\/\/www.youtube.com\/watch?v=3GqUj6lnAOI\">&#8216;Kje gori&#8217;<\/a>), <strong>najbolj razgibano plo\u0161\u010do<\/strong> zasedbe, ki je kot prva med vsemi nastala v dana\u0161nji, aktualni zasedbi Hamo &amp; Tribute 2 Love. <strong>&#8216;4K&#8217; je leta 2021 dobil tudi svojo iz\u0161tekano razli\u010dico &#8216;Iz4Kani skorlajv&#8217;<\/strong> (<a href=\"https:\/\/www.youtube.com\/watch?v=ClMIoDXWym0\">&#8216;La\u017enivec (Povej ej)&#8217;<\/a>). Album, ki je bil posnet v \u017eivo v studiu, saj druga\u010de ne bi mogel biti posnet zaradi okoli\u0161\u010din, v katerih je nastajal, je prinesel <strong>nov pogled zasedbe na lastno glasbo \u2013 prvinski, surov, akusti\u010den<\/strong>. Medtem, ko so Hamo &amp; Tribute 2 Love predstavljali &#8216;4K&#8217; in &#8216;Iz4Kani skorlajv&#8217; na koncertih po Sloveniji, pa <strong>so \u010disto po tiho snemali in posneli nov album &#8217;22&#8217;, njihov peti studijski album, ki so ga na vinilu izdali 22.5.2022.<\/strong><\/p>\n<p>Hamo &amp; Tribute 2 Love so v vseh letih svojega dela in <i>lubezni<\/i> do njega ve\u010dkrat pokazali in dokazali, da so <strong>v \u017eivo prepri\u010dljivi, mo\u010dni in \u2026 karizmati\u010dni<\/strong>. In da po\u010dnejo to\u010dno to, kar imajo radi in kar <i>lubijo<\/i>.<\/p>\n<p>&nbsp;<\/p>\n<p><strong>************<\/strong><\/p>\n<p>&nbsp;<\/p>\n<p>Pove\u017eite se s Hamom &amp; Tribute 2 Love<\/p>\n<p><strong>WEB:<\/strong> <a href=\"http:\/\/www.tribute2love.si\">www.tribute2love.si<\/a><\/p>\n<p><strong>FB:\u00a0<\/strong><a href=\"https:\/\/www.facebook.com\/Tribute2Love\/\">https:\/\/www.facebook.com\/Tribute2Love\/<\/a><\/p>\n<p><strong>IG:<\/strong>\u00a0<a href=\"https:\/\/www.instagram.com\/tribute2love\/\">https:\/\/www.instagram.com\/tribute2love\/<\/a><\/p>\n<p><strong>YT:<\/strong>\u00a0<a href=\"https:\/\/www.youtube.com\/Bluesmiss\">https:\/\/www.youtube.com\/Bluesmiss<\/a><\/p>\n<p><strong>TW:<\/strong>\u00a0<a href=\"https:\/\/twitter.com\/tribute2love\">https:\/\/twitter.com\/tribute2love<\/a><\/p>\n<p><strong>V pred, pred prodaji omejeno \u0161tevilo vstopnic po 18 \u20ac !<\/strong><\/p>","protected":false},"excerpt":{"rendered":"<p>Hamo &amp; Tribute 2 Love &nbsp; Leto 2022 je posebno leto \u2013 leto lubezni. Hamo &amp; Tribute 2 Love lubezen nosijo \u017ee v svojem imenu, v svoji glasbi pa ne\u017ena iskanja tega tako poznanega a hkrati tako izmuzljivega in zapletenega \u010dustva me\u0161ajo s strastjo, ve\u010dnim rockom in bluesom. Leto 2022 je zanje posebno leto, saj [&hellip;]<\/p>","protected":false},"author":11,"featured_media":22747,"template":"","meta":{"_seopress_robots_primary_cat":"none","_seopress_titles_title":"","_seopress_titles_desc":"","_seopress_robots_index":""},"product_brand":[],"product_cat":[230],"product_tag":[222],"class_list":{"0":"post-22744","1":"product","2":"type-product","3":"status-publish","4":"has-post-thumbnail","6":"product_cat-arhiv","7":"product_tag-predprodaja","9":"entry","10":"has-media","12":"first","13":"instock","14":"virtual","15":"taxable","16":"product-type-simple","17":"has-product-nav","18":"col","19":"span_1_of_4","20":"owp-content-center","21":"item-entry","22":"owp-thumbs-layout-horizontal","23":"owp-btn-normal","24":"owp-tabs-layout-section","25":"has-no-thumbnails"},"publishpress_future_action":{"enabled":false,"date":"2026-05-14 15:22:55","action":"change-status","newStatus":"draft","terms":[],"taxonomy":"product_cat","extraData":[]},"publishpress_future_workflow_manual_trigger":{"enabledWorkflows":[]},"_links":{"self":[{"href":"https:\/\/www.orto-bar.com\/en\/wp-json\/wp\/v2\/product\/22744","targetHints":{"allow":["GET"]}}],"collection":[{"href":"https:\/\/www.orto-bar.com\/en\/wp-json\/wp\/v2\/product"}],"about":[{"href":"https:\/\/www.orto-bar.com\/en\/wp-json\/wp\/v2\/types\/product"}],"author":[{"embeddable":true,"href":"https:\/\/www.orto-bar.com\/en\/wp-json\/wp\/v2\/users\/11"}],"version-history":[{"count":0,"href":"https:\/\/www.orto-bar.com\/en\/wp-json\/wp\/v2\/product\/22744\/revisions"}],"wp:featuredmedia":[{"embeddable":true,"href":"https:\/\/www.orto-bar.com\/en\/wp-json\/wp\/v2\/media\/22747"}],"wp:attachment":[{"href":"https:\/\/www.orto-bar.com\/en\/wp-json\/wp\/v2\/media?parent=22744"}],"wp:term":[{"taxonomy":"product_brand","embeddable":true,"href":"https:\/\/www.orto-bar.com\/en\/wp-json\/wp\/v2\/product_brand?post=22744"},{"taxonomy":"product_cat","embeddable":true,"href":"https:\/\/www.orto-bar.com\/en\/wp-json\/wp\/v2\/product_cat?post=22744"},{"taxonomy":"product_tag","embeddable":true,"href":"https:\/\/www.orto-bar.com\/en\/wp-json\/wp\/v2\/product_tag?post=22744"}],"curies":[{"name":"wp","href":"https:\/\/api.w.org\/{rel}","templated":true}]}}