{"id":22770,"date":"2022-09-25T20:19:04","date_gmt":"2022-09-25T20:19:04","guid":{"rendered":"https:\/\/www.ivh9.si\/Ponudbe\/ciuha\/?post_type=product&#038;p=22770"},"modified":"2022-12-02T14:56:36","modified_gmt":"2022-12-02T14:56:36","slug":"kula-tribute-to-led-zeppelin-hr","status":"publish","type":"product","link":"https:\/\/www.orto-bar.com\/en\/dogodki\/arhiv\/kula-tribute-to-led-zeppelin-hr\/","title":{"rendered":"Kula -Tribute to Led Zeppelin (HR)"},"content":{"rendered":"<p>Bend Kula je bil ustanovljen konec leta 2005. \u010clani skupine so: Bojan Kri\u017ean (bas kitara), Damir Hodi\u0107 (bobni), Oliver Novak (kitara), Robert Lisjak (vokal). Od samega za\u010detka se je bend najbolje zna\u0161el v hard rock glasbenem \u017eanru in v svojih nastopih intrepretira klasike tega \u017eanra, kot so Led Zeppelin, Jimi Hendrix, Cream\u2026Pogosto nastopamo kot Led Zeppelin tribute band, ker izvajamo veliko pesmi te legendarne skupine. Za nami je preko 600 koncertov, odigranih ve\u010dinoma na Hrva\u0161kem ter v Sloveniji\u2026\u010clani benda so ve\u010dinoma iz okolice \u010cakovca (HR). \u010cakovec se je neko\u010d imenoval \u201c\u010cakov toranj\u201d (\u010cakov stolp) po legendarnem Dimitriju \u010caku. Ker mi ljubimo in cenimo svoj doma\u010di kraj, smo \u017eeleli, da ime benda asocira na podro\u010dje, v katerem \u017eivimo, zato smo uporabili starej\u0161o razli\u010dico.<\/p>\n<p><strong>Vstopnina v predprodaji 10 \u20ac in 12\u20ac na dan dogodka<\/strong><\/p>","protected":false},"excerpt":{"rendered":"<p>Bend Kula je bil ustanovljen konec leta 2005. \u010clani skupine so: Bojan Kri\u017ean (bas kitara), Damir Hodi\u0107 (bobni), Oliver Novak (kitara), Robert Lisjak (vokal). Od samega za\u010detka se je bend najbolje zna\u0161el v hard rock glasbenem \u017eanru in v svojih nastopih intrepretira klasike tega \u017eanra, kot so Led Zeppelin, Jimi Hendrix, Cream\u2026Pogosto nastopamo kot Led [&hellip;]<\/p>","protected":false},"author":11,"featured_media":22771,"template":"","meta":{"_seopress_robots_primary_cat":"none","_seopress_titles_title":"","_seopress_titles_desc":"","_seopress_robots_index":""},"product_brand":[],"product_cat":[230],"product_tag":[222],"class_list":{"0":"post-22770","1":"product","2":"type-product","3":"status-publish","4":"has-post-thumbnail","6":"product_cat-arhiv","7":"product_tag-predprodaja","9":"entry","10":"has-media","12":"first","13":"instock","14":"virtual","15":"taxable","16":"product-type-simple","17":"has-product-nav","18":"col","19":"span_1_of_4","20":"owp-content-center","21":"item-entry","22":"owp-thumbs-layout-horizontal","23":"owp-btn-normal","24":"owp-tabs-layout-section","25":"has-no-thumbnails"},"publishpress_future_action":{"enabled":false,"date":"2026-05-08 09:10:31","action":"change-status","newStatus":"draft","terms":[],"taxonomy":"product_cat","extraData":[]},"publishpress_future_workflow_manual_trigger":{"enabledWorkflows":[]},"_links":{"self":[{"href":"https:\/\/www.orto-bar.com\/en\/wp-json\/wp\/v2\/product\/22770","targetHints":{"allow":["GET"]}}],"collection":[{"href":"https:\/\/www.orto-bar.com\/en\/wp-json\/wp\/v2\/product"}],"about":[{"href":"https:\/\/www.orto-bar.com\/en\/wp-json\/wp\/v2\/types\/product"}],"author":[{"embeddable":true,"href":"https:\/\/www.orto-bar.com\/en\/wp-json\/wp\/v2\/users\/11"}],"version-history":[{"count":0,"href":"https:\/\/www.orto-bar.com\/en\/wp-json\/wp\/v2\/product\/22770\/revisions"}],"wp:featuredmedia":[{"embeddable":true,"href":"https:\/\/www.orto-bar.com\/en\/wp-json\/wp\/v2\/media\/22771"}],"wp:attachment":[{"href":"https:\/\/www.orto-bar.com\/en\/wp-json\/wp\/v2\/media?parent=22770"}],"wp:term":[{"taxonomy":"product_brand","embeddable":true,"href":"https:\/\/www.orto-bar.com\/en\/wp-json\/wp\/v2\/product_brand?post=22770"},{"taxonomy":"product_cat","embeddable":true,"href":"https:\/\/www.orto-bar.com\/en\/wp-json\/wp\/v2\/product_cat?post=22770"},{"taxonomy":"product_tag","embeddable":true,"href":"https:\/\/www.orto-bar.com\/en\/wp-json\/wp\/v2\/product_tag?post=22770"}],"curies":[{"name":"wp","href":"https:\/\/api.w.org\/{rel}","templated":true}]}}