{"id":22871,"date":"2022-09-26T10:01:02","date_gmt":"2022-09-26T10:01:02","guid":{"rendered":"https:\/\/www.ivh9.si\/Ponudbe\/ciuha\/?post_type=product&#038;p=22871"},"modified":"2022-11-25T00:01:25","modified_gmt":"2022-11-25T00:01:25","slug":"motus-vita-est-hr","status":"publish","type":"product","link":"https:\/\/www.orto-bar.com\/en\/dogodki\/arhiv\/motus-vita-est-hr\/","title":{"rendered":"Motus Vita Est (HR)"},"content":{"rendered":"<p>Motus Vita Est, najstarej\u0161a hardcore punk zasedba na zagreb\u0161ki sceni, ima v svojih pesmih vedno socialno noto in jasen znak modernosti ter \u0161\u010depec humorja kot vedno dobrodo\u0161le za\u010dimbe. Pesmi slikajo aktualno in za vsakogar precej kriti\u010dno sedanjost. A fantom \u0161e vedno ne zmanjka vedrine \u2013 boj se nadaljuje!<\/p>\n<p>Skupina ima za seboj \u0161est albumov brezkompromisne, ostre glasbe, v kateri poleg punkerske mno\u017eice u\u017eivajo tudi ostali ljubitelji ostrega zvoka. Njihove pesmi se vrtijo in pojejo na veselicah, nekatere pa so tudi legendarne, tako da na \u017eivih nastopih od za\u010detka do konca koncerta zapoje trigeneracijsko ob\u010dinstvo. Skupina je svoj prvi singel posnela leta 1988 in od takrat so neprekinjeno na sceni na Hrva\u0161kem in v sosednjih dr\u017eavah, imeli pa so tudi ve\u010d uspe\u0161nih turnej v Avstriji, Nem\u010diji in \u0160vici.<\/p>\n<p>&nbsp;<\/p>\n<p>Pri\u010dakujete lahko mo\u010dno in po\u0161teno predstavo z novimi singli. Vabljeni!<\/p>\n<p><a href=\"https:\/\/youtu.be\/pLoy-DAwBCU\">https:\/\/youtu.be\/pLoy-DAwBCU<\/a><\/p>\n<p>&nbsp;<\/p>\n<p><a href=\"https:\/\/youtu.be\/ZOfwBr0wQrs\">https:\/\/youtu.be\/ZOfwBr0wQrs<\/a><\/p>\n<p>&nbsp;<\/p>\n<p><a href=\"https:\/\/youtu.be\/AuimetKwvu0\">https:\/\/youtu.be\/AuimetKwvu0<\/a><\/p>\n<p><strong>Vstopnina v predprodaji 10 \u20ac in 15 \u20ac na dan dogodka<\/strong><\/p>","protected":false},"excerpt":{"rendered":"<p>Motus Vita Est, najstarej\u0161a hardcore punk zasedba na zagreb\u0161ki sceni, ima v svojih pesmih vedno socialno noto in jasen znak modernosti ter \u0161\u010depec humorja kot vedno dobrodo\u0161le za\u010dimbe. Pesmi slikajo aktualno in za vsakogar precej kriti\u010dno sedanjost. A fantom \u0161e vedno ne zmanjka vedrine \u2013 boj se nadaljuje! Skupina ima za seboj \u0161est albumov brezkompromisne, [&hellip;]<\/p>","protected":false},"author":11,"featured_media":24498,"template":"","meta":{"_seopress_robots_primary_cat":"none","_seopress_titles_title":"","_seopress_titles_desc":"","_seopress_robots_index":""},"product_brand":[],"product_cat":[230],"product_tag":[222],"class_list":{"0":"post-22871","1":"product","2":"type-product","3":"status-publish","4":"has-post-thumbnail","6":"product_cat-arhiv","7":"product_tag-predprodaja","9":"entry","10":"has-media","12":"first","13":"instock","14":"virtual","15":"taxable","16":"product-type-simple","17":"has-product-nav","18":"col","19":"span_1_of_4","20":"owp-content-center","21":"item-entry","22":"owp-thumbs-layout-horizontal","23":"owp-btn-normal","24":"owp-tabs-layout-section","25":"has-no-thumbnails"},"publishpress_future_action":{"enabled":false,"date":"2026-05-08 08:11:05","action":"change-status","newStatus":"draft","terms":[],"taxonomy":"product_cat","extraData":[]},"publishpress_future_workflow_manual_trigger":{"enabledWorkflows":[]},"_links":{"self":[{"href":"https:\/\/www.orto-bar.com\/en\/wp-json\/wp\/v2\/product\/22871","targetHints":{"allow":["GET"]}}],"collection":[{"href":"https:\/\/www.orto-bar.com\/en\/wp-json\/wp\/v2\/product"}],"about":[{"href":"https:\/\/www.orto-bar.com\/en\/wp-json\/wp\/v2\/types\/product"}],"author":[{"embeddable":true,"href":"https:\/\/www.orto-bar.com\/en\/wp-json\/wp\/v2\/users\/11"}],"version-history":[{"count":0,"href":"https:\/\/www.orto-bar.com\/en\/wp-json\/wp\/v2\/product\/22871\/revisions"}],"wp:featuredmedia":[{"embeddable":true,"href":"https:\/\/www.orto-bar.com\/en\/wp-json\/wp\/v2\/media\/24498"}],"wp:attachment":[{"href":"https:\/\/www.orto-bar.com\/en\/wp-json\/wp\/v2\/media?parent=22871"}],"wp:term":[{"taxonomy":"product_brand","embeddable":true,"href":"https:\/\/www.orto-bar.com\/en\/wp-json\/wp\/v2\/product_brand?post=22871"},{"taxonomy":"product_cat","embeddable":true,"href":"https:\/\/www.orto-bar.com\/en\/wp-json\/wp\/v2\/product_cat?post=22871"},{"taxonomy":"product_tag","embeddable":true,"href":"https:\/\/www.orto-bar.com\/en\/wp-json\/wp\/v2\/product_tag?post=22871"}],"curies":[{"name":"wp","href":"https:\/\/api.w.org\/{rel}","templated":true}]}}