{"id":22893,"date":"2022-09-26T11:26:12","date_gmt":"2022-09-26T11:26:12","guid":{"rendered":"https:\/\/www.ivh9.si\/Ponudbe\/ciuha\/?post_type=product&#038;p=22893"},"modified":"2022-11-20T14:21:37","modified_gmt":"2022-11-20T14:21:37","slug":"jon-bornoe","status":"publish","type":"product","link":"https:\/\/www.orto-bar.com\/en\/dogodki\/arhiv\/jon-bornoe\/","title":{"rendered":"Jon B\u00f6rn\u0153"},"content":{"rendered":"<p>Jon B\u00f6rn\u0153<\/p>\n<p>&nbsp;<\/p>\n<p>O bandu:<\/p>\n<p>Leto 2014 se je preve\u0161alo v 2015, ko sta se Viktor Kastelic, basist z nekaj kilometrine v srednje\u0161olskih bandih in Gregor De\u017eelak, samou\u010de\u010di se kitarist, odlo\u010dila, da je napo\u010dil\u00a0\u010das za ustanovitev nove skupine. Pridru\u017eita se Ga\u0161perju Prusu, nekoliko bolj izku\u0161enemu bobnarju, ki je enkrat na teden vadil v prostoru za vaje v\u00a0\u00bbDetroitu\u00ab.<\/p>\n<p>Pozitivno okolje\u00a0\u00bbDetroita\u00ab\u00a0in velik za\u010detni zagon sta botrovala takoj\u0161nji usmeritvi v ustvarjanje avtorskih komadov. \u017de v sredini leta 2015 je band ugotovil da njihov nastajajo\u010di zvok nujno potrebuje \u0161e eno kitaro in po kratkem iskanju se bandu pridru\u017ei Bo\u0161tjan Paliska, visoko motivirani kitarist z novo energijo. Pod delovnim imenom banda\u00a0\u00bbCienfuegos\u00ab\u00a0leta 2016 nastanejo prvi studijski demo posnetki. Vsekakor je bila to nujno potrebna izku\u0161nja, nikakor pa posnetki ne zadovoljijo nobenega od \u010dlanov. Po prvem javnem nastopu septembra 2016 v sklopu internega dogodka v\u00a0\u00bbDetroitu\u00ab\u00a0nastopi obdobje sprememb.<\/p>\n<p>Po iskanju vokalista, menjavah bobnarjev, menjavah prostorov za vaje se nestanovitno obdobje kon\u010da v prostoru za vaje pod okriljem Bo\u0161tjana Vajsa. Sodelovanje s tem odli\u010dnim slovenskim bobnarjem bandu spet podeli dodatno samozavest in vizijo za ustvarjanje nove glasbe. Po nekaj sestankih s Petrom Deklevo tudi on nekaj zazna v njih in poka\u017ee pripravljenost sodelovati z njimi kot producent prvega albuma. Izbranih je 8 avtorskih komadov, novo ime banda pa je\u00a0\u00bbJon Bornoe\u00ab. Kitaristu Bo\u0161tjanu so dodeljene vokalne zadol\u017eitve in v aprilu 2021 pri\u010dnejo s snemanjem v studiu. Zvok tam dozori, kot tudi vse pesmi, ki dobijo popolnoma nov spin in zagon. Bo\u0161tjan se celo tako preda svoji novi vlogi vokalista, da se po snemanju odlo\u010di svojo prvo ljubezen, kitaro, delno prepustiti novemu kitaristu Uro\u0161u Ku\u0161arju.<\/p>\n<p>Torej, prvi studijski album z nazivom\u00a0\u00bbNeither Aliens nor Strangers\u00ab\u00a0je pripravljen za vzlet. Na njem lahko potujete v neskon\u010dnost vesolja, v \u0161kotskih vi\u0161avjih raziskujete globine izgubljenih du\u0161 in se v pesmi Long Way Home poklonite nesmrtnim kreatorjem rock &#8216;n&#8217; rolla. Nekateri v pesmih iz albuma \u010dutijo vplive Guns &#8216;n&#8217; Roses, drugi Iron Maiden, spet tretji Foo Fighters, ve\u010dini pa se zdi da gre vseeno za zelo unikatno glasbo. Vpliv prej omenjenih velikih bandov ni presenetljiv, saj je to glasba s katero \u010dlani banda kot poslu\u0161alci in tudi glasbeniki\u00a0\u017eivijo \u017ee desetletja. Verjetno najve\u010dji potencial tega albuma je, da v njem vsak lahko najde vpliv svojega rock heroja, sporo\u010dilo posameznih pesmi pa interpretira na na\u010din, ki spodbuja razmi\u0161ljanje z lastno glavo in ne daje mo\u010di la\u017enim prerokom. Mogo\u010de se ta interpretacija lahko celo spreminja s \u010dasom, kar pomeni da so pesmi \u017eive in vedno znova aktualne. Zakaj bi bili neznanci? Ne bodimo si tujci!<\/p>","protected":false},"excerpt":{"rendered":"<p>Jon B\u00f6rn\u0153 &nbsp; O bandu: Leto 2014 se je preve\u0161alo v 2015, ko sta se Viktor Kastelic, basist z nekaj kilometrine v srednje\u0161olskih bandih in Gregor De\u017eelak, samou\u010de\u010di se kitarist, odlo\u010dila, da je napo\u010dil\u00a0\u010das za ustanovitev nove skupine. Pridru\u017eita se Ga\u0161perju Prusu, nekoliko bolj izku\u0161enemu bobnarju, ki je enkrat na teden vadil v prostoru za [&hellip;]<\/p>","protected":false},"author":11,"featured_media":24497,"template":"","meta":{"_seopress_robots_primary_cat":"none","_seopress_titles_title":"","_seopress_titles_desc":"","_seopress_robots_index":""},"product_brand":[],"product_cat":[230],"product_tag":[222],"class_list":{"0":"post-22893","1":"product","2":"type-product","3":"status-publish","4":"has-post-thumbnail","6":"product_cat-arhiv","7":"product_tag-predprodaja","9":"entry","10":"has-media","12":"first","13":"outofstock","14":"virtual","15":"taxable","16":"product-type-simple","17":"has-product-nav","18":"col","19":"span_1_of_4","20":"owp-content-center","21":"item-entry","22":"owp-thumbs-layout-horizontal","23":"owp-btn-normal","24":"owp-tabs-layout-section","25":"has-no-thumbnails"},"publishpress_future_action":{"enabled":false,"date":"2026-05-08 07:55:40","action":"change-status","newStatus":"draft","terms":[],"taxonomy":"product_cat","extraData":[]},"publishpress_future_workflow_manual_trigger":{"enabledWorkflows":[]},"_links":{"self":[{"href":"https:\/\/www.orto-bar.com\/en\/wp-json\/wp\/v2\/product\/22893","targetHints":{"allow":["GET"]}}],"collection":[{"href":"https:\/\/www.orto-bar.com\/en\/wp-json\/wp\/v2\/product"}],"about":[{"href":"https:\/\/www.orto-bar.com\/en\/wp-json\/wp\/v2\/types\/product"}],"author":[{"embeddable":true,"href":"https:\/\/www.orto-bar.com\/en\/wp-json\/wp\/v2\/users\/11"}],"version-history":[{"count":0,"href":"https:\/\/www.orto-bar.com\/en\/wp-json\/wp\/v2\/product\/22893\/revisions"}],"wp:featuredmedia":[{"embeddable":true,"href":"https:\/\/www.orto-bar.com\/en\/wp-json\/wp\/v2\/media\/24497"}],"wp:attachment":[{"href":"https:\/\/www.orto-bar.com\/en\/wp-json\/wp\/v2\/media?parent=22893"}],"wp:term":[{"taxonomy":"product_brand","embeddable":true,"href":"https:\/\/www.orto-bar.com\/en\/wp-json\/wp\/v2\/product_brand?post=22893"},{"taxonomy":"product_cat","embeddable":true,"href":"https:\/\/www.orto-bar.com\/en\/wp-json\/wp\/v2\/product_cat?post=22893"},{"taxonomy":"product_tag","embeddable":true,"href":"https:\/\/www.orto-bar.com\/en\/wp-json\/wp\/v2\/product_tag?post=22893"}],"curies":[{"name":"wp","href":"https:\/\/api.w.org\/{rel}","templated":true}]}}