{"id":23120,"date":"2022-09-28T16:57:37","date_gmt":"2022-09-28T16:57:37","guid":{"rendered":"https:\/\/www.ivh9.si\/Ponudbe\/ciuha\/?post_type=product&#038;p=23120"},"modified":"2022-11-21T18:02:33","modified_gmt":"2022-11-21T18:02:33","slug":"haiku-travnik-observer-friends-orto-channel-menza","status":"publish","type":"product","link":"https:\/\/www.orto-bar.com\/en\/dogodki\/arhiv\/haiku-travnik-observer-friends-orto-channel-menza\/","title":{"rendered":"Haiku Travnik Observer &#038; Friends &#8211; Orto \/ Channel \/ Menza"},"content":{"rendered":"<p>Dirty Skunks &amp; Haiku Garden present: Haiku Travnik Observer &amp; Friends<\/p>\n<p>Vstopnice so \u017ee na voljo preko Mojekarte.si sistema (Petrol, OMV, Trafike&#8230;) in preko spodnje povezave:<br \/>\n<a href=\"https:\/\/www.mojekarte.si\/si\/haiku-travnik-observer-friends-haiku-garden-the-canyon-observer-cao-portoroz-travnik-neuromancer-regen-nomark-lsds\/vstopnice-1156478.html?fbclid=IwAR2CKg2IMA3-gobW3FeZdGDvMhHKdcwYT0S-S11a4yn3yRfFqcdn7J4IxRg\">https:\/\/www.mojekarte.si\/&#8230;\/haiku&#8230;\/vstopnice-1156478.html<\/a><br \/>\nPredprodaja: 20\u20ac, 24\u20ac na dan dogodka.<\/p>\n<p>Da alternativna kultura nima glasbenih in geografskih meja smo dokazali \u017ee z aprilsko eskapado, ki se je zgodila v dveh klubih naenkrat. Tokratna pojedina bo prav tako servirana izmeni\u010dno, na \u0161tirih odrih, v treh razli\u010dnih klubih. 4. Novembra bomo tako semtertjazili med Orto barom, Channel Zero in Menzo pri koritu.<\/p>\n<p>Iz smrdljive jazbine tokrat prihaja nov mixtape, ki ga na dihurskem meniju najdemo pod razdelkom \u201cme\u0161ano na \u017earu\u201d. Tokratni kuratorji\/\u017ear mojstri bodo ljubljanski shoegazerji Haiku Garden. Ob\u010destvu bodo servirali svoj nedavno izdani celove\u010derec Loose Contacts \/ Tense Present, ob boku jim bodo stali kaoti\u010dni post\/noise\/sludgerji The Canyon Observer in ljubavniki \u010cao Portoro\u017e, ki se \u017eanrsko gibljejo nekje med synthpopom, sovietwaveom in post-punkom. A na dihurski plo\u0161\u010di je \u0161e nekaj prostora, zato skunksi mariniramo \u0161e novodobne mariborske traperje Travnik in nor\u010davi trap kolektiv LSDS, melanholi\u010dno folktroni\u010dno poprock formacijo Regen, hyperpop senzacijo Nomark, ter Perturbatorju zvesti datksynth synthwave duo Neuromancer.<\/p>\n<p>Po dobri glavni jedi in sladici se vedno prile\u017ee nekaj kratkega, zato bo za bogat after program tokrat poskrbel zloglasni kolektiv Kibernet Kriminalit\u00e4t.<\/p>\n<p>HAIKU GARDEN<br \/>\n<a href=\"https:\/\/www.facebook.com\/HaikuGardenBand\/?__cft__[0]=AZXlF_wk8Jie71J_0oOIKym7z8fOBspvVleAoAuEoplJTZz5v5XgxqnVcrIp1WwknZ8FMLZwakkfkpIYXpXjR_V-yHk5pjO2HQ-R0LB3UGBAdOZ23s8Pun7Ow0x46BnPVMcgzKsPww1eYYNvQAgsXNWO&amp;__tn__=q\"><strong>https:\/\/www.facebook.com\/HaikuGardenBand\/<\/strong><\/a><br \/>\n<a href=\"https:\/\/l.facebook.com\/l.php?u=https%3A%2F%2Finstagram.com%2Fhaikugardenbend%3Figshid%3DYmMyMTA2M2Y%253D%26fbclid%3DIwAR20OggQkSagLitx7vcJMgIpsMsWFEQEB8ZNo8FXmGx_fB-xkpSnMPMLx1E&amp;h=AT154XRwJ8iwQelhXj5as0ukM1nvkbZLI-1b1dWx04--FOuNYFHoqYY7uWFMkEjc04RYaKiOLgyFTxI9Od6eAwoK4W2sBOlG0sxuqMKS475rnTcBrECjBGJKOICQND5v0g&amp;__tn__=q&amp;c[0]=AT03cYYzZiyX3d9Oz2l18Vpe1v_yfdTD_GPNLwYyiIMS3wgpuPGujMpr_wdkksIQmkJzvusd-vdCzR-JCQu2D5vbozwtM3dC8TvUQUbYujkInSlxNIvmZkeCjY5qinxXO7p8CQlTrojrMrjnyjlGNdEuiA1FWWkRTHkkQ_sWUHBfGEEY\">https:\/\/instagram.com\/haikugardenbend?igshid=YmMyMTA2M2Y=<\/a><br \/>\n<a href=\"https:\/\/l.facebook.com\/l.php?u=https%3A%2F%2Fyoutube.com%2Fchannel%2FUCGLgddDYb5K1EXVqqtD0-Sw%3Ffbclid%3DIwAR1fZH3XgL5RRWd-2fw5qDreUjYFQFrIdVuzGbZ8J55IvfK1b8lj8fRA21g&amp;h=AT178KUO2pwC-LPemWnUiEykdq3A_k5Ll4Ao7qNFXXgSeCQWlxN0kY_ebxPtIuoIdfwL__G1mWd17OjlEwTKhKvnc24ML9t9OqjzjCQQSyeiXPRQQgmMOquerYYcHU32ig&amp;__tn__=q&amp;c[0]=AT03cYYzZiyX3d9Oz2l18Vpe1v_yfdTD_GPNLwYyiIMS3wgpuPGujMpr_wdkksIQmkJzvusd-vdCzR-JCQu2D5vbozwtM3dC8TvUQUbYujkInSlxNIvmZkeCjY5qinxXO7p8CQlTrojrMrjnyjlGNdEuiA1FWWkRTHkkQ_sWUHBfGEEY\">https:\/\/youtube.com\/channel\/UCGLgddDYb5K1EXVqqtD0-Sw<\/a><br \/>\n<a href=\"https:\/\/l.facebook.com\/l.php?u=https%3A%2F%2Fkaparecords.bandcamp.com%2Falbum%2Floose-contacts-tense-present-2%3Ffbclid%3DIwAR0pMVdAtiVtVv1waaRN8W3Se6_YAvGxdMjgbgmTJ_i-UDBJ5_4Lig54V4o&amp;h=AT2tjHKe4OAq0RwDtR6pxijCVRrY7L9RP720PvhyY-pMipk8lD9Kv_oHW5KBePeQXHJmL7SV-asB_Cs4P8_aGJIC9WzeJGcLvLHmB-E_rABMoz8e_8Zvjsj3Z2IrciMCDQ&amp;__tn__=q&amp;c[0]=AT03cYYzZiyX3d9Oz2l18Vpe1v_yfdTD_GPNLwYyiIMS3wgpuPGujMpr_wdkksIQmkJzvusd-vdCzR-JCQu2D5vbozwtM3dC8TvUQUbYujkInSlxNIvmZkeCjY5qinxXO7p8CQlTrojrMrjnyjlGNdEuiA1FWWkRTHkkQ_sWUHBfGEEY\">https:\/\/kaparecords.bandcamp.com\/&#8230;\/loose-contacts-tense&#8230;<\/a><\/p>\n<p>THE CANYON OBSERVER<br \/>\n<a href=\"https:\/\/www.facebook.com\/TheCanyonObserver?__cft__[0]=AZXlF_wk8Jie71J_0oOIKym7z8fOBspvVleAoAuEoplJTZz5v5XgxqnVcrIp1WwknZ8FMLZwakkfkpIYXpXjR_V-yHk5pjO2HQ-R0LB3UGBAdOZ23s8Pun7Ow0x46BnPVMcgzKsPww1eYYNvQAgsXNWO&amp;__tn__=q\"><strong>https:\/\/www.facebook.com\/TheCanyonObserver<\/strong><\/a><br \/>\n<a href=\"https:\/\/l.facebook.com\/l.php?u=https%3A%2F%2Finstagram.com%2Fthecanyonobserver%3Figshid%3DYmMyMTA2M2Y%253D%26fbclid%3DIwAR0tOS-7km0-RJ5h7sxAwXrH7P3IrxtzMcaL27RRLpnhfxt7OL-Xj0koJbM&amp;h=AT3f2pDl8OC7I5XA6e0kizKCSI80TkXGCDaEAR2eKvt2SV-u9P20_U1yliky-uAybsg-qv39yQWczaEG3zIxhsOdfDxAlzTzSgFpJDUKepuOofGgQ89jcX5NwaIfuWtGsQ&amp;__tn__=q&amp;c[0]=AT03cYYzZiyX3d9Oz2l18Vpe1v_yfdTD_GPNLwYyiIMS3wgpuPGujMpr_wdkksIQmkJzvusd-vdCzR-JCQu2D5vbozwtM3dC8TvUQUbYujkInSlxNIvmZkeCjY5qinxXO7p8CQlTrojrMrjnyjlGNdEuiA1FWWkRTHkkQ_sWUHBfGEEY\">https:\/\/instagram.com\/thecanyonobserver?igshid=YmMyMTA2M2Y=<\/a><br \/>\n<a href=\"https:\/\/l.facebook.com\/l.php?u=https%3A%2F%2Fyoutube.com%2Fchannel%2FUCvw40tCkuMWW9Aa-AqpvkKQ%3Ffbclid%3DIwAR3TOWRzKhpK09f-z6fLbNb9hs4ryIzswDE6lLMC0X6J0B_PljakdPZ4VKU&amp;h=AT1hLDhoP048DTw5RSDEuv1Le70yXoKkvkI3-dT1v5P0-Lp6ZyAtPrB3gtUDUAiJCFj7347pclaAgr0YHgve-f4122PiDS0HzME-2fwyJjQONU0dSd0M4F33CzZOsrMRqA&amp;__tn__=q&amp;c[0]=AT03cYYzZiyX3d9Oz2l18Vpe1v_yfdTD_GPNLwYyiIMS3wgpuPGujMpr_wdkksIQmkJzvusd-vdCzR-JCQu2D5vbozwtM3dC8TvUQUbYujkInSlxNIvmZkeCjY5qinxXO7p8CQlTrojrMrjnyjlGNdEuiA1FWWkRTHkkQ_sWUHBfGEEY\">https:\/\/youtube.com\/channel\/UCvw40tCkuMWW9Aa-AqpvkKQ<\/a><br \/>\n<a href=\"https:\/\/l.facebook.com\/l.php?u=https%3A%2F%2Fkaparecords.bandcamp.com%2Falbum%2Ffvck%3Ffbclid%3DIwAR2tx14J6zZ5NuxyeWBhYyS80vszAMIQLUC0ngArsQ91HrzCC8p7kgaT1Zk&amp;h=AT01CAgQAE6IswhLiooKGfzxicCYV2bkeuBmb_gg2jh-VelqYY-kBECtY9rO_C8bViA9VzVTOY2Ss7XiJ2MMPPqV6CT5c3NyErLCTg9P5rHeYpmsgTkWwv8X6tqB-YBV5g&amp;__tn__=q&amp;c[0]=AT03cYYzZiyX3d9Oz2l18Vpe1v_yfdTD_GPNLwYyiIMS3wgpuPGujMpr_wdkksIQmkJzvusd-vdCzR-JCQu2D5vbozwtM3dC8TvUQUbYujkInSlxNIvmZkeCjY5qinxXO7p8CQlTrojrMrjnyjlGNdEuiA1FWWkRTHkkQ_sWUHBfGEEY\">https:\/\/kaparecords.bandcamp.com\/album\/fvck<\/a><\/p>\n<p>\u010cAO PORTORO\u017d<br \/>\n<a href=\"https:\/\/www.facebook.com\/caoportoroz?__cft__[0]=AZXlF_wk8Jie71J_0oOIKym7z8fOBspvVleAoAuEoplJTZz5v5XgxqnVcrIp1WwknZ8FMLZwakkfkpIYXpXjR_V-yHk5pjO2HQ-R0LB3UGBAdOZ23s8Pun7Ow0x46BnPVMcgzKsPww1eYYNvQAgsXNWO&amp;__tn__=q\"><strong>https:\/\/www.facebook.com\/caoportoroz<\/strong><\/a><br \/>\n<a href=\"https:\/\/l.facebook.com\/l.php?u=https%3A%2F%2Finstagram.com%2Fcaoportoroz%3Figshid%3DYmMyMTA2M2Y%253D%26fbclid%3DIwAR1kDzMcsKDIZdk8WLDpCqLq6rpyEFJx3gCIEZHwi43XC0vFVZ8JNF_sJG8&amp;h=AT2rnx-dWjed_Z6R9q6Hbcmbn4XYLT2T-pSlNLuFEduDZ7VwHWu9rGGSuT6n-Z2hVMEfYYl-79T32nD7g_au8gu8I4gvAuYUFJWfHQ-3C55iBUbUNDjSnc54IH77rti56g&amp;__tn__=q&amp;c[0]=AT03cYYzZiyX3d9Oz2l18Vpe1v_yfdTD_GPNLwYyiIMS3wgpuPGujMpr_wdkksIQmkJzvusd-vdCzR-JCQu2D5vbozwtM3dC8TvUQUbYujkInSlxNIvmZkeCjY5qinxXO7p8CQlTrojrMrjnyjlGNdEuiA1FWWkRTHkkQ_sWUHBfGEEY\">https:\/\/instagram.com\/caoportoroz?igshid=YmMyMTA2M2Y=<\/a><br \/>\n<a href=\"https:\/\/l.facebook.com\/l.php?u=https%3A%2F%2Fyoutube.com%2Fchannel%2FUCnKYAP0v_E22fd5xYtCEacg%3Ffbclid%3DIwAR1Pa5siZSoTA0EK6ITMKzqDX0McLZToD_kGu3cysx6totkDERO3AiUNuBQ&amp;h=AT2oN5ffxkKfmLd6K7jBSN7j8-Z22PxzXEGD5putX8bh3IMvGT3omBfRyGZurXIH9quQHnktgdAdO2b4NFCPd7FshIxm5Fhy2SZ_hWNLJNmZTQwH8QQ0IyjEia5rTs9Y6Q&amp;__tn__=q&amp;c[0]=AT03cYYzZiyX3d9Oz2l18Vpe1v_yfdTD_GPNLwYyiIMS3wgpuPGujMpr_wdkksIQmkJzvusd-vdCzR-JCQu2D5vbozwtM3dC8TvUQUbYujkInSlxNIvmZkeCjY5qinxXO7p8CQlTrojrMrjnyjlGNdEuiA1FWWkRTHkkQ_sWUHBfGEEY\">https:\/\/youtube.com\/channel\/UCnKYAP0v_E22fd5xYtCEacg<\/a><br \/>\n<a href=\"https:\/\/l.facebook.com\/l.php?u=https%3A%2F%2Fkaparecords.bandcamp.com%2Falbum%2Fpop%3Ffbclid%3DIwAR12RpXzOJkjRph5sHt8vhTg87PLIyQW6NJ5C3oLJeIonGI9_heofUS3GKU&amp;h=AT2Uz2jEYSED3knlnPBlp3sNW0J5JY1NKEGADli0-xYbt3SIdLlTNutpGTtBglcdY0QYsrvuErVudq4iLC6TapfRAkR_gdDMixdLEJsZS7wlMn7G1ccg0xnUdPh30qoOnQ&amp;__tn__=q&amp;c[0]=AT03cYYzZiyX3d9Oz2l18Vpe1v_yfdTD_GPNLwYyiIMS3wgpuPGujMpr_wdkksIQmkJzvusd-vdCzR-JCQu2D5vbozwtM3dC8TvUQUbYujkInSlxNIvmZkeCjY5qinxXO7p8CQlTrojrMrjnyjlGNdEuiA1FWWkRTHkkQ_sWUHBfGEEY\">https:\/\/kaparecords.bandcamp.com\/album\/pop<\/a><\/p>\n<p>.TRAVNIK<br \/>\n<a href=\"https:\/\/www.facebook.com\/ok.travnik?__cft__[0]=AZXlF_wk8Jie71J_0oOIKym7z8fOBspvVleAoAuEoplJTZz5v5XgxqnVcrIp1WwknZ8FMLZwakkfkpIYXpXjR_V-yHk5pjO2HQ-R0LB3UGBAdOZ23s8Pun7Ow0x46BnPVMcgzKsPww1eYYNvQAgsXNWO&amp;__tn__=q\"><strong>https:\/\/www.facebook.com\/ok.travnik<\/strong><\/a><br \/>\n<a href=\"https:\/\/l.facebook.com\/l.php?u=https%3A%2F%2Finstagram.com%2Fok.travnik%3Figshid%3DYmMyMTA2M2Y%253D%26fbclid%3DIwAR1hKfJvnHVZWYZtiGm3H9PX8khWJFxmuzrCStPSKPw3NUkplGyTv_RyhWw&amp;h=AT3XBgodTvaY41BBX9vTRraMeiYtAtBgCIlpWyONOJwTV4VOcX5-ulqGG1-CZtBhWPuo58-wfrgaO_WXIP5xg39MtfujEfTjchhUp_0G7Bt06GRjIwE2iADefUE6njeHbA&amp;__tn__=q&amp;c[0]=AT03cYYzZiyX3d9Oz2l18Vpe1v_yfdTD_GPNLwYyiIMS3wgpuPGujMpr_wdkksIQmkJzvusd-vdCzR-JCQu2D5vbozwtM3dC8TvUQUbYujkInSlxNIvmZkeCjY5qinxXO7p8CQlTrojrMrjnyjlGNdEuiA1FWWkRTHkkQ_sWUHBfGEEY\"><u>https:\/\/instagram.com\/ok.travnik?igshid=YmMyMTA2M2Y=<\/u><\/a><br \/>\n<a href=\"https:\/\/youtube.com\/channel\/UCiSpi7l86mW6v5_uJwMYjRw?fbclid=IwAR2ys0zh7PVVXrjMG6Ak7QziEAQBfsLyA_6Z-5ZDmwklZyqQihRj1z3ad_I\">https:\/\/youtube.com\/channel\/UCiSpi7l86mW6v5_uJwMYjRw<\/a><br \/>\n<a href=\"https:\/\/travnik.bandcamp.com\/releases?fbclid=IwAR1KkNBRen82Ncqr_OS29N1LeGVAB50qMk5d_gxrdsWatgLxf5hys6WwM2M\">https:\/\/travnik.bandcamp.com\/releases<\/a><\/p>\n<p>NEUROMANCER<br \/>\n<a href=\"https:\/\/www.facebook.com\/neuromancersynth?__cft__[0]=AZXlF_wk8Jie71J_0oOIKym7z8fOBspvVleAoAuEoplJTZz5v5XgxqnVcrIp1WwknZ8FMLZwakkfkpIYXpXjR_V-yHk5pjO2HQ-R0LB3UGBAdOZ23s8Pun7Ow0x46BnPVMcgzKsPww1eYYNvQAgsXNWO&amp;__tn__=q\"><strong>https:\/\/www.facebook.com\/neuromancersynth<\/strong><\/a><br \/>\n<a href=\"https:\/\/instagram.com\/neuromancers_band?igshid=YmMyMTA2M2Y%3D&amp;fbclid=IwAR0tOS-7km0-RJ5h7sxAwXrH7P3IrxtzMcaL27RRLpnhfxt7OL-Xj0koJbM\">https:\/\/instagram.com\/neuromancers_band?igshid=YmMyMTA2M2Y=<\/a><br \/>\n<a href=\"https:\/\/youtube.com\/channel\/UCudgZCYSzRHuT1_UIkUeFnA?fbclid=IwAR2GzxtoDtyQ8XYiB3SPV2OHb_hqiOb8U9Hmq-2yHs0eVhVeC2jwwv4HtvE\">https:\/\/youtube.com\/channel\/UCudgZCYSzRHuT1_UIkUeFnA<\/a><br \/>\n<a href=\"https:\/\/neuromancers.bandcamp.com\/?fbclid=IwAR10XLZzonXl4A95U_1VpyPzAo_wY-ZXYzfYCRpOF0LiWVrIxicLClcZk0o\">https:\/\/neuromancers.bandcamp.com\/<\/a><\/p>\n<p>REGEN<br \/>\n<a href=\"https:\/\/www.facebook.com\/regenband.official?__cft__[0]=AZXlF_wk8Jie71J_0oOIKym7z8fOBspvVleAoAuEoplJTZz5v5XgxqnVcrIp1WwknZ8FMLZwakkfkpIYXpXjR_V-yHk5pjO2HQ-R0LB3UGBAdOZ23s8Pun7Ow0x46BnPVMcgzKsPww1eYYNvQAgsXNWO&amp;__tn__=q\"><strong>https:\/\/www.facebook.com\/regenband.official<\/strong><\/a><br \/>\n<a href=\"https:\/\/l.facebook.com\/l.php?u=https%3A%2F%2Finstagram.com%2Fregentheband%3Figshid%3DYmMyMTA2M2Y%253D%26fbclid%3DIwAR3efMz1N64j-fU5vV6i8DaaSnkI_IFpj7ShCjjtdQZmgWDslh9PGcODW8k&amp;h=AT0kIPbMDOWrimp081-rZ3KT9mR8e6b1Uspnd_Ba1Wu9Vm8FY6SgpxejRNFv0N-CtAG0s_ex5EFHGjWZcJWXPqxv872GDne7SiFJPcMIQXPnaDOneVu0wiUMm25yHyRIKw&amp;__tn__=q&amp;c[0]=AT03cYYzZiyX3d9Oz2l18Vpe1v_yfdTD_GPNLwYyiIMS3wgpuPGujMpr_wdkksIQmkJzvusd-vdCzR-JCQu2D5vbozwtM3dC8TvUQUbYujkInSlxNIvmZkeCjY5qinxXO7p8CQlTrojrMrjnyjlGNdEuiA1FWWkRTHkkQ_sWUHBfGEEY\">https:\/\/instagram.com\/regentheband?igshid=YmMyMTA2M2Y=<\/a><br \/>\n<a href=\"https:\/\/youtube.com\/c\/Regenofficial?fbclid=IwAR23aaQsa83WOzeCaaNkFpMejTUD0TY67i7CRGWygcorfgl9ZaV_BPzeUVk\">https:\/\/youtube.com\/c\/Regenofficial<\/a><br \/>\n<a href=\"https:\/\/regenband.bandcamp.com\/releases?fbclid=IwAR0JbuhGN5bGU5CDJFf6SmfHKuD-ip-rVuQ1FX2yRUXjjJNP5A0k_wO49PQ\">https:\/\/regenband.bandcamp.com\/releases<\/a><\/p>\n<p>NOMARK<br \/>\n<a href=\"https:\/\/www.facebook.com\/nebesaseben\/?__cft__[0]=AZXlF_wk8Jie71J_0oOIKym7z8fOBspvVleAoAuEoplJTZz5v5XgxqnVcrIp1WwknZ8FMLZwakkfkpIYXpXjR_V-yHk5pjO2HQ-R0LB3UGBAdOZ23s8Pun7Ow0x46BnPVMcgzKsPww1eYYNvQAgsXNWO&amp;__tn__=q\"><strong>https:\/\/www.facebook.com\/nebesaseben\/<\/strong><\/a><br \/>\n<a href=\"https:\/\/instagram.com\/markno.si?igshid=YmMyMTA2M2Y%3D&amp;fbclid=IwAR3QSf72_rGx73lRgZFZ8kKkGQGqaSzFvf6qNerxN7bSf3mLUR-oNoctpWE\">https:\/\/instagram.com\/markno.si?igshid=YmMyMTA2M2Y=<\/a><br \/>\n<a href=\"https:\/\/l.facebook.com\/l.php?u=https%3A%2F%2Fyoutube.com%2Fc%2Fmarknoprod%3Ffbclid%3DIwAR3xm44oqaqXD8WYGxuLud4xJ67OYhqSpidTiCBlCtrvzA3bfgt7XAJJVk8&amp;h=AT2qDRCWa2h3m6k5-rdkMZSVVMFW3V91kydYaKdRSBr7QXlBjSZWosu9cNWopidj6LN5yJ_K0HoBpLmu2WpU-R7a3P310f1TiJLwPAkHUI2CErrZ7StbY1u8R96pP7I13A&amp;__tn__=q&amp;c[0]=AT03cYYzZiyX3d9Oz2l18Vpe1v_yfdTD_GPNLwYyiIMS3wgpuPGujMpr_wdkksIQmkJzvusd-vdCzR-JCQu2D5vbozwtM3dC8TvUQUbYujkInSlxNIvmZkeCjY5qinxXO7p8CQlTrojrMrjnyjlGNdEuiA1FWWkRTHkkQ_sWUHBfGEEY\">https:\/\/youtube.com\/c\/marknoprod<\/a><\/p>\n<p>LSDS<br \/>\n<a href=\"https:\/\/www.facebook.com\/lsdskolektiv?__cft__[0]=AZXlF_wk8Jie71J_0oOIKym7z8fOBspvVleAoAuEoplJTZz5v5XgxqnVcrIp1WwknZ8FMLZwakkfkpIYXpXjR_V-yHk5pjO2HQ-R0LB3UGBAdOZ23s8Pun7Ow0x46BnPVMcgzKsPww1eYYNvQAgsXNWO&amp;__tn__=q\"><strong>https:\/\/www.facebook.com\/lsdskolektiv<\/strong><\/a><br \/>\n<a href=\"https:\/\/instagram.com\/lsdscollective?igshid=YmMyMTA2M2Y%3D&amp;fbclid=IwAR3TOWRzKhpK09f-z6fLbNb9hs4ryIzswDE6lLMC0X6J0B_PljakdPZ4VKU\">https:\/\/instagram.com\/lsdscollective?igshid=YmMyMTA2M2Y=<\/a><br \/>\n<a href=\"https:\/\/youtube.com\/channel\/UC2o1LSDTermBn31JUtPPyfw?fbclid=IwAR2qZlICxAZ9gz1Ad9tP2YC8t2LE_vw_SGjUqEFfO1oBbrHQG-V_l6-O0ZM\">https:\/\/youtube.com\/channel\/UC2o1LSDTermBn31JUtPPyfw<\/a><br \/>\n<a href=\"https:\/\/l.facebook.com\/l.php?u=https%3A%2F%2Fzars.bandcamp.com%2Ftrack%2Fajkule%3Ffbclid%3DIwAR1kDzMcsKDIZdk8WLDpCqLq6rpyEFJx3gCIEZHwi43XC0vFVZ8JNF_sJG8&amp;h=AT1YTJ3HfVUpLFaT6TqZD9PapMVAWbPvIua21xvQNhVOdBXKGqHAeyzey4jbYtlXaa9RxcRduyitedCFkDYOqomCJRSmkn4Vt3St9HKBmss8cFxOEAUJf9N9oxiUgIL2NQ&amp;__tn__=q&amp;c[0]=AT03cYYzZiyX3d9Oz2l18Vpe1v_yfdTD_GPNLwYyiIMS3wgpuPGujMpr_wdkksIQmkJzvusd-vdCzR-JCQu2D5vbozwtM3dC8TvUQUbYujkInSlxNIvmZkeCjY5qinxXO7p8CQlTrojrMrjnyjlGNdEuiA1FWWkRTHkkQ_sWUHBfGEEY\">https:\/\/zars.bandcamp.com\/track\/ajkule<\/a><\/p>\n<p>KIBERNET KRIMINALIT\u00c4T<br \/>\n<a href=\"https:\/\/www.facebook.com\/Kibernetkriminalitat?__cft__[0]=AZXlF_wk8Jie71J_0oOIKym7z8fOBspvVleAoAuEoplJTZz5v5XgxqnVcrIp1WwknZ8FMLZwakkfkpIYXpXjR_V-yHk5pjO2HQ-R0LB3UGBAdOZ23s8Pun7Ow0x46BnPVMcgzKsPww1eYYNvQAgsXNWO&amp;__tn__=q\"><strong>https:\/\/www.facebook.com\/Kibernetkriminalitat<\/strong><\/a><br \/>\n<a href=\"https:\/\/instagram.com\/kibernetkriminalitat?igshid=YmMyMTA2M2Y%3D&amp;fbclid=IwAR2tx14J6zZ5NuxyeWBhYyS80vszAMIQLUC0ngArsQ91HrzCC8p7kgaT1Zk\">https:\/\/instagram.com\/kibernetkriminalitat?igshid=YmMyMTA2M2Y=<\/a><br \/>\n<a href=\"https:\/\/kibernetkriminalitat.bandcamp.com\/?fbclid=IwAR0gIMcScvtlwiCp9cdIpYCjva-EEWFSsIqM--yzkpelLtBpgB3N2Iy6ABw\">https:\/\/kibernetkriminalitat.bandcamp.com\/<\/a><\/p>","protected":false},"excerpt":{"rendered":"<p>Dirty Skunks &amp; Haiku Garden present: Haiku Travnik Observer &amp; Friends Vstopnice so \u017ee na voljo preko Mojekarte.si sistema (Petrol, OMV, Trafike&#8230;) in preko spodnje povezave: https:\/\/www.mojekarte.si\/&#8230;\/haiku&#8230;\/vstopnice-1156478.html Predprodaja: 20\u20ac, 24\u20ac na dan dogodka. Da alternativna kultura nima glasbenih in geografskih meja smo dokazali \u017ee z aprilsko eskapado, ki se je zgodila v dveh klubih naenkrat. [&hellip;]<\/p>","protected":false},"author":11,"featured_media":24599,"template":"","meta":{"_seopress_robots_primary_cat":"none","_seopress_titles_title":"","_seopress_titles_desc":"","_seopress_robots_index":""},"product_brand":[],"product_cat":[230],"product_tag":[222],"class_list":{"0":"post-23120","1":"product","2":"type-product","3":"status-publish","4":"has-post-thumbnail","6":"product_cat-arhiv","7":"product_tag-predprodaja","9":"entry","10":"has-media","12":"first","13":"instock","14":"virtual","15":"taxable","16":"product-type-simple","17":"has-product-nav","18":"col","19":"span_1_of_4","20":"owp-content-center","21":"item-entry","22":"owp-thumbs-layout-horizontal","23":"owp-btn-normal","24":"owp-tabs-layout-section","25":"has-no-thumbnails"},"publishpress_future_action":{"enabled":false,"date":"2026-05-14 16:05:10","action":"change-status","newStatus":"draft","terms":[],"taxonomy":"product_cat","extraData":[]},"publishpress_future_workflow_manual_trigger":{"enabledWorkflows":[]},"_links":{"self":[{"href":"https:\/\/www.orto-bar.com\/en\/wp-json\/wp\/v2\/product\/23120","targetHints":{"allow":["GET"]}}],"collection":[{"href":"https:\/\/www.orto-bar.com\/en\/wp-json\/wp\/v2\/product"}],"about":[{"href":"https:\/\/www.orto-bar.com\/en\/wp-json\/wp\/v2\/types\/product"}],"author":[{"embeddable":true,"href":"https:\/\/www.orto-bar.com\/en\/wp-json\/wp\/v2\/users\/11"}],"version-history":[{"count":0,"href":"https:\/\/www.orto-bar.com\/en\/wp-json\/wp\/v2\/product\/23120\/revisions"}],"wp:featuredmedia":[{"embeddable":true,"href":"https:\/\/www.orto-bar.com\/en\/wp-json\/wp\/v2\/media\/24599"}],"wp:attachment":[{"href":"https:\/\/www.orto-bar.com\/en\/wp-json\/wp\/v2\/media?parent=23120"}],"wp:term":[{"taxonomy":"product_brand","embeddable":true,"href":"https:\/\/www.orto-bar.com\/en\/wp-json\/wp\/v2\/product_brand?post=23120"},{"taxonomy":"product_cat","embeddable":true,"href":"https:\/\/www.orto-bar.com\/en\/wp-json\/wp\/v2\/product_cat?post=23120"},{"taxonomy":"product_tag","embeddable":true,"href":"https:\/\/www.orto-bar.com\/en\/wp-json\/wp\/v2\/product_tag?post=23120"}],"curies":[{"name":"wp","href":"https:\/\/api.w.org\/{rel}","templated":true}]}}