{"id":23229,"date":"2022-10-03T20:10:35","date_gmt":"2022-10-03T20:10:35","guid":{"rendered":"https:\/\/www.ivh9.si\/Ponudbe\/ciuha\/?post_type=product&#038;p=23229"},"modified":"2022-10-23T17:33:34","modified_gmt":"2022-10-23T17:33:34","slug":"help-a-beatles-tribute","status":"publish","type":"product","link":"https:\/\/www.orto-bar.com\/en\/dogodki\/arhiv\/help-a-beatles-tribute\/","title":{"rendered":"HELP! A Beatles Tribute"},"content":{"rendered":"<p>HELP! A Beatles Tribute je skupina, ki s svojim energi\u010dnim nastopom ter veliko preciznostjo izvaja glasbo iz vseh obdobij glasbenega repertoarja legendarnih The Beatles. HELP! ima za sabo ve\u010d kot 600 koncertov s festivalov, kulturnih ter \u0161portnih dvoran, ve\u010djih klubov, poslovnih zabav in kazinojev, ki so se v zadnjih devetih letih zgodili kar v 20 dr\u017eavah od \u0160vedske do Gr\u010dije, Nem\u010dije do Rusije in \u0161e Bahraina do \u0160panije. Nekaj najodmevnej\u0161ih: \u2022 Koncerti v legendarnem Cavern Clubu v \u010dasu festivala International Beatleweek 2015 v Liverpoolu, v Angliji. \u2022 Zasebna zabava (poleg skupin The Scorpions in Boney M) za ruskega industrialista in lastnika Brooklyn Nets, Mikhaila Prokhorova za njegov petdeseti rojstni dan v Moskvi. \u2022 Dva koncerta ob praznovanju petdesete obletnice snemanja celove\u010derca HELP! v Obertauernu, v Avstriji HELP! pokriva repertoar skupine The Beatles vse od njihovih za\u010detkov, pa vse do konca njihove kariere. U\u017eivali boste v skladbah \u201cHey Jude\u201d, \u201cYesterday\u201d, \u201cShe Loves You\u201d, \u201cHelp!\u201d, \u201cI Want To Hold Your Hand\u201d, \u201cLet It Be\u201d in \u0161e mnogih drugih hitih. HELP! A Beatles Tribute bodo s svojo energijo, pristnim izgledom in izvedbo skladb z avtenti\u010dnimi in\u0161trumenti ter zvokom, vseh za\u0161\u010ditnih znakov skupine The Beatles, v vas vzbudili ob\u010dutek, da ste dejansko na koncertu liverpoolske \u010detverice. Pridite na koncert skupine HELP! A Beatles Tribute in se prepustite glasbi, ki je za vedno spremenila svet!<\/p>\n<p><strong>Vstopnina 15 EUR<\/strong><\/p>","protected":false},"excerpt":{"rendered":"<p>HELP! A Beatles Tribute je skupina, ki s svojim energi\u010dnim nastopom ter veliko preciznostjo izvaja glasbo iz vseh obdobij glasbenega repertoarja legendarnih The Beatles. HELP! ima za sabo ve\u010d kot 600 koncertov s festivalov, kulturnih ter \u0161portnih dvoran, ve\u010djih klubov, poslovnih zabav in kazinojev, ki so se v zadnjih devetih letih zgodili kar v 20 [&hellip;]<\/p>","protected":false},"author":11,"featured_media":23230,"template":"","meta":{"_seopress_robots_primary_cat":"none","_seopress_titles_title":"","_seopress_titles_desc":"","_seopress_robots_index":""},"product_brand":[],"product_cat":[230],"product_tag":[222],"class_list":{"0":"post-23229","1":"product","2":"type-product","3":"status-publish","4":"has-post-thumbnail","6":"product_cat-arhiv","7":"product_tag-predprodaja","9":"entry","10":"has-media","12":"first","13":"instock","14":"virtual","15":"taxable","16":"product-type-simple","17":"has-product-nav","18":"col","19":"span_1_of_4","20":"owp-content-center","21":"item-entry","22":"owp-thumbs-layout-horizontal","23":"owp-btn-normal","24":"owp-tabs-layout-section","25":"has-no-thumbnails"},"publishpress_future_action":{"enabled":false,"date":"2026-05-14 14:04:47","action":"change-status","newStatus":"draft","terms":[],"taxonomy":"product_cat","extraData":[]},"publishpress_future_workflow_manual_trigger":{"enabledWorkflows":[]},"_links":{"self":[{"href":"https:\/\/www.orto-bar.com\/en\/wp-json\/wp\/v2\/product\/23229","targetHints":{"allow":["GET"]}}],"collection":[{"href":"https:\/\/www.orto-bar.com\/en\/wp-json\/wp\/v2\/product"}],"about":[{"href":"https:\/\/www.orto-bar.com\/en\/wp-json\/wp\/v2\/types\/product"}],"author":[{"embeddable":true,"href":"https:\/\/www.orto-bar.com\/en\/wp-json\/wp\/v2\/users\/11"}],"version-history":[{"count":0,"href":"https:\/\/www.orto-bar.com\/en\/wp-json\/wp\/v2\/product\/23229\/revisions"}],"wp:featuredmedia":[{"embeddable":true,"href":"https:\/\/www.orto-bar.com\/en\/wp-json\/wp\/v2\/media\/23230"}],"wp:attachment":[{"href":"https:\/\/www.orto-bar.com\/en\/wp-json\/wp\/v2\/media?parent=23229"}],"wp:term":[{"taxonomy":"product_brand","embeddable":true,"href":"https:\/\/www.orto-bar.com\/en\/wp-json\/wp\/v2\/product_brand?post=23229"},{"taxonomy":"product_cat","embeddable":true,"href":"https:\/\/www.orto-bar.com\/en\/wp-json\/wp\/v2\/product_cat?post=23229"},{"taxonomy":"product_tag","embeddable":true,"href":"https:\/\/www.orto-bar.com\/en\/wp-json\/wp\/v2\/product_tag?post=23229"}],"curies":[{"name":"wp","href":"https:\/\/api.w.org\/{rel}","templated":true}]}}