{"id":23281,"date":"2022-10-04T15:33:21","date_gmt":"2022-10-04T15:33:21","guid":{"rendered":"https:\/\/www.ivh9.si\/Ponudbe\/ciuha\/trgovina\/shop\/nekategorizirano\/orto-karaoke-copy\/"},"modified":"2022-11-15T11:42:32","modified_gmt":"2022-11-15T11:42:32","slug":"petkov-80s-zur","status":"publish","type":"product","link":"https:\/\/www.orto-bar.com\/en\/dogodki\/arhiv\/petkov-80s-zur\/","title":{"rendered":"Petkov 80s \u017dur"},"content":{"rendered":"<p>80s crew z 80s ve\u010derom, muska bo nostalgi\u010dna, plesal se bo, mel se bomo fajn<br \/>\nPred na\u0161im programom se bo v Hali Orto bara odvijal koncert, pri\u010dnemo ob 23:00.<br \/>\nVstopnina 4\u20ac (za obiskovalce predhodnega koncerta &#8211; prost vstop).<\/p>","protected":false},"excerpt":{"rendered":"<p>80s crew z 80s ve\u010derom, muska bo nostalgi\u010dna, plesal se bo, mel se bomo fajn Pred na\u0161im programom se bo v Hali Orto bara odvijal koncert, pri\u010dnemo ob 23:00. Vstopnina 4\u20ac (za obiskovalce predhodnega koncerta &#8211; prost vstop).<\/p>","protected":false},"author":11,"featured_media":23282,"template":"","meta":{"_seopress_robots_primary_cat":"none","_seopress_titles_title":"","_seopress_titles_desc":"","_seopress_robots_index":""},"product_brand":[],"product_cat":[230],"product_tag":[222],"class_list":{"0":"post-23281","1":"product","2":"type-product","3":"status-publish","4":"has-post-thumbnail","6":"product_cat-arhiv","7":"product_tag-predprodaja","9":"entry","10":"has-media","12":"first","13":"onbackorder","14":"virtual","15":"taxable","16":"product-type-simple","17":"has-product-nav","18":"col","19":"span_1_of_4","20":"owp-content-center","21":"item-entry","22":"owp-thumbs-layout-horizontal","23":"owp-btn-normal","24":"owp-tabs-layout-section","25":"has-no-thumbnails"},"publishpress_future_action":{"enabled":false,"date":"2026-05-14 14:09:34","action":"change-status","newStatus":"draft","terms":[],"taxonomy":"product_cat","extraData":[]},"publishpress_future_workflow_manual_trigger":{"enabledWorkflows":[]},"_links":{"self":[{"href":"https:\/\/www.orto-bar.com\/en\/wp-json\/wp\/v2\/product\/23281","targetHints":{"allow":["GET"]}}],"collection":[{"href":"https:\/\/www.orto-bar.com\/en\/wp-json\/wp\/v2\/product"}],"about":[{"href":"https:\/\/www.orto-bar.com\/en\/wp-json\/wp\/v2\/types\/product"}],"author":[{"embeddable":true,"href":"https:\/\/www.orto-bar.com\/en\/wp-json\/wp\/v2\/users\/11"}],"version-history":[{"count":0,"href":"https:\/\/www.orto-bar.com\/en\/wp-json\/wp\/v2\/product\/23281\/revisions"}],"wp:featuredmedia":[{"embeddable":true,"href":"https:\/\/www.orto-bar.com\/en\/wp-json\/wp\/v2\/media\/23282"}],"wp:attachment":[{"href":"https:\/\/www.orto-bar.com\/en\/wp-json\/wp\/v2\/media?parent=23281"}],"wp:term":[{"taxonomy":"product_brand","embeddable":true,"href":"https:\/\/www.orto-bar.com\/en\/wp-json\/wp\/v2\/product_brand?post=23281"},{"taxonomy":"product_cat","embeddable":true,"href":"https:\/\/www.orto-bar.com\/en\/wp-json\/wp\/v2\/product_cat?post=23281"},{"taxonomy":"product_tag","embeddable":true,"href":"https:\/\/www.orto-bar.com\/en\/wp-json\/wp\/v2\/product_tag?post=23281"}],"curies":[{"name":"wp","href":"https:\/\/api.w.org\/{rel}","templated":true}]}}