{"id":23630,"date":"2022-10-19T20:01:50","date_gmt":"2022-10-19T20:01:50","guid":{"rendered":"https:\/\/www.ivh9.si\/Ponudbe\/ciuha\/trgovina\/shop\/nekategorizirano\/help-a-beatles-tribute-copy\/"},"modified":"2022-11-15T11:42:25","modified_gmt":"2022-11-15T11:42:25","slug":"san-di-ego","status":"publish","type":"product","link":"https:\/\/www.orto-bar.com\/en\/dogodki\/arhiv\/san-di-ego\/","title":{"rendered":"San Di EGO"},"content":{"rendered":"<p><strong>San Di EGO<\/strong>\u00a0je slovenska rock zasedba, ki je nastala leta 2013. Pod okriljem zalo\u017ebe\u00a0<strong>Dallas Records\u00a0<\/strong>je do sedaj izdala 3 albume:\u00a0<strong>San Di Ego (2014), Doktor za Rock &#8216;n&#8217; Roll (2017)\u00a0<\/strong>in<strong>\u00a0Zdaj je \u010das (2020)<\/strong>. \u010clani skupine so predstavili zavidljivo \u0161tevilo singlov in videospotov, med katerimi so poleg avtorskih pesmi najve\u010d pozornosti pritegnili s priredbami \u00bb<strong>Stayin&#8217; Alive<\/strong>\u00ab skupine Bee Gees, \u00bb<strong>Touch Me<\/strong>\u00ab Samanthe Fox, \u00bb<strong>Julija<\/strong>\u00ab Aleksandra Me\u017eka, \u00bb<strong>Dancing Queen<\/strong>\u00ab skupine ABBA in \u00a0\u00bb<strong>Anita ni nikoli<\/strong>\u00ab skupine Halo. Z njimi so si pridobili veliko obo\u017eevalcev tako doma kot v tujini. Sodelovali in nastopali pa so tudi z zvene\u010dimi imeni, kot so\u00a0<strong>Samantha Fox, Aleksander Me\u017eek\u00a0<\/strong>ter\u00a0<strong>Tulijo Furlani\u010d<\/strong>.<\/p>\n<p>&nbsp;<\/p>\n<p>Fantje se lahko pohvalijo predvsem s svojimi nastopi. Za seboj imajo \u0161tevilne koncerte, s katerimi so zajeli vso Slovenijo. Nastopili so tudi na vseh ve\u010djih festivalih. Njihove koncerte odlikujejo atraktivnost, mo\u010dna energija, kvalitetna izvedba ter skrbno izbran repertoar, ki je zelo ob\u0161iren, saj poleg lastnih avtorskih skladb vsebuje tudi ve\u010dino najve\u010djih rock hitov predvsem iz sedemdesetih in osemdesetih let prej\u0161njega stoletja..<\/p>\n<p>&nbsp;<\/p>\n<p>&nbsp;<\/p>\n<p><strong>San Di EGO<\/strong> obljubljajo, da bodo tudi v prihodnje ostali zvesti rock glasbi, pristnosti in dobremu vzdu\u0161ju tako na odru kot pod njim.<\/p>\n<p>V letu 2023 bodo praznovali 10. letnico obstoja. Za to prilo\u017enost pripravljajo izid njihovega 4. albuma in praznovanje, kot se za rockerje spodobi!<\/p>\n<p><strong>Vstopnina 10\u20ac v predprodaji in 14\u20ac na dan dogodka<\/strong><\/p>","protected":false},"excerpt":{"rendered":"<p>San Di EGO\u00a0je slovenska rock zasedba, ki je nastala leta 2013. Pod okriljem zalo\u017ebe\u00a0Dallas Records\u00a0je do sedaj izdala 3 albume:\u00a0San Di Ego (2014), Doktor za Rock &#8216;n&#8217; Roll (2017)\u00a0in\u00a0Zdaj je \u010das (2020). \u010clani skupine so predstavili zavidljivo \u0161tevilo singlov in videospotov, med katerimi so poleg avtorskih pesmi najve\u010d pozornosti pritegnili s priredbami \u00bbStayin&#8217; Alive\u00ab skupine [&hellip;]<\/p>","protected":false},"author":11,"featured_media":23633,"template":"","meta":{"_seopress_robots_primary_cat":"none","_seopress_titles_title":"","_seopress_titles_desc":"","_seopress_robots_index":""},"product_brand":[],"product_cat":[230],"product_tag":[222],"class_list":{"0":"post-23630","1":"product","2":"type-product","3":"status-publish","4":"has-post-thumbnail","6":"product_cat-arhiv","7":"product_tag-predprodaja","9":"entry","10":"has-media","12":"first","13":"instock","14":"virtual","15":"taxable","16":"product-type-simple","17":"has-product-nav","18":"col","19":"span_1_of_4","20":"owp-content-center","21":"item-entry","22":"owp-thumbs-layout-horizontal","23":"owp-btn-normal","24":"owp-tabs-layout-section","25":"has-no-thumbnails"},"publishpress_future_action":{"enabled":false,"date":"2026-05-14 15:23:10","action":"change-status","newStatus":"draft","terms":[],"taxonomy":"product_cat","extraData":[]},"publishpress_future_workflow_manual_trigger":{"enabledWorkflows":[]},"_links":{"self":[{"href":"https:\/\/www.orto-bar.com\/en\/wp-json\/wp\/v2\/product\/23630","targetHints":{"allow":["GET"]}}],"collection":[{"href":"https:\/\/www.orto-bar.com\/en\/wp-json\/wp\/v2\/product"}],"about":[{"href":"https:\/\/www.orto-bar.com\/en\/wp-json\/wp\/v2\/types\/product"}],"author":[{"embeddable":true,"href":"https:\/\/www.orto-bar.com\/en\/wp-json\/wp\/v2\/users\/11"}],"version-history":[{"count":0,"href":"https:\/\/www.orto-bar.com\/en\/wp-json\/wp\/v2\/product\/23630\/revisions"}],"wp:featuredmedia":[{"embeddable":true,"href":"https:\/\/www.orto-bar.com\/en\/wp-json\/wp\/v2\/media\/23633"}],"wp:attachment":[{"href":"https:\/\/www.orto-bar.com\/en\/wp-json\/wp\/v2\/media?parent=23630"}],"wp:term":[{"taxonomy":"product_brand","embeddable":true,"href":"https:\/\/www.orto-bar.com\/en\/wp-json\/wp\/v2\/product_brand?post=23630"},{"taxonomy":"product_cat","embeddable":true,"href":"https:\/\/www.orto-bar.com\/en\/wp-json\/wp\/v2\/product_cat?post=23630"},{"taxonomy":"product_tag","embeddable":true,"href":"https:\/\/www.orto-bar.com\/en\/wp-json\/wp\/v2\/product_tag?post=23630"}],"curies":[{"name":"wp","href":"https:\/\/api.w.org\/{rel}","templated":true}]}}