{"id":23760,"date":"2022-10-20T12:19:05","date_gmt":"2022-10-20T12:19:05","guid":{"rendered":"https:\/\/www.ivh9.si\/Ponudbe\/ciuha\/?post_type=product&#038;p=23760"},"modified":"2022-11-03T21:40:22","modified_gmt":"2022-11-03T21:40:22","slug":"monolits-before-time","status":"publish","type":"product","link":"https:\/\/www.orto-bar.com\/en\/dogodki\/arhiv\/monolits-before-time\/","title":{"rendered":"Monolits, Before Time"},"content":{"rendered":"<p>&nbsp;<\/p>\n<p>MONOLITS so zasedba iz Ko\u010devja, ki je nase prvi\u010d opozorila s singlom &#8220;Roka v roki&#8221;. \u010clane skupine dru\u017ei dolgoletno prijateljstvo, saj vse prihajajo iz ribni\u0161ko-ko\u010devskega konca in so skupino ustanovili brez velikih na\u010drtov, bolj projektno. V \u010dasu od nastanka pa so po nekaj radijskih uspe\u0161nicah naredili korak naprej ter prvi\u010d stopili tudi na odre, od koder poti nazaj ve\u010d ni.<\/p>\n<p><a href=\"https:\/\/youtu.be\/3LG0nNoHu6Q\">https:\/\/youtu.be\/3LG0nNoHu6Q<\/a><\/p>\n<p>\u010clani skupine MONOLITS so:<br \/>\nNiko Pirker &#8211; vokal, kitare<br \/>\nMartin Lunder &#8211; kitare<br \/>\nMatej Tekav\u010di\u010d &#8211; bas<br \/>\nDorian Granda &#8211; bobni<\/p>\n<p>Oder bodo zanje ogreli <strong>BEFORE TIME.<\/strong><\/p>\n<p>Before Time je kamni\u0161ka indie rock\/pop zasedba, ki se posku\u0161a izogibati smernicam in ustvarjati predvsem produkte njihovih internih ob\u010dutji in for kot tudi preslikav iz okolice. Lovljenje sve\u017eega novega urbanega zvoka je njihov glavni cilj, kon\u010dni zvarek pa zveni kot smiselno nadaljevanje novega vala slovenskega indieja. Glasba je poslu\u0161ljiva, a posku\u0161a odstopati od novodobne pop norme in muh enodnevnic. Njihov najve\u010dji dose\u017eek je sigurno zmaga na \u0160pil ligi, kmalu pa bodo izdali prvisingle, ki bo napoved njihovega kratkometra\u017enega albuma<\/p>","protected":false},"excerpt":{"rendered":"<p>&nbsp; MONOLITS so zasedba iz Ko\u010devja, ki je nase prvi\u010d opozorila s singlom &#8220;Roka v roki&#8221;. \u010clane skupine dru\u017ei dolgoletno prijateljstvo, saj vse prihajajo iz ribni\u0161ko-ko\u010devskega konca in so skupino ustanovili brez velikih na\u010drtov, bolj projektno. V \u010dasu od nastanka pa so po nekaj radijskih uspe\u0161nicah naredili korak naprej ter prvi\u010d stopili tudi na odre, [&hellip;]<\/p>","protected":false},"author":11,"featured_media":23761,"template":"","meta":{"_seopress_robots_primary_cat":"none","_seopress_titles_title":"","_seopress_titles_desc":"","_seopress_robots_index":""},"product_brand":[],"product_cat":[230],"product_tag":[222],"class_list":{"0":"post-23760","1":"product","2":"type-product","3":"status-publish","4":"has-post-thumbnail","6":"product_cat-arhiv","7":"product_tag-predprodaja","9":"entry","10":"has-media","12":"first","13":"instock","14":"virtual","15":"taxable","16":"product-type-simple","17":"has-product-nav","18":"col","19":"span_1_of_4","20":"owp-content-center","21":"item-entry","22":"owp-thumbs-layout-horizontal","23":"owp-btn-normal","24":"owp-tabs-layout-section","25":"has-no-thumbnails"},"publishpress_future_action":{"enabled":false,"date":"2026-05-14 15:22:55","action":"change-status","newStatus":"draft","terms":[],"taxonomy":"product_cat","extraData":[]},"publishpress_future_workflow_manual_trigger":{"enabledWorkflows":[]},"_links":{"self":[{"href":"https:\/\/www.orto-bar.com\/en\/wp-json\/wp\/v2\/product\/23760","targetHints":{"allow":["GET"]}}],"collection":[{"href":"https:\/\/www.orto-bar.com\/en\/wp-json\/wp\/v2\/product"}],"about":[{"href":"https:\/\/www.orto-bar.com\/en\/wp-json\/wp\/v2\/types\/product"}],"author":[{"embeddable":true,"href":"https:\/\/www.orto-bar.com\/en\/wp-json\/wp\/v2\/users\/11"}],"version-history":[{"count":0,"href":"https:\/\/www.orto-bar.com\/en\/wp-json\/wp\/v2\/product\/23760\/revisions"}],"wp:featuredmedia":[{"embeddable":true,"href":"https:\/\/www.orto-bar.com\/en\/wp-json\/wp\/v2\/media\/23761"}],"wp:attachment":[{"href":"https:\/\/www.orto-bar.com\/en\/wp-json\/wp\/v2\/media?parent=23760"}],"wp:term":[{"taxonomy":"product_brand","embeddable":true,"href":"https:\/\/www.orto-bar.com\/en\/wp-json\/wp\/v2\/product_brand?post=23760"},{"taxonomy":"product_cat","embeddable":true,"href":"https:\/\/www.orto-bar.com\/en\/wp-json\/wp\/v2\/product_cat?post=23760"},{"taxonomy":"product_tag","embeddable":true,"href":"https:\/\/www.orto-bar.com\/en\/wp-json\/wp\/v2\/product_tag?post=23760"}],"curies":[{"name":"wp","href":"https:\/\/api.w.org\/{rel}","templated":true}]}}