{"id":23785,"date":"2022-10-20T18:32:08","date_gmt":"2022-10-20T18:32:08","guid":{"rendered":"https:\/\/www.ivh9.si\/Ponudbe\/ciuha\/?post_type=product&#038;p=23785"},"modified":"2022-11-23T08:24:00","modified_gmt":"2022-11-23T08:24:00","slug":"let-3-hr","status":"publish","type":"product","link":"https:\/\/www.orto-bar.com\/en\/dogodki\/arhiv\/let-3-hr\/","title":{"rendered":"Let 3 (HR)"},"content":{"rendered":"<div class=\"xdj266r x11i5rnm xat24cr x1mh8g0r x1vvkbs\">Rije\u010dke pi\u010dke se vra\u010dajo v Ljubljano.<\/div>\n<div class=\"x11i5rnm xat24cr x1mh8g0r x1vvkbs xtlvy1s\">Vstopnice so \u017ee na voljo preko povezave:\u00a0<a class=\"x1i10hfl xjbqb8w x6umtig x1b1mbwd xaqea5y xav7gou x9f619 x1ypdohk xt0psk2 xe8uvvx xdj266r x11i5rnm xat24cr x1mh8g0r xexx8yu x4uap5 x18d9i69 xkhd6sd x16tdsg8 x1hl2dhg xggy1nq x1a2a7pz xt0b8zv x1fey0fg\" tabindex=\"0\" role=\"link\" href=\"https:\/\/l.facebook.com\/l.php?u=https%3A%2F%2Fwww.mojekarte.si%2Fsi%2Fkoncert-let3%2Fvstopnice-1158575.html%3Ffbclid%3DIwAR1YtRMAURFMFKmYhFAcS8I31a48d2wD-0nz-3W0OIeygnffy1k-jhUGlu4&amp;h=AT3aI5v4gn26hnvjnVE0ZxsiSBUVBGgMpbWBIk73dJgNNnBYNsKwLZCVxhquMAAbchrw990le8TFOE8qKAwk-nm9J4Rly8BqJ9anAiJ2uwRZBJugu9O08zqlKfizDH8cTw&amp;__tn__=q&amp;c[0]=AT21m9pCJ2GCJVEvos1ZTzqaXXQXggkq5mbZZWTsPBzVLx-alNQwD_iU-K00cRU-CdQBTGIUhlDvqT7c1QX4nPAkDbVWL-FP2N_YjaJ2KulNiXQ38MPrHgpflcFe_OZV7olG7RL5jac942oWB3Jzip3TOzSFl0KVTwctlHv0hHtBeIfGr_Ln\" target=\"_blank\" rel=\"nofollow noopener\">https:\/\/www.mojekarte.si\/&#8230;\/konce&#8230;\/vstopnice-1158575.html<\/a><\/div>\n<div class=\"x11i5rnm xat24cr x1mh8g0r x1vvkbs xtlvy1s\">LET 3<br \/>\nLet3 je provokativna rock skupina iz Reke, prepoznavna predvsem po svojih vpadljivih in \u0161okantnih nastopih, za\u010dinjenih z goloto in vulgarnimi besedili. \u017de od svojih za\u010detkov, ki segajo v leto 1987 ima skupina status glasbenega fenomena, katerega edina stalnica je, da nikoli ne ve\u0161 kaj to\u010dno pri\u010dakovati od njih. Pravijo, da je eden izmed njihovih ciljev izzivanje kolektivnih \u010dustev, da \u017eelijo videti, kako se imajo posamezni narodi radi, kako se sovra\u017eijo, zgra\u017eajo in do\u017eivljajo razli\u010dnost.<\/div>\n<div class=\"x11i5rnm xat24cr x1mh8g0r x1vvkbs xtlvy1s\">Let 3 so definitivno edinstveni in zanimivi \u2013 tako po idejah, glasbi in energiji kot po njihovi te\u017enji po \u0161okiranju in provokaciji.<\/div>\n<div class=\"x11i5rnm xat24cr x1mh8g0r x1vvkbs xtlvy1s\">povezave<br \/>\n<a class=\"x1i10hfl xjbqb8w x6umtig x1b1mbwd xaqea5y xav7gou x9f619 x1ypdohk xt0psk2 xe8uvvx xdj266r x11i5rnm xat24cr x1mh8g0r xexx8yu x4uap5 x18d9i69 xkhd6sd x16tdsg8 x1hl2dhg xggy1nq x1a2a7pz xt0b8zv xzsf02u x1s688f\" tabindex=\"0\" role=\"link\" href=\"https:\/\/www.facebook.com\/LET3ri\/?__cft__[0]=AZWuI7kjQb5fWdBu8dkEJFLjSri3DqH7GZr_fpjBK2waekos5hRXqJViXb3NIq9U8grup-1n9XozjQkIGDfcnfkk8tvLU6E6bvI_q8QUUMZFvztTambT7S59z9cN2ya6EXm92PNYfx-rjC_eg1rRAZFxruzAZet_QrloKzEGgxe8yQ&amp;__tn__=q\">https:\/\/www.facebook.com\/LET3ri\/<\/a><\/div>\n<div class=\"x11i5rnm xat24cr x1mh8g0r x1vvkbs xtlvy1s\">youtube<br \/>\n<a class=\"x1i10hfl xjbqb8w x6umtig x1b1mbwd xaqea5y xav7gou x9f619 x1ypdohk xt0psk2 xe8uvvx xdj266r x11i5rnm xat24cr x1mh8g0r xexx8yu x4uap5 x18d9i69 xkhd6sd x16tdsg8 x1hl2dhg xggy1nq x1a2a7pz xt0b8zv x1fey0fg\" tabindex=\"0\" role=\"link\" href=\"https:\/\/www.youtube.com\/watch?v=VPXCWXsoY-0&amp;fbclid=IwAR1vvVbu4zrmA65aVhzvIf8Y6rzn6ypD9owW7ep-5H58WI4Q34Cb_gCMuQc\" target=\"_blank\" rel=\"nofollow noopener\">https:\/\/www.youtube.com\/watch?v=VPXCWXsoY-0<\/a><br \/>\n<a class=\"x1i10hfl xjbqb8w x6umtig x1b1mbwd xaqea5y xav7gou x9f619 x1ypdohk xt0psk2 xe8uvvx xdj266r x11i5rnm xat24cr x1mh8g0r xexx8yu x4uap5 x18d9i69 xkhd6sd x16tdsg8 x1hl2dhg xggy1nq x1a2a7pz xt0b8zv x1fey0fg\" tabindex=\"0\" role=\"link\" href=\"https:\/\/www.youtube.com\/watch?v=stZT7w6DpS0&amp;fbclid=IwAR0mBDN46eUOcWgHKc6g3PfwDyEjg_AodCvITM4vdWBad2iGQnCxO5c4360\" target=\"_blank\" rel=\"nofollow noopener\">https:\/\/www.youtube.com\/watch?v=stZT7w6DpS0<\/a><\/div>","protected":false},"excerpt":{"rendered":"<p>Rije\u010dke pi\u010dke se vra\u010dajo v Ljubljano. Vstopnice so \u017ee na voljo preko povezave:\u00a0https:\/\/www.mojekarte.si\/&#8230;\/konce&#8230;\/vstopnice-1158575.html LET 3 Let3 je provokativna rock skupina iz Reke, prepoznavna predvsem po svojih vpadljivih in \u0161okantnih nastopih, za\u010dinjenih z goloto in vulgarnimi besedili. \u017de od svojih za\u010detkov, ki segajo v leto 1987 ima skupina status glasbenega fenomena, katerega edina stalnica je, da [&hellip;]<\/p>","protected":false},"author":11,"featured_media":24556,"template":"","meta":{"_seopress_robots_primary_cat":"none","_seopress_titles_title":"","_seopress_titles_desc":"","_seopress_robots_index":""},"product_brand":[],"product_cat":[230],"product_tag":[222],"class_list":{"0":"post-23785","1":"product","2":"type-product","3":"status-publish","4":"has-post-thumbnail","6":"product_cat-arhiv","7":"product_tag-predprodaja","9":"entry","10":"has-media","12":"first","13":"onbackorder","14":"virtual","15":"taxable","16":"product-type-simple","17":"has-product-nav","18":"col","19":"span_1_of_4","20":"owp-content-center","21":"item-entry","22":"owp-thumbs-layout-horizontal","23":"owp-btn-normal","24":"owp-tabs-layout-section","25":"has-no-thumbnails"},"publishpress_future_action":{"enabled":false,"date":"2026-05-08 10:48:32","action":"change-status","newStatus":"draft","terms":[],"taxonomy":"product_cat","extraData":[]},"publishpress_future_workflow_manual_trigger":{"enabledWorkflows":[]},"_links":{"self":[{"href":"https:\/\/www.orto-bar.com\/en\/wp-json\/wp\/v2\/product\/23785","targetHints":{"allow":["GET"]}}],"collection":[{"href":"https:\/\/www.orto-bar.com\/en\/wp-json\/wp\/v2\/product"}],"about":[{"href":"https:\/\/www.orto-bar.com\/en\/wp-json\/wp\/v2\/types\/product"}],"author":[{"embeddable":true,"href":"https:\/\/www.orto-bar.com\/en\/wp-json\/wp\/v2\/users\/11"}],"version-history":[{"count":0,"href":"https:\/\/www.orto-bar.com\/en\/wp-json\/wp\/v2\/product\/23785\/revisions"}],"wp:featuredmedia":[{"embeddable":true,"href":"https:\/\/www.orto-bar.com\/en\/wp-json\/wp\/v2\/media\/24556"}],"wp:attachment":[{"href":"https:\/\/www.orto-bar.com\/en\/wp-json\/wp\/v2\/media?parent=23785"}],"wp:term":[{"taxonomy":"product_brand","embeddable":true,"href":"https:\/\/www.orto-bar.com\/en\/wp-json\/wp\/v2\/product_brand?post=23785"},{"taxonomy":"product_cat","embeddable":true,"href":"https:\/\/www.orto-bar.com\/en\/wp-json\/wp\/v2\/product_cat?post=23785"},{"taxonomy":"product_tag","embeddable":true,"href":"https:\/\/www.orto-bar.com\/en\/wp-json\/wp\/v2\/product_tag?post=23785"}],"curies":[{"name":"wp","href":"https:\/\/api.w.org\/{rel}","templated":true}]}}